{"id":447612,"date":"2025-02-25T02:17:29","date_gmt":"2025-02-25T01:17:29","guid":{"rendered":"https:\/\/www.pricetornado.com\/da\/produkt\/nedis-karc15wt-riskoger-500w-15-l-hvid\/"},"modified":"2026-04-21T06:30:11","modified_gmt":"2026-04-21T04:30:11","slug":"nedis-karc15wt-riskoger-500w-15-l-hvid","status":"publish","type":"product","link":"https:\/\/www.pricetornado.com\/da\/produkt\/nedis-karc15wt-riskoger-500w-15-l-hvid\/","title":{"rendered":"Nedis KARC15WT Riskoger 500W 1,5 L &#8211; hvid"},"content":{"rendered":"<p>K\u00f8b billig Nedis KARC15WT Riskoger 500W 1,5 L &#8211; hvid!<br \/>\nNedis riskogeren med en kapacitet p\u00e5 1,5 liter er et ideelt valg for dig, der vil lave perfekte ris nemt og effektivt. Det robuste metalkabinet sikrer lang holdbarhed, mens det h\u00e6rdede glasl\u00e5g giver dig mulighed for at holde \u00f8je med tilberedningen. Den indvendige non-stick-bel\u00e6gning af aluminiumslegering g\u00f8r reng\u00f8ringen let og forhindrer risene i at br\u00e6nde fast.Medf\u00f8lgende damperindsats g\u00f8r det muligt at tilberede ikke kun ris, men ogs\u00e5 gr\u00f8ntsager p\u00e5 en sund m\u00e5de, s\u00e5 farve, bid og vitaminer bevares. Dette g\u00f8r riskogeren alsidig og velegnet til flere retter.Riskogeren er let at anvende takket v\u00e6re en simpel betjeningsarm. Et indikatorlys viser, n\u00e5r apparatet er i brug. Med det medf\u00f8lgende m\u00e5leb\u00e6ger kan du dosere den rigtige m\u00e6ngde ris og vand, og skeen g\u00f8r serveringen enkel. N\u00e5r risene er f\u00e6rdige, skifter apparatet automatisk til varmeholdningsfunktion, s\u00e5 risene holdes varme til servering.For ekstra sikkerhed har riskogeren auto-sluk, der automatisk slukker for apparatet, n\u00e5r risene er f\u00e6rdigkogte \u2013 dette minimerer risikoen for overkogning og sparer energi. Skridsikre f\u00f8dder s\u00f8rger for, at maskinen st\u00e5r stabilt under brug.Med Nedis riskogeren f\u00e5r du et holdbart og brugervenligt k\u00f8kkenapparat, der sikrer veltilberedte ris og sunde, dampede gr\u00f8ntsager \u2013 hver gang.<\/p>\n<p>Sammenlign priser p\u00e5 Nedis KARC15WT Riskoger 500W 1,5 L &#8211; hvid og k\u00f8b online til den billigste pris, samt p\u00e5 tilbud!\u00a0\u00a0Tjek den bedste pris, produkt beskrivelse, video, test, anmeldelser osv.<\/p>\n<p><strong>Brand: <\/strong>Nedis<br \/>\n<strong>EAN: <\/strong>5412810318339<br \/>\n<strong>Producentens varenr.:<\/strong> 5412810318339<\/p>\n<p><strong>P.S.<\/strong><br \/>\nTilmeld dig til &#8220;Opret Gratis Prisfald Alarm&#8221;, og bliv underrettet med det samme om prisfald p\u00e5 Nedis KARC15WT Riskoger 500W 1,5 L &#8211; hvid, og f\u00e5 den billigste pris!<\/p>\n<p>&nbsp;<\/p>\n<p>&nbsp;<\/p>\n","protected":false},"excerpt":{"rendered":"<p>K\u00f8b billig Nedis KARC15WT Riskoger 500W 1,5 L &#8211; hvid! Nedis riskogeren med en kapacitet p\u00e5 1,5 liter er et ideelt valg for dig, der vil lave perfekte ris nemt og effektivt. Det robuste metalkabinet sikrer lang holdbarhed, mens det h\u00e6rdede glasl\u00e5g giver dig mulighed for at holde \u00f8je med tilberedningen. Den indvendige non-stick-bel\u00e6gning af [&hellip;]<\/p>\n","protected":false},"featured_media":999980000004476120,"template":"","meta":[],"store":[1272516],"product_brand":[1272517],"product_cat":[831418],"product_tag":[1272683,1275178],"class_list":{"0":"post-447612","1":"product","2":"type-product","3":"status-publish","4":"has-post-thumbnail","6":"store-butik24","7":"product_brand-nedis","8":"product_cat-koekkenudstyr","9":"product_tag-koekkenudstyr","10":"product_tag-nedis","11":"pa_maerke-nedis","13":"first","14":"instock","15":"product-type-external"},"_links":{"self":[{"href":"https:\/\/www.pricetornado.com\/da\/wp-json\/wp\/v2\/product\/447612","targetHints":{"allow":["GET"]}}],"collection":[{"href":"https:\/\/www.pricetornado.com\/da\/wp-json\/wp\/v2\/product"}],"about":[{"href":"https:\/\/www.pricetornado.com\/da\/wp-json\/wp\/v2\/types\/product"}],"wp:featuredmedia":[{"embeddable":true,"href":"https:\/\/www.pricetornado.com\/da\/wp-json\/"}],"wp:attachment":[{"href":"https:\/\/www.pricetornado.com\/da\/wp-json\/wp\/v2\/media?parent=447612"}],"wp:term":[{"taxonomy":"store","embeddable":true,"href":"https:\/\/www.pricetornado.com\/da\/wp-json\/wp\/v2\/store?post=447612"},{"taxonomy":"product_brand","embeddable":true,"href":"https:\/\/www.pricetornado.com\/da\/wp-json\/wp\/v2\/product_brand?post=447612"},{"taxonomy":"product_cat","embeddable":true,"href":"https:\/\/www.pricetornado.com\/da\/wp-json\/wp\/v2\/product_cat?post=447612"},{"taxonomy":"product_tag","embeddable":true,"href":"https:\/\/www.pricetornado.com\/da\/wp-json\/wp\/v2\/product_tag?post=447612"}],"curies":[{"name":"wp","href":"https:\/\/api.w.org\/{rel}","templated":true}]}}