{"id":447610,"date":"2025-02-26T07:35:10","date_gmt":"2025-02-26T06:35:10","guid":{"rendered":"https:\/\/www.pricetornado.com\/da\/produkt\/nedis-gmwd100bk-gaming-mus-ledningsforbundet-belyst-1600-dpi-6-knapper\/"},"modified":"2026-04-17T08:00:38","modified_gmt":"2026-04-17T06:00:38","slug":"nedis-gmwd100bk-gaming-mus-ledningsforbundet-belyst-1600-dpi-6-knapper","status":"publish","type":"product","link":"https:\/\/www.pricetornado.com\/da\/produkt\/nedis-gmwd100bk-gaming-mus-ledningsforbundet-belyst-1600-dpi-6-knapper\/","title":{"rendered":"Nedis GMWD100BK Gaming Mus Ledningsforbundet &#8211; Belyst &#8211; 1600 DPI &#8211; 6 knapper"},"content":{"rendered":"<p>K\u00f8b billig Nedis GMWD100BK Gaming Mus Ledningsforbundet &#8211; Belyst &#8211; 1600 DPI &#8211; 6 knapper!<br \/>\nG\u00e5 aldrig glip af et skud med denne belyste seksknappers gamingmus fra Nedis, designet til pr\u00e6cision og komfort under alle dine spilsessioner. Gamingmusen har en optisk opl\u00f8sning, der kan justeres mellem 800, 1200 og 1600 DPI, s\u00e5 du altid kan matche pr\u00e6cisionen til spillets krav \u2013 fra langsomme og n\u00f8jagtige bev\u00e6gelser til hurtige og dynamiske handlinger.Det smukke, ergonomiske design sikrer, at du kan spille komfortabelt i mange timer uden at g\u00e5 p\u00e5 kompromis med ydeevne eller holdbarhed. Med seks knapper f\u00e5r du alsidig kontrol og ekstra funktioner ved fingerspidserne, hvilket forbedrer din r\u00e6kkevidde i spillet. Det flettede kabel giver ikke kun et elegant udtryk, men \u00f8ger ogs\u00e5 produktets holdbarhed, og musen er bygget til at kunne klare mere end 3 millioner tastetryk.Baggrundsbelysningen med RGB-effekt skaber en stemningsfuld atmosf\u00e6re og fremh\u00e6ver musens elegante og slanke look, mens den sikre USB-tilslutning s\u00f8rger for stabil og problemfri forbindelse til din pc.Opgrader dit gaming-setup med denne p\u00e5lidelige, pr\u00e6cise og ergonomiske gamingmus fra Nedis. Se ogs\u00e5 vores udvalg af for mere tilbeh\u00f8r til din gamingoplevelse.<\/p>\n<p>Sammenlign priser p\u00e5 Nedis GMWD100BK Gaming Mus Ledningsforbundet &#8211; Belyst &#8211; 1600 DPI &#8211; 6 knapper og k\u00f8b online til den billigste pris, samt p\u00e5 tilbud!\u00a0\u00a0Tjek den bedste pris, produkt beskrivelse, video, test, anmeldelser osv.<\/p>\n<p><strong>Brand: <\/strong>Nedis<br \/>\n<strong>EAN: <\/strong>5412810270613<br \/>\n<strong>Producentens varenr.:<\/strong> 5412810270613<\/p>\n<p><strong>P.S.<\/strong><br \/>\nTilmeld dig til &#8220;Opret Gratis Prisfald Alarm&#8221;, og bliv underrettet med det samme om prisfald p\u00e5 Nedis GMWD100BK Gaming Mus Ledningsforbundet &#8211; Belyst &#8211; 1600 DPI &#8211; 6 knapper, og f\u00e5 den billigste pris!<\/p>\n<p>&nbsp;<\/p>\n<p>&nbsp;<\/p>\n","protected":false},"excerpt":{"rendered":"<p>K\u00f8b billig Nedis GMWD100BK Gaming Mus Ledningsforbundet &#8211; Belyst &#8211; 1600 DPI &#8211; 6 knapper! G\u00e5 aldrig glip af et skud med denne belyste seksknappers gamingmus fra Nedis, designet til pr\u00e6cision og komfort under alle dine spilsessioner. Gamingmusen har en optisk opl\u00f8sning, der kan justeres mellem 800, 1200 og 1600 DPI, s\u00e5 du altid kan [&hellip;]<\/p>\n","protected":false},"featured_media":999980000004476100,"template":"","meta":[],"store":[1272516],"product_brand":[1272517],"product_cat":[1272420],"product_tag":[1272994,1275178],"class_list":{"0":"post-447610","1":"product","2":"type-product","3":"status-publish","4":"has-post-thumbnail","6":"store-butik24","7":"product_brand-nedis","8":"product_cat-diverse-lyd","9":"product_tag-diverse-lyd","10":"product_tag-nedis","11":"pa_maerke-nedis","13":"first","14":"instock","15":"product-type-external"},"_links":{"self":[{"href":"https:\/\/www.pricetornado.com\/da\/wp-json\/wp\/v2\/product\/447610","targetHints":{"allow":["GET"]}}],"collection":[{"href":"https:\/\/www.pricetornado.com\/da\/wp-json\/wp\/v2\/product"}],"about":[{"href":"https:\/\/www.pricetornado.com\/da\/wp-json\/wp\/v2\/types\/product"}],"wp:featuredmedia":[{"embeddable":true,"href":"https:\/\/www.pricetornado.com\/da\/wp-json\/"}],"wp:attachment":[{"href":"https:\/\/www.pricetornado.com\/da\/wp-json\/wp\/v2\/media?parent=447610"}],"wp:term":[{"taxonomy":"store","embeddable":true,"href":"https:\/\/www.pricetornado.com\/da\/wp-json\/wp\/v2\/store?post=447610"},{"taxonomy":"product_brand","embeddable":true,"href":"https:\/\/www.pricetornado.com\/da\/wp-json\/wp\/v2\/product_brand?post=447610"},{"taxonomy":"product_cat","embeddable":true,"href":"https:\/\/www.pricetornado.com\/da\/wp-json\/wp\/v2\/product_cat?post=447610"},{"taxonomy":"product_tag","embeddable":true,"href":"https:\/\/www.pricetornado.com\/da\/wp-json\/wp\/v2\/product_tag?post=447610"}],"curies":[{"name":"wp","href":"https:\/\/api.w.org\/{rel}","templated":true}]}}