{"id":447605,"date":"2025-02-27T10:53:13","date_gmt":"2025-02-27T09:53:13","guid":{"rendered":"https:\/\/www.pricetornado.com\/da\/produkt\/philips-tar5005-10-dab-radio-lys-trae\/"},"modified":"2026-04-18T02:19:50","modified_gmt":"2026-04-18T00:19:50","slug":"philips-tar5005-10-dab-radio-lys-trae","status":"publish","type":"product","link":"https:\/\/www.pricetornado.com\/da\/produkt\/philips-tar5005-10-dab-radio-lys-trae\/","title":{"rendered":"Philips TAR5005\/10 DAB+ radio &#8211; Lys tr\u00e6"},"content":{"rendered":"<p>K\u00f8b billig Philips TAR5005\/10 DAB+ radio &#8211; Lys tr\u00e6!<br \/>\nPhilips TAR5005\/10 er en alsidig og stilren DAB+\/FM-radio, der passer ind i ethvert hjem med sit minimalistiske design. Kabinettet i lyst tr\u00e6 og den gr\u00e5 stofbekl\u00e6dte h\u00f8jttalerfront kombinerer moderne \u00e6stetik med holdbarhed og optimal akustik, hvilket skaber en varm atmosf\u00e6re i rummet.Radioen giver dig digital, automatisk indstilling med underst\u00f8ttelse af b\u00e5de DAB+ og FM samt op til 20 forudindstillede stationer for let adgang til dine yndlingskanaler. Den kompakte 2,5&quot; fuldtoneh\u00f8jttaler i mono sikrer klar lyd, ideel til alle rum i hjemmet. Det overskuelige LCD-display med sort glanspanel viser tydeligt b\u00e5de tid og stationer, s\u00e5 du nemt kan styre funktionerne.Philips TAR5005\/10 er udstyret med dobbelt alarmfunktion, s\u00e5 flere kan v\u00e5gne p\u00e5 forskellige tidspunkter. Den blide v\u00e6kkefunktion \u00f8ger lydstyrken gradvist og kan indstilles med b\u00e5de radio- og buzzer-alarm. Brug snooze-funktionen p\u00e5 9 minutter for lidt ekstra s\u00f8vn. En integreret sleep timer p\u00e5 15 til 120 minutter slukker automatisk radioen og sparer energi.Philips TAR5005\/10 DAB+ radio forener funktionalitet og design i en kompakt udformning, perfekt til daglig brug og til g\u00e6ster, der overnatter. Se flere kvalitetsprodukter fra hos Butik24.<\/p>\n<p>Sammenlign priser p\u00e5 Philips TAR5005\/10 DAB+ radio &#8211; Lys tr\u00e6 og k\u00f8b online til den billigste pris, samt p\u00e5 tilbud!\u00a0\u00a0Tjek den bedste pris, produkt beskrivelse, video, test, anmeldelser osv.<\/p>\n<p><strong>Brand: <\/strong>Philips<br \/>\n<strong>EAN: <\/strong>4895229108219<br \/>\n<strong>Producentens varenr.:<\/strong> 4895229108219<\/p>\n<p><strong>P.S.<\/strong><br \/>\nTilmeld dig til &#8220;Opret Gratis Prisfald Alarm&#8221;, og bliv underrettet med det samme om prisfald p\u00e5 Philips TAR5005\/10 DAB+ radio &#8211; Lys tr\u00e6, og f\u00e5 den billigste pris!<\/p>\n<p>&nbsp;<\/p>\n<p>&nbsp;<\/p>\n","protected":false},"excerpt":{"rendered":"<p>K\u00f8b billig Philips TAR5005\/10 DAB+ radio &#8211; Lys tr\u00e6! Philips TAR5005\/10 er en alsidig og stilren DAB+\/FM-radio, der passer ind i ethvert hjem med sit minimalistiske design. Kabinettet i lyst tr\u00e6 og den gr\u00e5 stofbekl\u00e6dte h\u00f8jttalerfront kombinerer moderne \u00e6stetik med holdbarhed og optimal akustik, hvilket skaber en varm atmosf\u00e6re i rummet.Radioen giver dig digital, automatisk [&hellip;]<\/p>\n","protected":false},"featured_media":999980000004476050,"template":"","meta":[],"store":[1272516],"product_brand":[1272519],"product_cat":[1272439],"product_tag":[1275180,1272694],"class_list":{"0":"post-447605","1":"product","2":"type-product","3":"status-publish","4":"has-post-thumbnail","6":"store-butik24","7":"product_brand-philips","8":"product_cat-radio-2","9":"product_tag-philips","10":"product_tag-radio","11":"pa_maerke-philips","13":"first","14":"instock","15":"product-type-external"},"_links":{"self":[{"href":"https:\/\/www.pricetornado.com\/da\/wp-json\/wp\/v2\/product\/447605","targetHints":{"allow":["GET"]}}],"collection":[{"href":"https:\/\/www.pricetornado.com\/da\/wp-json\/wp\/v2\/product"}],"about":[{"href":"https:\/\/www.pricetornado.com\/da\/wp-json\/wp\/v2\/types\/product"}],"wp:featuredmedia":[{"embeddable":true,"href":"https:\/\/www.pricetornado.com\/da\/wp-json\/"}],"wp:attachment":[{"href":"https:\/\/www.pricetornado.com\/da\/wp-json\/wp\/v2\/media?parent=447605"}],"wp:term":[{"taxonomy":"store","embeddable":true,"href":"https:\/\/www.pricetornado.com\/da\/wp-json\/wp\/v2\/store?post=447605"},{"taxonomy":"product_brand","embeddable":true,"href":"https:\/\/www.pricetornado.com\/da\/wp-json\/wp\/v2\/product_brand?post=447605"},{"taxonomy":"product_cat","embeddable":true,"href":"https:\/\/www.pricetornado.com\/da\/wp-json\/wp\/v2\/product_cat?post=447605"},{"taxonomy":"product_tag","embeddable":true,"href":"https:\/\/www.pricetornado.com\/da\/wp-json\/wp\/v2\/product_tag?post=447605"}],"curies":[{"name":"wp","href":"https:\/\/api.w.org\/{rel}","templated":true}]}}