{"id":447603,"date":"2025-02-22T22:36:42","date_gmt":"2025-02-22T21:36:42","guid":{"rendered":"https:\/\/www.pricetornado.com\/da\/produkt\/philips-avent-scy900-01-natural-response-sutteflaske-125ml-flow-2-sut-0-maaneder\/"},"modified":"2026-04-30T14:00:31","modified_gmt":"2026-04-30T12:00:31","slug":"philips-avent-scy900-01-natural-response-sutteflaske-125ml-flow-2-sut-0-maaneder","status":"publish","type":"product","link":"https:\/\/www.pricetornado.com\/da\/produkt\/philips-avent-scy900-01-natural-response-sutteflaske-125ml-flow-2-sut-0-maaneder\/","title":{"rendered":"Philips Avent SCY900\/01 Natural Response sutteflaske 125ml Flow 2 sut +0 m\u00e5neder"},"content":{"rendered":"<p>K\u00f8b billig Philips Avent SCY900\/01 Natural Response sutteflaske 125ml Flow 2 sut +0 m\u00e5neder!<br \/>\nPhilips Avent Natural Response sutteflaske 125 ml med flow 2 er designet til at underst\u00f8tte babyens individuelle drikkerytme. Natural Response-sutten frigiver kun m\u00e6lk, n\u00e5r babyen drikker aktivt, hvilket g\u00f8r det muligt for dit barn at drikke, synke og \u00e5nde i en naturlig rytme \u2013 pr\u00e6cis som ved brystet. Dette g\u00f8r overgangen og kombinationen mellem amning og flaskeern\u00e6ring nemmere og mere tryg.Den brystformede, brede sut af bl\u00f8d silikone tilbyder et naturligt greb for babyen og minder om f\u00f8lelsen ved moderens bryst. Kombinationen af ergonomisk design og en bred flaskehals g\u00f8r Philips Avent flasken let at holde \u2013 ogs\u00e5 for sm\u00e5 h\u00e6nder \u2013 og nem at fylde samt reng\u00f8re.Den drypfrie sut forhindrer spild og tab af m\u00e6lk, mens det anbefales at have t\u00e5lmodighed, da babyen kan skulle bruge lidt tid p\u00e5 at tilpasse sig den nye sutteflaske. Natural Response-serien er udviklet for at st\u00f8tte barnets naturlige drikkevaner samtidig med, at b\u00e5de komfort og sikkerhed prioriteres h\u00f8jt.<\/p>\n<p>Sammenlign priser p\u00e5 Philips Avent SCY900\/01 Natural Response sutteflaske 125ml Flow 2 sut +0 m\u00e5neder og k\u00f8b online til den billigste pris, samt p\u00e5 tilbud!\u00a0\u00a0Tjek den bedste pris, produkt beskrivelse, video, test, anmeldelser osv.<\/p>\n<p><strong>Brand: <\/strong>Philips<br \/>\n<strong>EAN: <\/strong>8710103989615<br \/>\n<strong>Producentens varenr.:<\/strong> 8710103989615<\/p>\n<p><strong>P.S.<\/strong><br \/>\nTilmeld dig til &#8220;Opret Gratis Prisfald Alarm&#8221;, og bliv underrettet med det samme om prisfald p\u00e5 Philips Avent SCY900\/01 Natural Response sutteflaske 125ml Flow 2 sut +0 m\u00e5neder, og f\u00e5 den billigste pris!<\/p>\n<p>&nbsp;<\/p>\n<p>&nbsp;<\/p>\n","protected":false},"excerpt":{"rendered":"<p>K\u00f8b billig Philips Avent SCY900\/01 Natural Response sutteflaske 125ml Flow 2 sut +0 m\u00e5neder! Philips Avent Natural Response sutteflaske 125 ml med flow 2 er designet til at underst\u00f8tte babyens individuelle drikkerytme. Natural Response-sutten frigiver kun m\u00e6lk, n\u00e5r babyen drikker aktivt, hvilket g\u00f8r det muligt for dit barn at drikke, synke og \u00e5nde i en [&hellip;]<\/p>\n","protected":false},"featured_media":999980000004476030,"template":"","meta":[],"store":[1272516],"product_brand":[1272519],"product_cat":[1272414,1272413],"product_tag":[1272709,1272706,1275180],"class_list":{"0":"post-447603","1":"product","2":"type-product","3":"status-publish","4":"has-post-thumbnail","6":"store-butik24","7":"product_brand-philips","8":"product_cat-baby-personlig-pleje","9":"product_cat-personlig-pleje","10":"product_tag-baby","11":"product_tag-personlig-pleje","12":"product_tag-philips","13":"pa_maerke-philips","15":"first","16":"instock","17":"product-type-external"},"_links":{"self":[{"href":"https:\/\/www.pricetornado.com\/da\/wp-json\/wp\/v2\/product\/447603","targetHints":{"allow":["GET"]}}],"collection":[{"href":"https:\/\/www.pricetornado.com\/da\/wp-json\/wp\/v2\/product"}],"about":[{"href":"https:\/\/www.pricetornado.com\/da\/wp-json\/wp\/v2\/types\/product"}],"wp:featuredmedia":[{"embeddable":true,"href":"https:\/\/www.pricetornado.com\/da\/wp-json\/"}],"wp:attachment":[{"href":"https:\/\/www.pricetornado.com\/da\/wp-json\/wp\/v2\/media?parent=447603"}],"wp:term":[{"taxonomy":"store","embeddable":true,"href":"https:\/\/www.pricetornado.com\/da\/wp-json\/wp\/v2\/store?post=447603"},{"taxonomy":"product_brand","embeddable":true,"href":"https:\/\/www.pricetornado.com\/da\/wp-json\/wp\/v2\/product_brand?post=447603"},{"taxonomy":"product_cat","embeddable":true,"href":"https:\/\/www.pricetornado.com\/da\/wp-json\/wp\/v2\/product_cat?post=447603"},{"taxonomy":"product_tag","embeddable":true,"href":"https:\/\/www.pricetornado.com\/da\/wp-json\/wp\/v2\/product_tag?post=447603"}],"curies":[{"name":"wp","href":"https:\/\/api.w.org\/{rel}","templated":true}]}}