{"id":447602,"date":"2025-02-23T11:22:31","date_gmt":"2025-02-23T10:22:31","guid":{"rendered":"https:\/\/www.pricetornado.com\/da\/produkt\/philips-hr1856-70-viva-collection-juicer\/"},"modified":"2026-04-17T02:29:55","modified_gmt":"2026-04-17T00:29:55","slug":"philips-hr1856-70-viva-collection-juicer","status":"publish","type":"product","link":"https:\/\/www.pricetornado.com\/da\/produkt\/philips-hr1856-70-viva-collection-juicer\/","title":{"rendered":"Philips HR1856\/70 Viva Collection Juicer"},"content":{"rendered":"<p>K\u00f8b billig Philips HR1856\/70 Viva Collection Juicer!<br \/>\nPhilips Viva Collection juicer giver dig maksimalt juiceudbytte med minimalt besv\u00e6r. Takket v\u00e6re den kraftige 800 W motor presser maskinen effektivt saft ud af b\u00e5de h\u00e5rde frugter og gr\u00f8nne bladgr\u00f8ntsager. Med den rummelige 2 liters sk\u00e5l og en juicekande p\u00e5 800 ml kan du lave op til 2 liter frisk, hjemmelavet juice p\u00e5 \u00e9n gang \u2013 perfekt til hele familien.Den innovative QuickClean-teknologi g\u00f8r reng\u00f8ringen ekstra nem. Alle dele kan tages af og vaskes i opvaskemaskinen, og en speciel skylningsfunktion fjerner u\u00f8nskede fibre p\u00e5 under \u00e9t minut. De glatte overflader og den gennemsigtige frugtk\u00f8dsbeholder p\u00e5 1,2 liter hj\u00e6lper dig med nemt at holde \u00f8je med fyldningsgraden og g\u00f8r det enkelt at t\u00f8mme beholderen.Juicerens design sikrer, at alle ingredienser udnyttes optimalt for mere saft og mindre spild. Alt frugtk\u00f8d opsamles \u00e9t sted, s\u00e5 det let kan bortskaffes. De slidst\u00e6rke plastdele er nemme at reng\u00f8re og t\u00e5ler opvaskemaskine, hvilket g\u00f8r vedligeholdelsen utrolig enkel.G\u00f8r hver dag lidt mere frisk med Philips Viva Collection juiceren, som kombinerer effektivitet, sikkerhed og brugervenlighed \u2013 ideel til dig, der \u00f8nsker nem adgang til sund juice hjemme. her hos Butik24.<\/p>\n<p>Sammenlign priser p\u00e5 Philips HR1856\/70 Viva Collection Juicer og k\u00f8b online til den billigste pris, samt p\u00e5 tilbud!\u00a0\u00a0Tjek den bedste pris, produkt beskrivelse, video, test, anmeldelser osv.<\/p>\n<p><strong>Brand: <\/strong>Philips<br \/>\n<strong>EAN: <\/strong>8710103892014<br \/>\n<strong>Producentens varenr.:<\/strong> 8710103892014<\/p>\n<p><strong>P.S.<\/strong><br \/>\nTilmeld dig til &#8220;Opret Gratis Prisfald Alarm&#8221;, og bliv underrettet med det samme om prisfald p\u00e5 Philips HR1856\/70 Viva Collection Juicer, og f\u00e5 den billigste pris!<\/p>\n<p>&nbsp;<\/p>\n<p>&nbsp;<\/p>\n","protected":false},"excerpt":{"rendered":"<p>K\u00f8b billig Philips HR1856\/70 Viva Collection Juicer! Philips Viva Collection juicer giver dig maksimalt juiceudbytte med minimalt besv\u00e6r. Takket v\u00e6re den kraftige 800 W motor presser maskinen effektivt saft ud af b\u00e5de h\u00e5rde frugter og gr\u00f8nne bladgr\u00f8ntsager. Med den rummelige 2 liters sk\u00e5l og en juicekande p\u00e5 800 ml kan du lave op til 2 [&hellip;]<\/p>\n","protected":false},"featured_media":999980000004476020,"template":"","meta":[],"store":[1272516],"product_brand":[1272519],"product_cat":[831418],"product_tag":[1272683,1275180],"class_list":{"0":"post-447602","1":"product","2":"type-product","3":"status-publish","4":"has-post-thumbnail","6":"store-butik24","7":"product_brand-philips","8":"product_cat-koekkenudstyr","9":"product_tag-koekkenudstyr","10":"product_tag-philips","11":"pa_maerke-philips","13":"first","14":"instock","15":"product-type-external"},"_links":{"self":[{"href":"https:\/\/www.pricetornado.com\/da\/wp-json\/wp\/v2\/product\/447602","targetHints":{"allow":["GET"]}}],"collection":[{"href":"https:\/\/www.pricetornado.com\/da\/wp-json\/wp\/v2\/product"}],"about":[{"href":"https:\/\/www.pricetornado.com\/da\/wp-json\/wp\/v2\/types\/product"}],"wp:featuredmedia":[{"embeddable":true,"href":"https:\/\/www.pricetornado.com\/da\/wp-json\/"}],"wp:attachment":[{"href":"https:\/\/www.pricetornado.com\/da\/wp-json\/wp\/v2\/media?parent=447602"}],"wp:term":[{"taxonomy":"store","embeddable":true,"href":"https:\/\/www.pricetornado.com\/da\/wp-json\/wp\/v2\/store?post=447602"},{"taxonomy":"product_brand","embeddable":true,"href":"https:\/\/www.pricetornado.com\/da\/wp-json\/wp\/v2\/product_brand?post=447602"},{"taxonomy":"product_cat","embeddable":true,"href":"https:\/\/www.pricetornado.com\/da\/wp-json\/wp\/v2\/product_cat?post=447602"},{"taxonomy":"product_tag","embeddable":true,"href":"https:\/\/www.pricetornado.com\/da\/wp-json\/wp\/v2\/product_tag?post=447602"}],"curies":[{"name":"wp","href":"https:\/\/api.w.org\/{rel}","templated":true}]}}