{"id":447596,"date":"2025-02-27T08:38:45","date_gmt":"2025-02-27T07:38:45","guid":{"rendered":"https:\/\/www.pricetornado.com\/da\/produkt\/nedis-wifids10wt-smart-roegalarm-wi-fi\/"},"modified":"2026-04-17T06:40:01","modified_gmt":"2026-04-17T04:40:01","slug":"nedis-wifids10wt-smart-roegalarm-wi-fi","status":"publish","type":"product","link":"https:\/\/www.pricetornado.com\/da\/produkt\/nedis-wifids10wt-smart-roegalarm-wi-fi\/","title":{"rendered":"Nedis WIFIDS10WT Smart R\u00f8galarm &#8211; Wi-Fi"},"content":{"rendered":"<p>K\u00f8b billig Nedis WIFIDS10WT Smart R\u00f8galarm &#8211; Wi-Fi!<br \/>\nOplev fuld tryghed med Nedis SmartLife Wi-Fi-r\u00f8galarm, der effektivt beskytter dit hjem ved at opdage b\u00e5de r\u00f8g og hurtige temperaturstigninger. Denne smarte r\u00f8galarm forbindes nemt til dit eksisterende Wi-Fi-netv\u00e6rk \u2013 helt uden behov for hub \u2013 og sender \u00f8jeblikkelige advarsler direkte til din telefon, uanset hvor du befinder dig. Produktet er fremstillet i let plastik, hvilket g\u00f8r installationen enkel og ubesv\u00e6ret.Styr alarmen nemt via den brugervenlige SmartLife-app, hvor du kan modtage advarsler og overv\u00e5ge sikkerheden \u2013 ogs\u00e5 n\u00e5r du ikke er hjemme. Integr\u00e9r r\u00f8galarmen med resten af dit smarte hjem og brug Amazon Alexa eller Google Home til stemmestyring. Uanset om du vil automatisere hele hjemmet eller blot sikre et enkelt rum, f\u00e5r du fleksibilitet og komfort i hverdagen.Oplev friheden ved at opgradere dit hjem med flere SmartLife-enheder s\u00e5som p\u00e6rer, kontakter, fatninger, sensorer og kameraer \u2013 alt sammen samlet i \u00e9n intuitiv app. Med Nedis SmartLife Wi-Fi-r\u00f8galarm f\u00e5r du en fremtidssikker l\u00f8sning, der g\u00f8r intelligent hjemmeteknologi tilg\u00e6ngelig og let for alle.<\/p>\n<p>Sammenlign priser p\u00e5 Nedis WIFIDS10WT Smart R\u00f8galarm &#8211; Wi-Fi og k\u00f8b online til den billigste pris, samt p\u00e5 tilbud!\u00a0\u00a0Tjek den bedste pris, produkt beskrivelse, video, test, anmeldelser osv.<\/p>\n<p><strong>Brand: <\/strong>Nedis<br \/>\n<strong>EAN: <\/strong>5412810303755<br \/>\n<strong>Producentens varenr.:<\/strong> 5412810303755<\/p>\n<p><strong>P.S.<\/strong><br \/>\nTilmeld dig til &#8220;Opret Gratis Prisfald Alarm&#8221;, og bliv underrettet med det samme om prisfald p\u00e5 Nedis WIFIDS10WT Smart R\u00f8galarm &#8211; Wi-Fi, og f\u00e5 den billigste pris!<\/p>\n<p>&nbsp;<\/p>\n<p>&nbsp;<\/p>\n","protected":false},"excerpt":{"rendered":"<p>K\u00f8b billig Nedis WIFIDS10WT Smart R\u00f8galarm &#8211; Wi-Fi! Oplev fuld tryghed med Nedis SmartLife Wi-Fi-r\u00f8galarm, der effektivt beskytter dit hjem ved at opdage b\u00e5de r\u00f8g og hurtige temperaturstigninger. Denne smarte r\u00f8galarm forbindes nemt til dit eksisterende Wi-Fi-netv\u00e6rk \u2013 helt uden behov for hub \u2013 og sender \u00f8jeblikkelige advarsler direkte til din telefon, uanset hvor du [&hellip;]<\/p>\n","protected":false},"featured_media":999980000004475960,"template":"","meta":[],"store":[1272516],"product_brand":[1272517],"product_cat":[1272461],"product_tag":[1272817,1275178],"class_list":{"0":"post-447596","1":"product","2":"type-product","3":"status-publish","4":"has-post-thumbnail","6":"store-butik24","7":"product_brand-nedis","8":"product_cat-hjemmet","9":"product_tag-hjemmet","10":"product_tag-nedis","11":"pa_maerke-nedis","13":"first","14":"instock","15":"product-type-external"},"_links":{"self":[{"href":"https:\/\/www.pricetornado.com\/da\/wp-json\/wp\/v2\/product\/447596","targetHints":{"allow":["GET"]}}],"collection":[{"href":"https:\/\/www.pricetornado.com\/da\/wp-json\/wp\/v2\/product"}],"about":[{"href":"https:\/\/www.pricetornado.com\/da\/wp-json\/wp\/v2\/types\/product"}],"wp:featuredmedia":[{"embeddable":true,"href":"https:\/\/www.pricetornado.com\/da\/wp-json\/"}],"wp:attachment":[{"href":"https:\/\/www.pricetornado.com\/da\/wp-json\/wp\/v2\/media?parent=447596"}],"wp:term":[{"taxonomy":"store","embeddable":true,"href":"https:\/\/www.pricetornado.com\/da\/wp-json\/wp\/v2\/store?post=447596"},{"taxonomy":"product_brand","embeddable":true,"href":"https:\/\/www.pricetornado.com\/da\/wp-json\/wp\/v2\/product_brand?post=447596"},{"taxonomy":"product_cat","embeddable":true,"href":"https:\/\/www.pricetornado.com\/da\/wp-json\/wp\/v2\/product_cat?post=447596"},{"taxonomy":"product_tag","embeddable":true,"href":"https:\/\/www.pricetornado.com\/da\/wp-json\/wp\/v2\/product_tag?post=447596"}],"curies":[{"name":"wp","href":"https:\/\/api.w.org\/{rel}","templated":true}]}}