{"id":447594,"date":"2025-02-20T15:06:42","date_gmt":"2025-02-20T14:06:42","guid":{"rendered":"https:\/\/www.pricetornado.com\/da\/produkt\/nedis-kagr130sr-kompakt-grill-2200-w-aluminium\/"},"modified":"2026-04-20T10:40:38","modified_gmt":"2026-04-20T08:40:38","slug":"nedis-kagr130sr-kompakt-grill-2200-w-aluminium","status":"publish","type":"product","link":"https:\/\/www.pricetornado.com\/da\/produkt\/nedis-kagr130sr-kompakt-grill-2200-w-aluminium\/","title":{"rendered":"Nedis KAGR130SR Kompakt Grill 2200 W &#8211; Aluminium"},"content":{"rendered":"<p>K\u00f8b billig Nedis KAGR130SR Kompakt Grill 2200 W &#8211; Aluminium!<br \/>\nMed Nedis\u2019 kompakte grill f\u00e5r du et pladsbesparende og let apparat med robust aluminiumskonstruktion. Grillens rist m\u00e5ler 29 x 24 cm, hvilket g\u00f8r den ideel til hurtig og nem tilberedning af mad direkte p\u00e5 k\u00f8kkenbordet, uden at fylde for meget.Den lette, kompakte grill er nem at placere og flytte rundt p\u00e5 i hjemmet. \u00c5bningen p\u00e5 op til 180\u00b0 giver ekstra fleksibilitet og g\u00f8r grillen velegnet til b\u00e5de enkelt- og dobbeltsidet tilberedning. Drypbakken sikrer desuden en hurtig og hygiejnisk oprydning efter brug.Oplev effektiv madlavning med denne kompakte aluminium grill fra Nedis. Perfekt til dig, der \u00f8nsker en praktisk l\u00f8sning til hurtige m\u00e5ltider i hverdagen. Se flere brugervenlige l\u00f8sninger fra .<\/p>\n<p>Sammenlign priser p\u00e5 Nedis KAGR130SR Kompakt Grill 2200 W &#8211; Aluminium og k\u00f8b online til den billigste pris, samt p\u00e5 tilbud!\u00a0\u00a0Tjek den bedste pris, produkt beskrivelse, video, test, anmeldelser osv.<\/p>\n<p><strong>Brand: <\/strong>Nedis<br \/>\n<strong>EAN: <\/strong>5412810315345<br \/>\n<strong>Producentens varenr.:<\/strong> 5412810315345<\/p>\n<p><strong>P.S.<\/strong><br \/>\nTilmeld dig til &#8220;Opret Gratis Prisfald Alarm&#8221;, og bliv underrettet med det samme om prisfald p\u00e5 Nedis KAGR130SR Kompakt Grill 2200 W &#8211; Aluminium, og f\u00e5 den billigste pris!<\/p>\n<p>&nbsp;<\/p>\n<p>&nbsp;<\/p>\n","protected":false},"excerpt":{"rendered":"<p>K\u00f8b billig Nedis KAGR130SR Kompakt Grill 2200 W &#8211; Aluminium! Med Nedis\u2019 kompakte grill f\u00e5r du et pladsbesparende og let apparat med robust aluminiumskonstruktion. Grillens rist m\u00e5ler 29 x 24 cm, hvilket g\u00f8r den ideel til hurtig og nem tilberedning af mad direkte p\u00e5 k\u00f8kkenbordet, uden at fylde for meget.Den lette, kompakte grill er nem [&hellip;]<\/p>\n","protected":false},"featured_media":999980000004475940,"template":"","meta":[],"store":[1272516],"product_brand":[1272517],"product_cat":[831418],"product_tag":[1272683,1275178],"class_list":{"0":"post-447594","1":"product","2":"type-product","3":"status-publish","4":"has-post-thumbnail","6":"store-butik24","7":"product_brand-nedis","8":"product_cat-koekkenudstyr","9":"product_tag-koekkenudstyr","10":"product_tag-nedis","11":"pa_maerke-nedis","13":"first","14":"instock","15":"product-type-external"},"_links":{"self":[{"href":"https:\/\/www.pricetornado.com\/da\/wp-json\/wp\/v2\/product\/447594","targetHints":{"allow":["GET"]}}],"collection":[{"href":"https:\/\/www.pricetornado.com\/da\/wp-json\/wp\/v2\/product"}],"about":[{"href":"https:\/\/www.pricetornado.com\/da\/wp-json\/wp\/v2\/types\/product"}],"wp:featuredmedia":[{"embeddable":true,"href":"https:\/\/www.pricetornado.com\/da\/wp-json\/"}],"wp:attachment":[{"href":"https:\/\/www.pricetornado.com\/da\/wp-json\/wp\/v2\/media?parent=447594"}],"wp:term":[{"taxonomy":"store","embeddable":true,"href":"https:\/\/www.pricetornado.com\/da\/wp-json\/wp\/v2\/store?post=447594"},{"taxonomy":"product_brand","embeddable":true,"href":"https:\/\/www.pricetornado.com\/da\/wp-json\/wp\/v2\/product_brand?post=447594"},{"taxonomy":"product_cat","embeddable":true,"href":"https:\/\/www.pricetornado.com\/da\/wp-json\/wp\/v2\/product_cat?post=447594"},{"taxonomy":"product_tag","embeddable":true,"href":"https:\/\/www.pricetornado.com\/da\/wp-json\/wp\/v2\/product_tag?post=447594"}],"curies":[{"name":"wp","href":"https:\/\/api.w.org\/{rel}","templated":true}]}}