{"id":447589,"date":"2025-02-27T11:15:52","date_gmt":"2025-02-27T10:15:52","guid":{"rendered":"https:\/\/www.pricetornado.com\/da\/produkt\/philips-hd2581-10-broedrister-moerkegraa\/"},"modified":"2026-04-17T03:20:14","modified_gmt":"2026-04-17T01:20:14","slug":"philips-hd2581-10-broedrister-moerkegraa","status":"publish","type":"product","link":"https:\/\/www.pricetornado.com\/da\/produkt\/philips-hd2581-10-broedrister-moerkegraa\/","title":{"rendered":"Philips HD2581\/10 Br\u00f8drister &#8211; M\u00f8rkegr\u00e5"},"content":{"rendered":"<p>K\u00f8b billig Philips HD2581\/10 Br\u00f8drister &#8211; M\u00f8rkegr\u00e5!<br \/>\nOplev perfekt ristet br\u00f8d hver morgen med Philips HD2581\/10 br\u00f8dristeren. Denne kompakte model tilbyder 8 justerbare risteindstillinger, s\u00e5 du kan tilpasse ristningsgraden pr\u00e6cis efter din smag og de forskellige typer br\u00f8d. De to store, selvcentrerende br\u00f8dholdere sikrer, at b\u00e5de sm\u00e5 og store br\u00f8dskiver ristes j\u00e6vnt ved at placere br\u00f8det optimalt.Philips HD2581\/10 br\u00f8dristeren har en cool-touch overflade for at \u00f8ge sikkerheden under brug. Den er udstyret med automatisk slukning, som beskytter mod overophedning eller kortslutning. Br\u00f8dristerens kompakte m\u00e5l (15,6 cm i h\u00f8jden, 27,5 cm i bredden og 18 cm i dybden) g\u00f8r den ideel til selv sm\u00e5 k\u00f8kkener.V\u00e6lg Philips HD2581\/10 for p\u00e5lidelig, brugervenlig og sikker morgenristning hver dag. Se flere produkter fra hos Butik24.<\/p>\n<p>Sammenlign priser p\u00e5 Philips HD2581\/10 Br\u00f8drister &#8211; M\u00f8rkegr\u00e5 og k\u00f8b online til den billigste pris, samt p\u00e5 tilbud!\u00a0\u00a0Tjek den bedste pris, produkt beskrivelse, video, test, anmeldelser osv.<\/p>\n<p><strong>Brand: <\/strong>Philips<br \/>\n<strong>EAN: <\/strong>8720389007019<br \/>\n<strong>Producentens varenr.:<\/strong> 8720389007019<\/p>\n<p><strong>P.S.<\/strong><br \/>\nTilmeld dig til &#8220;Opret Gratis Prisfald Alarm&#8221;, og bliv underrettet med det samme om prisfald p\u00e5 Philips HD2581\/10 Br\u00f8drister &#8211; M\u00f8rkegr\u00e5, og f\u00e5 den billigste pris!<\/p>\n<p>&nbsp;<\/p>\n<p>&nbsp;<\/p>\n","protected":false},"excerpt":{"rendered":"<p>K\u00f8b billig Philips HD2581\/10 Br\u00f8drister &#8211; M\u00f8rkegr\u00e5! Oplev perfekt ristet br\u00f8d hver morgen med Philips HD2581\/10 br\u00f8dristeren. Denne kompakte model tilbyder 8 justerbare risteindstillinger, s\u00e5 du kan tilpasse ristningsgraden pr\u00e6cis efter din smag og de forskellige typer br\u00f8d. De to store, selvcentrerende br\u00f8dholdere sikrer, at b\u00e5de sm\u00e5 og store br\u00f8dskiver ristes j\u00e6vnt ved at placere [&hellip;]<\/p>\n","protected":false},"featured_media":999980000004475890,"template":"","meta":[],"store":[1272516],"product_brand":[1272519],"product_cat":[831418],"product_tag":[1272683,1275180],"class_list":{"0":"post-447589","1":"product","2":"type-product","3":"status-publish","4":"has-post-thumbnail","6":"store-butik24","7":"product_brand-philips","8":"product_cat-koekkenudstyr","9":"product_tag-koekkenudstyr","10":"product_tag-philips","11":"pa_maerke-philips","13":"first","14":"instock","15":"product-type-external"},"_links":{"self":[{"href":"https:\/\/www.pricetornado.com\/da\/wp-json\/wp\/v2\/product\/447589","targetHints":{"allow":["GET"]}}],"collection":[{"href":"https:\/\/www.pricetornado.com\/da\/wp-json\/wp\/v2\/product"}],"about":[{"href":"https:\/\/www.pricetornado.com\/da\/wp-json\/wp\/v2\/types\/product"}],"wp:featuredmedia":[{"embeddable":true,"href":"https:\/\/www.pricetornado.com\/da\/wp-json\/"}],"wp:attachment":[{"href":"https:\/\/www.pricetornado.com\/da\/wp-json\/wp\/v2\/media?parent=447589"}],"wp:term":[{"taxonomy":"store","embeddable":true,"href":"https:\/\/www.pricetornado.com\/da\/wp-json\/wp\/v2\/store?post=447589"},{"taxonomy":"product_brand","embeddable":true,"href":"https:\/\/www.pricetornado.com\/da\/wp-json\/wp\/v2\/product_brand?post=447589"},{"taxonomy":"product_cat","embeddable":true,"href":"https:\/\/www.pricetornado.com\/da\/wp-json\/wp\/v2\/product_cat?post=447589"},{"taxonomy":"product_tag","embeddable":true,"href":"https:\/\/www.pricetornado.com\/da\/wp-json\/wp\/v2\/product_tag?post=447589"}],"curies":[{"name":"wp","href":"https:\/\/api.w.org\/{rel}","templated":true}]}}