{"id":447585,"date":"2025-02-24T07:16:37","date_gmt":"2025-02-24T06:16:37","guid":{"rendered":"https:\/\/www.pricetornado.com\/da\/produkt\/gense-old-farmer-classic-steakbestik-grillbestik-12-dele-trae-staal\/"},"modified":"2026-04-17T02:30:01","modified_gmt":"2026-04-17T00:30:01","slug":"gense-old-farmer-classic-steakbestik-grillbestik-12-dele-trae-staal","status":"publish","type":"product","link":"https:\/\/www.pricetornado.com\/da\/produkt\/gense-old-farmer-classic-steakbestik-grillbestik-12-dele-trae-staal\/","title":{"rendered":"Gense Old farmer classic Steakbestik\/grillbestik 12 dele Tr\u00e6\/St\u00e5l"},"content":{"rendered":"<p>K\u00f8b billig Gense Old farmer classic Steakbestik\/grillbestik 12 dele Tr\u00e6\/St\u00e5l!<br \/>\nGense Old Farmer Classic er et smukt og rustikt steak- og grillbestik, der forener tidl\u00f8st dansk design med holdbare materialer. Bestikket er formgivet af den danske billedhugger og industrielle designer Bent Severin, som var kendt for sin perfektionisme og store indflydelse i den kreative verden. Det elegante bestik henvender sig b\u00e5de til designentusiaster og dem, der s\u00e6tter pris p\u00e5 praktisk anvendelighed.Knivene og gaflerne er fremstillet af h\u00f8jglanspoleret rustfrit st\u00e5l, der sikrer korrosionsbestandighed, holdbarhed og hygiejne. Skaftene er lavet af robust \u00e6deltr\u00e6slaminat, som giver et ergonomisk og komfortabelt greb. Med lange h\u00e5ndtag (22 cm p\u00e5 knive og 19,7 cm p\u00e5 gafler) f\u00e5r du stabilitet ved udsk\u00e6ring af grillede eller stegte k\u00f8dstykker.For at bevare de smukke tr\u00e6h\u00e5ndtag anbefales h\u00e5ndopvask, da det sk\u00e5ner materialet og sikrer lang levetid. Bestikket leveres i en elegant tr\u00e6\u00e6ske, der g\u00f8r det let at opbevare og transportere \u2013 perfekt til b\u00e5de hjemmebrug og havefester.Old Farmer Classic er specielt designet til grillmad og st\u00f8rre k\u00f8dudsk\u00e6ringer. De kraftige knive og gafler er ideelle til steaks og andre st\u00f8rre k\u00f8dstykker, mens det rustikke, klassiske udtryk fuldender bordd\u00e6kningen ved enhver grillmiddag., hvor design og kvalitet g\u00e5r h\u00e5nd i h\u00e5nd til dine grillmiddage. G\u00f8r din bordd\u00e6kning komplet med Old Farmer Classic steakbestik.<\/p>\n<p>Sammenlign priser p\u00e5 Gense Old farmer classic Steakbestik\/grillbestik 12 dele Tr\u00e6\/St\u00e5l og k\u00f8b online til den billigste pris, samt p\u00e5 tilbud!\u00a0\u00a0Tjek den bedste pris, produkt beskrivelse, video, test, anmeldelser osv.<\/p>\n<p><strong>Brand: <\/strong>Gense<br \/>\n<strong>EAN: <\/strong>7319017048923<br \/>\n<strong>Producentens varenr.:<\/strong> 7319017048923<\/p>\n<p><strong>P.S.<\/strong><br \/>\nTilmeld dig til &#8220;Opret Gratis Prisfald Alarm&#8221;, og bliv underrettet med det samme om prisfald p\u00e5 Gense Old farmer classic Steakbestik\/grillbestik 12 dele Tr\u00e6\/St\u00e5l, og f\u00e5 den billigste pris!<\/p>\n<p>&nbsp;<\/p>\n<p>&nbsp;<\/p>\n","protected":false},"excerpt":{"rendered":"<p>K\u00f8b billig Gense Old farmer classic Steakbestik\/grillbestik 12 dele Tr\u00e6\/St\u00e5l! Gense Old Farmer Classic er et smukt og rustikt steak- og grillbestik, der forener tidl\u00f8st dansk design med holdbare materialer. Bestikket er formgivet af den danske billedhugger og industrielle designer Bent Severin, som var kendt for sin perfektionisme og store indflydelse i den kreative verden. [&hellip;]<\/p>\n","protected":false},"featured_media":999980000004475850,"template":"","meta":[],"store":[1272516],"product_brand":[1272532],"product_cat":[1272410],"product_tag":[1275181,1272681],"class_list":{"0":"post-447585","1":"product","2":"type-product","3":"status-publish","4":"has-post-thumbnail","6":"store-butik24","7":"product_brand-gense","8":"product_cat-koekkengrej","9":"product_tag-gense","10":"product_tag-koekkengrej","11":"pa_maerke-gense","13":"first","14":"instock","15":"product-type-external"},"_links":{"self":[{"href":"https:\/\/www.pricetornado.com\/da\/wp-json\/wp\/v2\/product\/447585","targetHints":{"allow":["GET"]}}],"collection":[{"href":"https:\/\/www.pricetornado.com\/da\/wp-json\/wp\/v2\/product"}],"about":[{"href":"https:\/\/www.pricetornado.com\/da\/wp-json\/wp\/v2\/types\/product"}],"wp:featuredmedia":[{"embeddable":true,"href":"https:\/\/www.pricetornado.com\/da\/wp-json\/"}],"wp:attachment":[{"href":"https:\/\/www.pricetornado.com\/da\/wp-json\/wp\/v2\/media?parent=447585"}],"wp:term":[{"taxonomy":"store","embeddable":true,"href":"https:\/\/www.pricetornado.com\/da\/wp-json\/wp\/v2\/store?post=447585"},{"taxonomy":"product_brand","embeddable":true,"href":"https:\/\/www.pricetornado.com\/da\/wp-json\/wp\/v2\/product_brand?post=447585"},{"taxonomy":"product_cat","embeddable":true,"href":"https:\/\/www.pricetornado.com\/da\/wp-json\/wp\/v2\/product_cat?post=447585"},{"taxonomy":"product_tag","embeddable":true,"href":"https:\/\/www.pricetornado.com\/da\/wp-json\/wp\/v2\/product_tag?post=447585"}],"curies":[{"name":"wp","href":"https:\/\/api.w.org\/{rel}","templated":true}]}}