{"id":447584,"date":"2025-02-24T09:53:37","date_gmt":"2025-02-24T08:53:37","guid":{"rendered":"https:\/\/www.pricetornado.com\/da\/produkt\/philips-led-classic-spiral-filament-25w-standard-e27-guld-daempbar-1-pak\/"},"modified":"2026-04-17T08:50:13","modified_gmt":"2026-04-17T06:50:13","slug":"philips-led-classic-spiral-filament-25w-standard-e27-guld-daempbar-1-pak","status":"publish","type":"product","link":"https:\/\/www.pricetornado.com\/da\/produkt\/philips-led-classic-spiral-filament-25w-standard-e27-guld-daempbar-1-pak\/","title":{"rendered":"PHILIPS LED Classic Spiral Filament 25W standard E27, guld d\u00e6mpbar 1 pak"},"content":{"rendered":"<p>K\u00f8b billig PHILIPS LED Classic Spiral Filament 25W standard E27, guld d\u00e6mpbar 1 pak!<br \/>\nDenne Philips LED p\u00e6re udsender et smukt, s\u00e6rligt varmt lys med flammefarvet farvetemperatur, hvilket g\u00f8r den ideel til at skabe en hyggelig og indbydende atmosf\u00e6re i hjemmet. P\u00e6ren passer perfekt til omr\u00e5der som stue og sovev\u00e6relse, hvor behagelig belysning \u00f8nskes.P\u00e6ren er lavet af holdbare materialer s\u00e5som robust plast eller glas samt metalbase, som sikrer b\u00e5de lang levetid og driftssikkerhed. Dette betyder f\u00e6rre udskiftninger og \u00f8get sikkerhed mod elektriske farer og skader.Med LED teknologien bidrager p\u00e6ren straks m\u00e6rkbart til energibesparelser sammenlignet med traditionelle gl\u00f8dep\u00e6rer. Den bruger mindre str\u00f8m og hj\u00e6lper med at reducere dine energiomkostninger uden at g\u00e5 p\u00e5 kompromis med lyskvaliteten. og find belysning, der matcher dit hjem og dine behov.<\/p>\n<p>Sammenlign priser p\u00e5 PHILIPS LED Classic Spiral Filament 25W standard E27, guld d\u00e6mpbar 1 pak og k\u00f8b online til den billigste pris, samt p\u00e5 tilbud!\u00a0\u00a0Tjek den bedste pris, produkt beskrivelse, video, test, anmeldelser osv.<\/p>\n<p><strong>Brand: <\/strong>Philips<br \/>\n<strong>EAN: <\/strong>8719514315433<br \/>\n<strong>Producentens varenr.:<\/strong> 8719514315433<\/p>\n<p><strong>P.S.<\/strong><br \/>\nTilmeld dig til &#8220;Opret Gratis Prisfald Alarm&#8221;, og bliv underrettet med det samme om prisfald p\u00e5 PHILIPS LED Classic Spiral Filament 25W standard E27, guld d\u00e6mpbar 1 pak, og f\u00e5 den billigste pris!<\/p>\n<p>&nbsp;<\/p>\n<p>&nbsp;<\/p>\n","protected":false},"excerpt":{"rendered":"<p>K\u00f8b billig PHILIPS LED Classic Spiral Filament 25W standard E27, guld d\u00e6mpbar 1 pak! Denne Philips LED p\u00e6re udsender et smukt, s\u00e6rligt varmt lys med flammefarvet farvetemperatur, hvilket g\u00f8r den ideel til at skabe en hyggelig og indbydende atmosf\u00e6re i hjemmet. P\u00e6ren passer perfekt til omr\u00e5der som stue og sovev\u00e6relse, hvor behagelig belysning \u00f8nskes.P\u00e6ren er [&hellip;]<\/p>\n","protected":false},"featured_media":999980000004475840,"template":"","meta":[],"store":[1272516],"product_brand":[1272519],"product_cat":[1272407],"product_tag":[1272697,1275180],"class_list":{"0":"post-447584","1":"product","2":"type-product","3":"status-publish","4":"has-post-thumbnail","6":"store-butik24","7":"product_brand-philips","8":"product_cat-belysning-2","9":"product_tag-belysning","10":"product_tag-philips","11":"pa_maerke-philips","13":"first","14":"instock","15":"product-type-external"},"_links":{"self":[{"href":"https:\/\/www.pricetornado.com\/da\/wp-json\/wp\/v2\/product\/447584","targetHints":{"allow":["GET"]}}],"collection":[{"href":"https:\/\/www.pricetornado.com\/da\/wp-json\/wp\/v2\/product"}],"about":[{"href":"https:\/\/www.pricetornado.com\/da\/wp-json\/wp\/v2\/types\/product"}],"wp:featuredmedia":[{"embeddable":true,"href":"https:\/\/www.pricetornado.com\/da\/wp-json\/"}],"wp:attachment":[{"href":"https:\/\/www.pricetornado.com\/da\/wp-json\/wp\/v2\/media?parent=447584"}],"wp:term":[{"taxonomy":"store","embeddable":true,"href":"https:\/\/www.pricetornado.com\/da\/wp-json\/wp\/v2\/store?post=447584"},{"taxonomy":"product_brand","embeddable":true,"href":"https:\/\/www.pricetornado.com\/da\/wp-json\/wp\/v2\/product_brand?post=447584"},{"taxonomy":"product_cat","embeddable":true,"href":"https:\/\/www.pricetornado.com\/da\/wp-json\/wp\/v2\/product_cat?post=447584"},{"taxonomy":"product_tag","embeddable":true,"href":"https:\/\/www.pricetornado.com\/da\/wp-json\/wp\/v2\/product_tag?post=447584"}],"curies":[{"name":"wp","href":"https:\/\/api.w.org\/{rel}","templated":true}]}}