{"id":447578,"date":"2025-02-23T12:54:53","date_gmt":"2025-02-23T11:54:53","guid":{"rendered":"https:\/\/www.pricetornado.com\/da\/produkt\/philips-hue-milliskin-round-indbygningsspot-med-lysdaemperkontakt-white-ambiance-hvid\/"},"modified":"2026-04-25T05:00:27","modified_gmt":"2026-04-25T03:00:27","slug":"philips-hue-milliskin-round-indbygningsspot-med-lysdaemperkontakt-white-ambiance-hvid","status":"publish","type":"product","link":"https:\/\/www.pricetornado.com\/da\/produkt\/philips-hue-milliskin-round-indbygningsspot-med-lysdaemperkontakt-white-ambiance-hvid\/","title":{"rendered":"Philips Hue Milliskin Round Indbygningsspot med lysd\u00e6mperkontakt, White ambiance, Hvid"},"content":{"rendered":"<p>K\u00f8b billig Philips Hue Milliskin Round Indbygningsspot med lysd\u00e6mperkontakt, White ambiance, Hvid!<br \/>\nPhilips Hue Milliskin indbygningsspot leverer stemningsskabende hvidt lys, der kan tilpasses fra varm, gylden nuance (2200 kelvin) til k\u00f8ligt dagslys (6500 kelvin) takket v\u00e6re White Ambiance-teknologi. Du kan nemt regulere lysstyrken og farvetemperaturen med den medf\u00f8lgende lysd\u00e6mperkontakt eller via Philips Hue appen p\u00e5 din smartphone eller tablet. Lysreguleringen g\u00f8r det muligt at simulere solopgang, hvor farve og lysstyrke \u00f8ges gradvist, hvilket kan hj\u00e6lpe dig med at v\u00e5gne mere naturligt om morgenen.Spottet kan tr\u00e5dl\u00f8st styres via en Hue bro og WiFi, s\u00e5 du har fuld kontrol over belysningen uanset hvor du er. Denne funktionalitet kan bidrage til at \u00f8ge sikkerheden i hjemmet ved at simulere tilstedev\u00e6relse, selv n\u00e5r du er ude at rejse. Det integrerede LED-modul har en lang levetid p\u00e5 25.000\u201335.000 timer og sikrer energieffektiv belysning med minimalt vedligeholdelsesbehov.Milliskin spotten er fremstillet af holdbare materialer som metal og syntetiske komponenter, der er varmebestandige og sikrer lang driftstid. Med IP20-klassificering er den velegnet til indend\u00f8rs brug.Integreret LED med 25.000\u201335.000 timers levetidV\u00e6lg Philips Hue Milliskin Round indbygningsspot for fleksibel og intelligent belysning, der nemt kan tilpasses dine behov og rutiner. Se det fulde udvalg af hos Butik24 og g\u00f8r dit hjem endnu smartere.<\/p>\n<p>Sammenlign priser p\u00e5 Philips Hue Milliskin Round Indbygningsspot med lysd\u00e6mperkontakt, White ambiance, Hvid og k\u00f8b online til den billigste pris, samt p\u00e5 tilbud!\u00a0\u00a0Tjek den bedste pris, produkt beskrivelse, video, test, anmeldelser osv.<\/p>\n<p><strong>Brand: <\/strong>Philips Hue<br \/>\n<strong>EAN: <\/strong>8718696161074<br \/>\n<strong>Producentens varenr.:<\/strong> 8718696161074<\/p>\n<p><strong>P.S.<\/strong><br \/>\nTilmeld dig til &#8220;Opret Gratis Prisfald Alarm&#8221;, og bliv underrettet med det samme om prisfald p\u00e5 Philips Hue Milliskin Round Indbygningsspot med lysd\u00e6mperkontakt, White ambiance, Hvid, og f\u00e5 den billigste pris!<\/p>\n<p>&nbsp;<\/p>\n<p>&nbsp;<\/p>\n","protected":false},"excerpt":{"rendered":"<p>K\u00f8b billig Philips Hue Milliskin Round Indbygningsspot med lysd\u00e6mperkontakt, White ambiance, Hvid! Philips Hue Milliskin indbygningsspot leverer stemningsskabende hvidt lys, der kan tilpasses fra varm, gylden nuance (2200 kelvin) til k\u00f8ligt dagslys (6500 kelvin) takket v\u00e6re White Ambiance-teknologi. Du kan nemt regulere lysstyrken og farvetemperaturen med den medf\u00f8lgende lysd\u00e6mperkontakt eller via Philips Hue appen p\u00e5 [&hellip;]<\/p>\n","protected":false},"featured_media":999980000004475780,"template":"","meta":[],"store":[1272516],"product_brand":[1272523],"product_cat":[1272422],"product_tag":[1272767],"class_list":{"0":"post-447578","1":"product","2":"type-product","3":"status-publish","4":"has-post-thumbnail","6":"store-butik24","7":"product_brand-philips-hue","8":"product_cat-philips-hue","9":"product_tag-philips-hue","10":"pa_maerke-philips-hue","12":"first","13":"instock","14":"product-type-external"},"_links":{"self":[{"href":"https:\/\/www.pricetornado.com\/da\/wp-json\/wp\/v2\/product\/447578","targetHints":{"allow":["GET"]}}],"collection":[{"href":"https:\/\/www.pricetornado.com\/da\/wp-json\/wp\/v2\/product"}],"about":[{"href":"https:\/\/www.pricetornado.com\/da\/wp-json\/wp\/v2\/types\/product"}],"wp:featuredmedia":[{"embeddable":true,"href":"https:\/\/www.pricetornado.com\/da\/wp-json\/"}],"wp:attachment":[{"href":"https:\/\/www.pricetornado.com\/da\/wp-json\/wp\/v2\/media?parent=447578"}],"wp:term":[{"taxonomy":"store","embeddable":true,"href":"https:\/\/www.pricetornado.com\/da\/wp-json\/wp\/v2\/store?post=447578"},{"taxonomy":"product_brand","embeddable":true,"href":"https:\/\/www.pricetornado.com\/da\/wp-json\/wp\/v2\/product_brand?post=447578"},{"taxonomy":"product_cat","embeddable":true,"href":"https:\/\/www.pricetornado.com\/da\/wp-json\/wp\/v2\/product_cat?post=447578"},{"taxonomy":"product_tag","embeddable":true,"href":"https:\/\/www.pricetornado.com\/da\/wp-json\/wp\/v2\/product_tag?post=447578"}],"curies":[{"name":"wp","href":"https:\/\/api.w.org\/{rel}","templated":true}]}}