{"id":447577,"date":"2025-02-21T04:51:49","date_gmt":"2025-02-21T03:51:49","guid":{"rendered":"https:\/\/www.pricetornado.com\/da\/produkt\/philips-cr2-01b-minicelle-batteri-1-stk\/"},"modified":"2026-04-21T08:20:36","modified_gmt":"2026-04-21T06:20:36","slug":"philips-cr2-01b-minicelle-batteri-1-stk","status":"publish","type":"product","link":"https:\/\/www.pricetornado.com\/da\/produkt\/philips-cr2-01b-minicelle-batteri-1-stk\/","title":{"rendered":"Philips CR2\/01B Minicelle Batteri 1-stk"},"content":{"rendered":"<p>K\u00f8b billig Philips CR2\/01B Minicelle Batteri 1-stk!<br \/>\nN\u00e5r du skal bruge det bedste til dit kamera, er Philips CR2 lithiumbatteri det oplagte valg. Batteriet er ideelt til kameraer og andre pr\u00e6cisionsenheder, hvor stabil og langtidsholdbar str\u00f8m er afg\u00f8rende for funktionaliteten.Philips CR2 lithiumbatteriet leverer en sp\u00e6nding p\u00e5 3,0 V og har en kapacitet p\u00e5 op til 900 mAh. Det kan bruges som erstatning for b\u00e5de CR2 og DLCR2 batterier, hvilket g\u00f8r det nemt at finde kompatible enheder.Takket v\u00e6re avanceret lithiumteknologi har batteriet en opbevaringstid p\u00e5 op til 5 \u00e5r. Det sikrer, at batteriet bevarer sin kraft, selv n\u00e5r det ligger ubrugt. Den stabile ydeevne holder under forskellige temperaturforhold, s\u00e5 du kan stole p\u00e5 p\u00e5lidelig str\u00f8m uanset milj\u00f8et.Batteriet er fremstillet uden skadelige tungmetaller som cadmium (Cd), kviks\u00f8lv (Hg) og bly (Pb), hvilket g\u00f8r det mere sikkert for b\u00e5de dig og milj\u00f8et. Emballagen best\u00e5r af karton og PET, som er valgt med fokus p\u00e5 ansvarlighed.V\u00e6lg Philips CR2 lithiumbatteri for en sikker, stabil og langvarig str\u00f8ml\u00f8sning til dit kamera og elektroniske enheder. Find hele vores sortiment af produkter og opgrader din str\u00f8mforsyning i dag.<\/p>\n<p>Sammenlign priser p\u00e5 Philips CR2\/01B Minicelle Batteri 1-stk og k\u00f8b online til den billigste pris, samt p\u00e5 tilbud!\u00a0\u00a0Tjek den bedste pris, produkt beskrivelse, video, test, anmeldelser osv.<\/p>\n<p><strong>Brand: <\/strong>Philips<br \/>\n<strong>EAN: <\/strong>4895229106147<br \/>\n<strong>Producentens varenr.:<\/strong> 4895229106147<\/p>\n<p><strong>P.S.<\/strong><br \/>\nTilmeld dig til &#8220;Opret Gratis Prisfald Alarm&#8221;, og bliv underrettet med det samme om prisfald p\u00e5 Philips CR2\/01B Minicelle Batteri 1-stk, og f\u00e5 den billigste pris!<\/p>\n<p>&nbsp;<\/p>\n<p>&nbsp;<\/p>\n","protected":false},"excerpt":{"rendered":"<p>K\u00f8b billig Philips CR2\/01B Minicelle Batteri 1-stk! N\u00e5r du skal bruge det bedste til dit kamera, er Philips CR2 lithiumbatteri det oplagte valg. Batteriet er ideelt til kameraer og andre pr\u00e6cisionsenheder, hvor stabil og langtidsholdbar str\u00f8m er afg\u00f8rende for funktionaliteten.Philips CR2 lithiumbatteriet leverer en sp\u00e6nding p\u00e5 3,0 V og har en kapacitet p\u00e5 op til [&hellip;]<\/p>\n","protected":false},"featured_media":999980000004475770,"template":"","meta":[],"store":[1272516],"product_brand":[1272519],"product_cat":[1272435],"product_tag":[1272701,1275180],"class_list":{"0":"post-447577","1":"product","2":"type-product","3":"status-publish","4":"has-post-thumbnail","6":"store-butik24","7":"product_brand-philips","8":"product_cat-batteri","9":"product_tag-batteri","10":"product_tag-philips","11":"pa_maerke-philips","13":"first","14":"instock","15":"product-type-external"},"_links":{"self":[{"href":"https:\/\/www.pricetornado.com\/da\/wp-json\/wp\/v2\/product\/447577","targetHints":{"allow":["GET"]}}],"collection":[{"href":"https:\/\/www.pricetornado.com\/da\/wp-json\/wp\/v2\/product"}],"about":[{"href":"https:\/\/www.pricetornado.com\/da\/wp-json\/wp\/v2\/types\/product"}],"wp:featuredmedia":[{"embeddable":true,"href":"https:\/\/www.pricetornado.com\/da\/wp-json\/"}],"wp:attachment":[{"href":"https:\/\/www.pricetornado.com\/da\/wp-json\/wp\/v2\/media?parent=447577"}],"wp:term":[{"taxonomy":"store","embeddable":true,"href":"https:\/\/www.pricetornado.com\/da\/wp-json\/wp\/v2\/store?post=447577"},{"taxonomy":"product_brand","embeddable":true,"href":"https:\/\/www.pricetornado.com\/da\/wp-json\/wp\/v2\/product_brand?post=447577"},{"taxonomy":"product_cat","embeddable":true,"href":"https:\/\/www.pricetornado.com\/da\/wp-json\/wp\/v2\/product_cat?post=447577"},{"taxonomy":"product_tag","embeddable":true,"href":"https:\/\/www.pricetornado.com\/da\/wp-json\/wp\/v2\/product_tag?post=447577"}],"curies":[{"name":"wp","href":"https:\/\/api.w.org\/{rel}","templated":true}]}}