{"id":447576,"date":"2025-02-20T02:35:29","date_gmt":"2025-02-20T01:35:29","guid":{"rendered":"https:\/\/www.pricetornado.com\/da\/produkt\/philips-dekorativ-roerformet-gloedepaere-10-w-e14-klar-daempbar\/"},"modified":"2026-04-29T11:10:28","modified_gmt":"2026-04-29T09:10:28","slug":"philips-dekorativ-roerformet-gloedepaere-10-w-e14-klar-daempbar","status":"publish","type":"product","link":"https:\/\/www.pricetornado.com\/da\/produkt\/philips-dekorativ-roerformet-gloedepaere-10-w-e14-klar-daempbar\/","title":{"rendered":"PHILIPS Dekorativ r\u00f8rformet gl\u00f8dep\u00e6re, 10 W, E14, Klar, D\u00e6mpbar"},"content":{"rendered":"<p>K\u00f8b billig PHILIPS Dekorativ r\u00f8rformet gl\u00f8dep\u00e6re, 10 W, E14, Klar, D\u00e6mpbar!<br \/>\nDenne dekorative gl\u00f8dep\u00e6re fra Philips er specielt designet til at skabe en varm og hyggelig atmosf\u00e6re. Den udsender en lav lysintensitet p\u00e5 under 60 lumen og har et klart glas, hvilket g\u00f8r den ideel til brug i \u00e5bne lamper, hvor p\u00e6rens bl\u00f8de gl\u00f8d virkelig kan komme til sin ret.P\u00e6ren har en effekt p\u00e5 10 watt og er udstyret med en standard E14 skruefatning, der g\u00f8r den kompatibel med mange forskellige sm\u00e5 lamper og dekorative armaturer. Takket v\u00e6re dens d\u00e6mpbare funktion kan du nemt tilpasse lysstyrken og opn\u00e5 den \u00f8nskede stemning. P\u00e6ren t\u00e6ndes \u00f8jeblikkeligt uden opvarmningstid og leverer fuld lysstyrke med det samme.P\u00e6ren har et str\u00f8mforbrug p\u00e5 kun 10 watt og arbejder med en powerfaktor p\u00e5 1, hvilket betyder, at den udnytter energien effektivt i forhold til sin teknologitype. Den fungerer ved en sp\u00e6nding p\u00e5 240-250 volt, hvilket g\u00f8r den velegnet til standard europ\u00e6iske husholdningsinstallationer. Bem\u00e6rk, at denne gl\u00f8dep\u00e6re er designet til s\u00e6rlige form\u00e5l og ikke almindelig boligbelysning.Leder du efter en dekorativ gl\u00f8dep\u00e6re, der kombinerer stemning, effektivitet og nem anvendelse til s\u00e6rlige belysningsform\u00e5l? V\u00e6lg Philips og oplev fordelene ved kvalitetsbelysning med fokus p\u00e5 b\u00e5de \u00e6stetik og funktion. Se hele udvalget af p\u00e6rer og belysning hos Butik24.<\/p>\n<p>Sammenlign priser p\u00e5 PHILIPS Dekorativ r\u00f8rformet gl\u00f8dep\u00e6re, 10 W, E14, Klar, D\u00e6mpbar og k\u00f8b online til den billigste pris, samt p\u00e5 tilbud!\u00a0\u00a0Tjek den bedste pris, produkt beskrivelse, video, test, anmeldelser osv.<\/p>\n<p><strong>Brand: <\/strong>Philips<br \/>\n<strong>EAN: <\/strong>8711500038210<br \/>\n<strong>Producentens varenr.:<\/strong> 8711500038210<\/p>\n<p><strong>P.S.<\/strong><br \/>\nTilmeld dig til &#8220;Opret Gratis Prisfald Alarm&#8221;, og bliv underrettet med det samme om prisfald p\u00e5 PHILIPS Dekorativ r\u00f8rformet gl\u00f8dep\u00e6re, 10 W, E14, Klar, D\u00e6mpbar, og f\u00e5 den billigste pris!<\/p>\n<p>&nbsp;<\/p>\n<p>&nbsp;<\/p>\n","protected":false},"excerpt":{"rendered":"<p>K\u00f8b billig PHILIPS Dekorativ r\u00f8rformet gl\u00f8dep\u00e6re, 10 W, E14, Klar, D\u00e6mpbar! Denne dekorative gl\u00f8dep\u00e6re fra Philips er specielt designet til at skabe en varm og hyggelig atmosf\u00e6re. Den udsender en lav lysintensitet p\u00e5 under 60 lumen og har et klart glas, hvilket g\u00f8r den ideel til brug i \u00e5bne lamper, hvor p\u00e6rens bl\u00f8de gl\u00f8d virkelig [&hellip;]<\/p>\n","protected":false},"featured_media":999980000004475760,"template":"","meta":[],"store":[1272516],"product_brand":[1272519],"product_cat":[1272407],"product_tag":[1272697,1275180],"class_list":{"0":"post-447576","1":"product","2":"type-product","3":"status-publish","4":"has-post-thumbnail","6":"store-butik24","7":"product_brand-philips","8":"product_cat-belysning-2","9":"product_tag-belysning","10":"product_tag-philips","11":"pa_maerke-philips","13":"first","14":"instock","15":"product-type-external"},"_links":{"self":[{"href":"https:\/\/www.pricetornado.com\/da\/wp-json\/wp\/v2\/product\/447576","targetHints":{"allow":["GET"]}}],"collection":[{"href":"https:\/\/www.pricetornado.com\/da\/wp-json\/wp\/v2\/product"}],"about":[{"href":"https:\/\/www.pricetornado.com\/da\/wp-json\/wp\/v2\/types\/product"}],"wp:featuredmedia":[{"embeddable":true,"href":"https:\/\/www.pricetornado.com\/da\/wp-json\/"}],"wp:attachment":[{"href":"https:\/\/www.pricetornado.com\/da\/wp-json\/wp\/v2\/media?parent=447576"}],"wp:term":[{"taxonomy":"store","embeddable":true,"href":"https:\/\/www.pricetornado.com\/da\/wp-json\/wp\/v2\/store?post=447576"},{"taxonomy":"product_brand","embeddable":true,"href":"https:\/\/www.pricetornado.com\/da\/wp-json\/wp\/v2\/product_brand?post=447576"},{"taxonomy":"product_cat","embeddable":true,"href":"https:\/\/www.pricetornado.com\/da\/wp-json\/wp\/v2\/product_cat?post=447576"},{"taxonomy":"product_tag","embeddable":true,"href":"https:\/\/www.pricetornado.com\/da\/wp-json\/wp\/v2\/product_tag?post=447576"}],"curies":[{"name":"wp","href":"https:\/\/api.w.org\/{rel}","templated":true}]}}