{"id":447575,"date":"2025-02-23T01:10:34","date_gmt":"2025-02-23T00:10:34","guid":{"rendered":"https:\/\/www.pricetornado.com\/da\/produkt\/jvc-ha-kd7-rn-e-on-ear-hovedtelefoner-til-boern-roed-blaa\/"},"modified":"2026-05-04T04:00:39","modified_gmt":"2026-05-04T02:00:39","slug":"jvc-ha-kd7-rn-e-on-ear-hovedtelefoner-til-boern-roed-blaa","status":"publish","type":"product","link":"https:\/\/www.pricetornado.com\/da\/produkt\/jvc-ha-kd7-rn-e-on-ear-hovedtelefoner-til-boern-roed-blaa\/","title":{"rendered":"JVC HA-KD7-RN-E On-ear hovedtelefoner til b\u00f8rn &#8211; R\u00f8d\/Bl\u00e5"},"content":{"rendered":"<p>K\u00f8b billig JVC HA-KD7-RN-E On-ear hovedtelefoner til b\u00f8rn &#8211; R\u00f8d\/Bl\u00e5!<br \/>\nJVC HA-KD7 on-ear hovedtelefoner er udviklet specielt til b\u00f8rn og prioriterer b\u00e5de sikkerhed, god lydkvalitet og h\u00f8j komfort. Med en indbygget volumenbegr\u00e6nser p\u00e5 85 dB beskytter hovedtelefonerne barnets h\u00f8relse under brug. De kraftige 30 mm ferrite drivere leverer balanceret lyd i et frekvensomr\u00e5de fra 15 til 23.000 Hz, hvilket g\u00f8r dem ideelle til b\u00f8rns musik, spil og videooplevelser.Den 7-trins justerbare hovedb\u00f8jle sikrer, at hovedtelefonerne passer komfortabelt til b\u00f8rn fra 3 \u00e5r og op. Den brede hovedb\u00f8jle \u00f8ger stabiliteten og leveres med klisterm\u00e6rker, s\u00e5 barnet kan tilpasse udseendet efter egen stil. De bl\u00f8de, polstrede \u00f8repuder er lavet af plast og er lette at reng\u00f8re, hvilket g\u00f8r dem hygiejniske til daglig brug.Enkelt-sidet, filtrefri ledning p\u00e5 0,8 meter for nem h\u00e5ndtering og mindre kabelrod.Tydelig L\/R-m\u00e6rkning for nem placering og korrekt brug af hovedtelefonerne.Letv\u00e6gtskonstruktion i plast, som g\u00f8r dem nemme at have med p\u00e5 farten.On-ear design med lukkede \u00f8rekopper giver basal lydisolering og forbedrer lytteoplevelsen.CPSIA-certificeret for b\u00f8rnesikkerhed og overholdelse af internationale standarder.JVC HA-KD7 hovedtelefoner g\u00f8r det muligt for b\u00f8rn at have det sjovt, mens de lytter sikkert til musik, ser videoer eller spiller spil \u2013 og giver for\u00e6ldre ro i sindet med deres gennemt\u00e6nkte sikkerhedsfunktioner. En p\u00e5lidelig og komfortabel l\u00f8sning til daglig brug. hos Butik24 og find den model, der matcher dit barns behov bedst.<\/p>\n<p>Sammenlign priser p\u00e5 JVC HA-KD7-RN-E On-ear hovedtelefoner til b\u00f8rn &#8211; R\u00f8d\/Bl\u00e5 og k\u00f8b online til den billigste pris, samt p\u00e5 tilbud!\u00a0\u00a0Tjek den bedste pris, produkt beskrivelse, video, test, anmeldelser osv.<\/p>\n<p><strong>Brand: <\/strong>JVC<br \/>\n<strong>EAN: <\/strong>4975769019548<br \/>\n<strong>Producentens varenr.:<\/strong> 4975769019548<\/p>\n<p><strong>P.S.<\/strong><br \/>\nTilmeld dig til &#8220;Opret Gratis Prisfald Alarm&#8221;, og bliv underrettet med det samme om prisfald p\u00e5 JVC HA-KD7-RN-E On-ear hovedtelefoner til b\u00f8rn &#8211; R\u00f8d\/Bl\u00e5, og f\u00e5 den billigste pris!<\/p>\n<p>&nbsp;<\/p>\n<p>&nbsp;<\/p>\n","protected":false},"excerpt":{"rendered":"<p>K\u00f8b billig JVC HA-KD7-RN-E On-ear hovedtelefoner til b\u00f8rn &#8211; R\u00f8d\/Bl\u00e5! JVC HA-KD7 on-ear hovedtelefoner er udviklet specielt til b\u00f8rn og prioriterer b\u00e5de sikkerhed, god lydkvalitet og h\u00f8j komfort. Med en indbygget volumenbegr\u00e6nser p\u00e5 85 dB beskytter hovedtelefonerne barnets h\u00f8relse under brug. De kraftige 30 mm ferrite drivere leverer balanceret lyd i et frekvensomr\u00e5de fra 15 [&hellip;]<\/p>\n","protected":false},"featured_media":999980000004475750,"template":"","meta":[],"store":[1272516],"product_brand":[1272530],"product_cat":[1272434],"product_tag":[1272843,1275190],"class_list":{"0":"post-447575","1":"product","2":"type-product","3":"status-publish","4":"has-post-thumbnail","6":"store-butik24","7":"product_brand-jvc","8":"product_cat-hovedtelefoner","9":"product_tag-hovedtelefoner","10":"product_tag-jvc","11":"pa_maerke-jvc","13":"first","14":"instock","15":"product-type-external"},"_links":{"self":[{"href":"https:\/\/www.pricetornado.com\/da\/wp-json\/wp\/v2\/product\/447575","targetHints":{"allow":["GET"]}}],"collection":[{"href":"https:\/\/www.pricetornado.com\/da\/wp-json\/wp\/v2\/product"}],"about":[{"href":"https:\/\/www.pricetornado.com\/da\/wp-json\/wp\/v2\/types\/product"}],"wp:featuredmedia":[{"embeddable":true,"href":"https:\/\/www.pricetornado.com\/da\/wp-json\/"}],"wp:attachment":[{"href":"https:\/\/www.pricetornado.com\/da\/wp-json\/wp\/v2\/media?parent=447575"}],"wp:term":[{"taxonomy":"store","embeddable":true,"href":"https:\/\/www.pricetornado.com\/da\/wp-json\/wp\/v2\/store?post=447575"},{"taxonomy":"product_brand","embeddable":true,"href":"https:\/\/www.pricetornado.com\/da\/wp-json\/wp\/v2\/product_brand?post=447575"},{"taxonomy":"product_cat","embeddable":true,"href":"https:\/\/www.pricetornado.com\/da\/wp-json\/wp\/v2\/product_cat?post=447575"},{"taxonomy":"product_tag","embeddable":true,"href":"https:\/\/www.pricetornado.com\/da\/wp-json\/wp\/v2\/product_tag?post=447575"}],"curies":[{"name":"wp","href":"https:\/\/api.w.org\/{rel}","templated":true}]}}