{"id":447573,"date":"2025-02-27T11:29:15","date_gmt":"2025-02-27T10:29:15","guid":{"rendered":"https:\/\/www.pricetornado.com\/da\/produkt\/philips-hue-aurelle-loftpanel-3\/"},"modified":"2026-04-30T04:30:34","modified_gmt":"2026-04-30T02:30:34","slug":"philips-hue-aurelle-loftpanel-3","status":"publish","type":"product","link":"https:\/\/www.pricetornado.com\/da\/produkt\/philips-hue-aurelle-loftpanel-3\/","title":{"rendered":"Philips HUE Aurelle loftpanel"},"content":{"rendered":"<p>K\u00f8b billig Philips HUE Aurelle loftpanel!<br \/>\nPhilips Hue Aurelle loftpanel giver dig intelligent og fleksibel belysning med et kvadratisk armatur i holdbart aluminium. Den integrerede LED-teknologi sikrer et energieffektivt lys, der kan tilpasses alle hverdagens behov. Med denne avancerede LED-l\u00f8sning f\u00e5r du b\u00e5de lang holdbarhed og et stilrent udtryk i hjemmet.Loftpanelet giver dig mulighed for at skifte mellem forskellige nuancer af hvidt lys \u2013 fra behageligt varmt til opkvikkende k\u00f8ligt lys. Komplet d\u00e6mpning g\u00f8r det nemt at finde den perfekte lysstyrke til enhver situation, og det er ideelt til b\u00e5de arbejde, l\u00e6sning og afslapning.: K\u00f8lige lysnuancer, der hj\u00e6lper dig med at starte dagen med energi og bevare fokus.: Varme nuancer, der giver optimal belysning til l\u00e6sning og afslapning.Disse scener er specialudviklede, s\u00e5 du nemt kan skabe den rette stemning til enhver aktivitet.Med den medf\u00f8lgende tr\u00e5dl\u00f8se Hue Dimmer switch kan du nemt t\u00e6nde og slukke lyset, v\u00e6lge mellem de fire belysningsscener og justere lysstyrken efter behov. Dimmeren kan monteres og placeres valgfrit i hjemmet for maksimal fleksibilitet. Styr op til 10 lyskilder via Hue Bluetooth appen direkte fra din smartphone \u2013 perfekt til \u00e9t enkelt rum. Tilf\u00f8jer du en Philips Hue Bridge (medf\u00f8lger ikke), f\u00e5r du adgang til avancerede funktioner som automatisk rutiner, styring af op til 50 lyskilder og fjernbetjening, uanset hvor du befinder dig. Philips Hue Aurelle loftpanel kan integreres med stemmeassistenter s\u00e5som Amazon Alexa og Google Assistant (kr\u00e6ver kompatibel enhed og evt. Hue Bridge), s\u00e5 du kan styre lyset nemt med enkle stemmekommandoer.Skab et smartere hjem med Philips Hue Aurelle og oplev fuld kontrol, design og komfort i \u00e9n og samme l\u00f8sning.<\/p>\n<p>Sammenlign priser p\u00e5 Philips HUE Aurelle loftpanel og k\u00f8b online til den billigste pris, samt p\u00e5 tilbud!\u00a0\u00a0Tjek den bedste pris, produkt beskrivelse, video, test, anmeldelser osv.<\/p>\n<p><strong>Brand: <\/strong>Philips Hue<br \/>\n<strong>EAN: <\/strong>8719514382626<br \/>\n<strong>Producentens varenr.:<\/strong> 8719514382626<\/p>\n<p><strong>P.S.<\/strong><br \/>\nTilmeld dig til &#8220;Opret Gratis Prisfald Alarm&#8221;, og bliv underrettet med det samme om prisfald p\u00e5 Philips HUE Aurelle loftpanel, og f\u00e5 den billigste pris!<\/p>\n<p>&nbsp;<\/p>\n<p>&nbsp;<\/p>\n","protected":false},"excerpt":{"rendered":"<p>K\u00f8b billig Philips HUE Aurelle loftpanel! Philips Hue Aurelle loftpanel giver dig intelligent og fleksibel belysning med et kvadratisk armatur i holdbart aluminium. Den integrerede LED-teknologi sikrer et energieffektivt lys, der kan tilpasses alle hverdagens behov. Med denne avancerede LED-l\u00f8sning f\u00e5r du b\u00e5de lang holdbarhed og et stilrent udtryk i hjemmet.Loftpanelet giver dig mulighed for [&hellip;]<\/p>\n","protected":false},"featured_media":999980000004475730,"template":"","meta":[],"store":[1272516],"product_brand":[1272523],"product_cat":[1272407],"product_tag":[1272697,1272767],"class_list":{"0":"post-447573","1":"product","2":"type-product","3":"status-publish","4":"has-post-thumbnail","6":"store-butik24","7":"product_brand-philips-hue","8":"product_cat-belysning-2","9":"product_tag-belysning","10":"product_tag-philips-hue","11":"pa_maerke-philips-hue","13":"first","14":"instock","15":"product-type-external"},"_links":{"self":[{"href":"https:\/\/www.pricetornado.com\/da\/wp-json\/wp\/v2\/product\/447573","targetHints":{"allow":["GET"]}}],"collection":[{"href":"https:\/\/www.pricetornado.com\/da\/wp-json\/wp\/v2\/product"}],"about":[{"href":"https:\/\/www.pricetornado.com\/da\/wp-json\/wp\/v2\/types\/product"}],"wp:featuredmedia":[{"embeddable":true,"href":"https:\/\/www.pricetornado.com\/da\/wp-json\/"}],"wp:attachment":[{"href":"https:\/\/www.pricetornado.com\/da\/wp-json\/wp\/v2\/media?parent=447573"}],"wp:term":[{"taxonomy":"store","embeddable":true,"href":"https:\/\/www.pricetornado.com\/da\/wp-json\/wp\/v2\/store?post=447573"},{"taxonomy":"product_brand","embeddable":true,"href":"https:\/\/www.pricetornado.com\/da\/wp-json\/wp\/v2\/product_brand?post=447573"},{"taxonomy":"product_cat","embeddable":true,"href":"https:\/\/www.pricetornado.com\/da\/wp-json\/wp\/v2\/product_cat?post=447573"},{"taxonomy":"product_tag","embeddable":true,"href":"https:\/\/www.pricetornado.com\/da\/wp-json\/wp\/v2\/product_tag?post=447573"}],"curies":[{"name":"wp","href":"https:\/\/api.w.org\/{rel}","templated":true}]}}