{"id":447569,"date":"2025-02-26T04:34:31","date_gmt":"2025-02-26T03:34:31","guid":{"rendered":"https:\/\/www.pricetornado.com\/da\/produkt\/nedis-forlaengerstykke-med-2-slangeklemmer-19-mm-19-mm-graa-metal-waep1919cl\/"},"modified":"2026-04-18T01:40:21","modified_gmt":"2026-04-17T23:40:21","slug":"nedis-forlaengerstykke-med-2-slangeklemmer-19-mm-19-mm-graa-metal-waep1919cl","status":"publish","type":"product","link":"https:\/\/www.pricetornado.com\/da\/produkt\/nedis-forlaengerstykke-med-2-slangeklemmer-19-mm-19-mm-graa-metal-waep1919cl\/","title":{"rendered":"Nedis &#8211; Forl\u00e6ngerstykke med 2 slangeklemmer | 19 mm | 19 mm | Gr\u00e5 \/ Metal &#8211; WAEP1919CL"},"content":{"rendered":"<p>K\u00f8b billig Nedis &#8211; Forl\u00e6ngerstykke med 2 slangeklemmer | 19 mm | 19 mm | Gr\u00e5 \/ Metal &#8211; WAEP1919CL!<br \/>\nDette Nedis forl\u00e6ngerstykke er ideelt, n\u00e5r du har behov for at forbinde to separate udl\u00f8bsslanger og forl\u00e6nge din eksisterende slangeinstallation. Produktet leveres med to slangeklemmer, som sikrer en stabil og t\u00e6t forbindelse uden risiko for l\u00e6kage.Forl\u00e6ngerstykket er fremstillet af let plastik med robuste metaldele. Plastikken g\u00f8r produktet nemt at h\u00e5ndtere og transportere, mens metalkomponenterne \u00f8ger holdbarheden og modstandsdygtigheden mod slid.Dette forl\u00e6ngerstykke er en p\u00e5lidelig og fleksibel l\u00f8sning til forskellige installationer, hvor du har brug for at forl\u00e6nge udl\u00f8bsslangen med h\u00f8j sikkerhed og stabilitet. til boligen her.<\/p>\n<p>Sammenlign priser p\u00e5 Nedis &#8211; Forl\u00e6ngerstykke med 2 slangeklemmer | 19 mm | 19 mm | Gr\u00e5 \/ Metal &#8211; WAEP1919CL og k\u00f8b online til den billigste pris, samt p\u00e5 tilbud!\u00a0\u00a0Tjek den bedste pris, produkt beskrivelse, video, test, anmeldelser osv.<\/p>\n<p><strong>Brand: <\/strong>Nedis<br \/>\n<strong>EAN: <\/strong>5412810301447<br \/>\n<strong>Producentens varenr.:<\/strong> 5412810301447<\/p>\n<p><strong>P.S.<\/strong><br \/>\nTilmeld dig til &#8220;Opret Gratis Prisfald Alarm&#8221;, og bliv underrettet med det samme om prisfald p\u00e5 Nedis &#8211; Forl\u00e6ngerstykke med 2 slangeklemmer | 19 mm | 19 mm | Gr\u00e5 \/ Metal &#8211; WAEP1919CL, og f\u00e5 den billigste pris!<\/p>\n<p>&nbsp;<\/p>\n<p>&nbsp;<\/p>\n","protected":false},"excerpt":{"rendered":"<p>K\u00f8b billig Nedis &#8211; Forl\u00e6ngerstykke med 2 slangeklemmer | 19 mm | 19 mm | Gr\u00e5 \/ Metal &#8211; WAEP1919CL! Dette Nedis forl\u00e6ngerstykke er ideelt, n\u00e5r du har behov for at forbinde to separate udl\u00f8bsslanger og forl\u00e6nge din eksisterende slangeinstallation. Produktet leveres med to slangeklemmer, som sikrer en stabil og t\u00e6t forbindelse uden risiko for [&hellip;]<\/p>\n","protected":false},"featured_media":999980000004475690,"template":"","meta":[],"store":[1272516],"product_brand":[1272517],"product_cat":[1272507],"product_tag":[1275178,1272947],"class_list":{"0":"post-447569","1":"product","2":"type-product","3":"status-publish","4":"has-post-thumbnail","6":"store-butik24","7":"product_brand-nedis","8":"product_cat-reservedele","9":"product_tag-nedis","10":"product_tag-reservedele","11":"pa_maerke-nedis","13":"first","14":"instock","15":"product-type-external"},"_links":{"self":[{"href":"https:\/\/www.pricetornado.com\/da\/wp-json\/wp\/v2\/product\/447569","targetHints":{"allow":["GET"]}}],"collection":[{"href":"https:\/\/www.pricetornado.com\/da\/wp-json\/wp\/v2\/product"}],"about":[{"href":"https:\/\/www.pricetornado.com\/da\/wp-json\/wp\/v2\/types\/product"}],"wp:featuredmedia":[{"embeddable":true,"href":"https:\/\/www.pricetornado.com\/da\/wp-json\/"}],"wp:attachment":[{"href":"https:\/\/www.pricetornado.com\/da\/wp-json\/wp\/v2\/media?parent=447569"}],"wp:term":[{"taxonomy":"store","embeddable":true,"href":"https:\/\/www.pricetornado.com\/da\/wp-json\/wp\/v2\/store?post=447569"},{"taxonomy":"product_brand","embeddable":true,"href":"https:\/\/www.pricetornado.com\/da\/wp-json\/wp\/v2\/product_brand?post=447569"},{"taxonomy":"product_cat","embeddable":true,"href":"https:\/\/www.pricetornado.com\/da\/wp-json\/wp\/v2\/product_cat?post=447569"},{"taxonomy":"product_tag","embeddable":true,"href":"https:\/\/www.pricetornado.com\/da\/wp-json\/wp\/v2\/product_tag?post=447569"}],"curies":[{"name":"wp","href":"https:\/\/api.w.org\/{rel}","templated":true}]}}