{"id":447561,"date":"2025-02-26T17:45:13","date_gmt":"2025-02-26T16:45:13","guid":{"rendered":"https:\/\/www.pricetornado.com\/da\/produkt\/hoverfly-wall-lantern-black-1x60w-230v\/"},"modified":"2026-05-17T06:30:41","modified_gmt":"2026-05-17T04:30:41","slug":"hoverfly-wall-lantern-black-1x60w-230v","status":"publish","type":"product","link":"https:\/\/www.pricetornado.com\/da\/produkt\/hoverfly-wall-lantern-black-1x60w-230v\/","title":{"rendered":"Hoverfly wall lantern black 1x60W 230V"},"content":{"rendered":"<p>K\u00f8b billig Hoverfly wall lantern black 1x60W 230V!<br \/>\nOpn\u00e5 et klassisk, retro udtryk i dine udend\u00f8rsomr\u00e5der med Philips&apos; sorte v\u00e6glampe. Lampens vintage-design giver en autentisk og stilfuld stemning til din facade, terrasse eller indgangsparti. Den sorte finish s\u00f8rger for et elegant og tidl\u00f8st look, der matcher perfekt til forskellige udemilj\u00f8er.V\u00e6glampen er skabt til udend\u00f8rs brug og er fremstillet med fokus p\u00e5 holdbare materialer og vejrbestandighed, s\u00e5 den kan modst\u00e5 fugt og omskiftelige vejrforhold. Selvom de pr\u00e6cise materialer ikke er specificeret, benytter Philips normalt robuste materialer som metal eller plast i deres udend\u00f8rslamper for at sikre lang levetid.V\u00e6lg denne v\u00e6glampe fra Philips for at give dine udend\u00f8rsomr\u00e5der et dekorativt og funktionelt lys med en autentisk vintage-f\u00f8lelse og maksimal holdbarhed.<\/p>\n<p>Sammenlign priser p\u00e5 Hoverfly wall lantern black 1x60W 230V og k\u00f8b online til den billigste pris, samt p\u00e5 tilbud!\u00a0\u00a0Tjek den bedste pris, produkt beskrivelse, video, test, anmeldelser osv.<\/p>\n<p><strong>Brand: <\/strong>Philips<br \/>\n<strong>EAN: <\/strong>8718696156803<br \/>\n<strong>Producentens varenr.:<\/strong> 8718696156803<\/p>\n<p><strong>P.S.<\/strong><br \/>\nTilmeld dig til &#8220;Opret Gratis Prisfald Alarm&#8221;, og bliv underrettet med det samme om prisfald p\u00e5 Hoverfly wall lantern black 1x60W 230V, og f\u00e5 den billigste pris!<\/p>\n<p>&nbsp;<\/p>\n<p>&nbsp;<\/p>\n","protected":false},"excerpt":{"rendered":"<p>K\u00f8b billig Hoverfly wall lantern black 1x60W 230V! Opn\u00e5 et klassisk, retro udtryk i dine udend\u00f8rsomr\u00e5der med Philips&apos; sorte v\u00e6glampe. Lampens vintage-design giver en autentisk og stilfuld stemning til din facade, terrasse eller indgangsparti. Den sorte finish s\u00f8rger for et elegant og tidl\u00f8st look, der matcher perfekt til forskellige udemilj\u00f8er.V\u00e6glampen er skabt til udend\u00f8rs brug [&hellip;]<\/p>\n","protected":false},"featured_media":999980000004475610,"template":"","meta":[],"store":[1272516],"product_brand":[1272519],"product_cat":[1272407],"product_tag":[1272697,1275180],"class_list":{"0":"post-447561","1":"product","2":"type-product","3":"status-publish","4":"has-post-thumbnail","6":"store-butik24","7":"product_brand-philips","8":"product_cat-belysning-2","9":"product_tag-belysning","10":"product_tag-philips","11":"pa_maerke-philips","13":"first","14":"instock","15":"product-type-external"},"_links":{"self":[{"href":"https:\/\/www.pricetornado.com\/da\/wp-json\/wp\/v2\/product\/447561","targetHints":{"allow":["GET"]}}],"collection":[{"href":"https:\/\/www.pricetornado.com\/da\/wp-json\/wp\/v2\/product"}],"about":[{"href":"https:\/\/www.pricetornado.com\/da\/wp-json\/wp\/v2\/types\/product"}],"wp:featuredmedia":[{"embeddable":true,"href":"https:\/\/www.pricetornado.com\/da\/wp-json\/"}],"wp:attachment":[{"href":"https:\/\/www.pricetornado.com\/da\/wp-json\/wp\/v2\/media?parent=447561"}],"wp:term":[{"taxonomy":"store","embeddable":true,"href":"https:\/\/www.pricetornado.com\/da\/wp-json\/wp\/v2\/store?post=447561"},{"taxonomy":"product_brand","embeddable":true,"href":"https:\/\/www.pricetornado.com\/da\/wp-json\/wp\/v2\/product_brand?post=447561"},{"taxonomy":"product_cat","embeddable":true,"href":"https:\/\/www.pricetornado.com\/da\/wp-json\/wp\/v2\/product_cat?post=447561"},{"taxonomy":"product_tag","embeddable":true,"href":"https:\/\/www.pricetornado.com\/da\/wp-json\/wp\/v2\/product_tag?post=447561"}],"curies":[{"name":"wp","href":"https:\/\/api.w.org\/{rel}","templated":true}]}}