{"id":447559,"date":"2025-02-20T21:27:31","date_gmt":"2025-02-20T20:27:31","guid":{"rendered":"https:\/\/www.pricetornado.com\/da\/produkt\/wiz-spot-50-w-par16-gu10-2\/"},"modified":"2026-04-18T09:20:42","modified_gmt":"2026-04-18T07:20:42","slug":"wiz-spot-50-w-par16-gu10-2","status":"publish","type":"product","link":"https:\/\/www.pricetornado.com\/da\/produkt\/wiz-spot-50-w-par16-gu10-2\/","title":{"rendered":"WIZ Spot 50 W PAR16 GU10"},"content":{"rendered":"<p>K\u00f8b billig WIZ Spot 50 W PAR16 GU10!<br \/>\nF\u00e5 maksimal komfort og fleksibilitet i hjemmets belysning med denne intelligente WiZ spotp\u00e6re med GU10 fatning og kompakt PAR16 design. Den er fremstillet i klart glas, hvilket sikrer optimal lysfordeling og kompatibilitet med de fleste armaturer. Det tunable white-lys g\u00f8r det muligt at justere farvetemperaturen trinl\u00f8st fra 2200 til 6500 Kelvin, s\u00e5 du kan skifte mellem k\u00f8ligt arbejdslys og hyggeligt, varmt lys \u2013 alt efter behov og stemning.Overv\u00e5g nemt dit energiforbrug direkte i WiZ appen, hvor du kan f\u00e5 daglige og ugentlige rapporter for alle dine smarte lyskilder. Med et lavt str\u00f8mforbrug p\u00e5 kun 4,7 watt og en lysudbytte p\u00e5 op til 345 lumen (73 lm\/W) f\u00e5r du en energieffektiv l\u00f8sning, som samtidig har en lang levetid p\u00e5 cirka 15.000 timer. Den kviks\u00f8lvfri konstruktion sikrer en tryg og milj\u00f8venlig anvendelse indend\u00f8rs.Planl\u00e6g at dine lyskilder t\u00e6ndes automatisk om morgenen eller f\u00f8r du kommer hjem, og spar energi ved at slukke dem, n\u00e5r de ikke er n\u00f8dvendige. Al automatik styres nemt fra appen, s\u00e5 du kan tilpasse lyset til alle d\u00f8gnets behov og rutiner.Skab det ideelle smart home-lys med WiZ spotp\u00e6ren, og oplev st\u00f8rre komfort, fleksibilitet og energibesparelse i hverdagen.<\/p>\n<p>Sammenlign priser p\u00e5 WIZ Spot 50 W PAR16 GU10 og k\u00f8b online til den billigste pris, samt p\u00e5 tilbud!\u00a0\u00a0Tjek den bedste pris, produkt beskrivelse, video, test, anmeldelser osv.<\/p>\n<p><strong>Brand: <\/strong>Wiz<br \/>\n<strong>EAN: <\/strong>8718699787110<br \/>\n<strong>Producentens varenr.:<\/strong> 8718699787110<\/p>\n<p><strong>P.S.<\/strong><br \/>\nTilmeld dig til &#8220;Opret Gratis Prisfald Alarm&#8221;, og bliv underrettet med det samme om prisfald p\u00e5 WIZ Spot 50 W PAR16 GU10, og f\u00e5 den billigste pris!<\/p>\n<p>&nbsp;<\/p>\n<p>&nbsp;<\/p>\n","protected":false},"excerpt":{"rendered":"<p>K\u00f8b billig WIZ Spot 50 W PAR16 GU10! F\u00e5 maksimal komfort og fleksibilitet i hjemmets belysning med denne intelligente WiZ spotp\u00e6re med GU10 fatning og kompakt PAR16 design. Den er fremstillet i klart glas, hvilket sikrer optimal lysfordeling og kompatibilitet med de fleste armaturer. Det tunable white-lys g\u00f8r det muligt at justere farvetemperaturen trinl\u00f8st fra [&hellip;]<\/p>\n","protected":false},"featured_media":999980000004475590,"template":"","meta":[],"store":[1272516],"product_brand":[1272522],"product_cat":[1272407],"product_tag":[1272697,1275183],"class_list":{"0":"post-447559","1":"product","2":"type-product","3":"status-publish","4":"has-post-thumbnail","6":"store-butik24","7":"product_brand-wiz","8":"product_cat-belysning-2","9":"product_tag-belysning","10":"product_tag-wiz","11":"pa_maerke-wiz","13":"first","14":"instock","15":"product-type-external"},"_links":{"self":[{"href":"https:\/\/www.pricetornado.com\/da\/wp-json\/wp\/v2\/product\/447559","targetHints":{"allow":["GET"]}}],"collection":[{"href":"https:\/\/www.pricetornado.com\/da\/wp-json\/wp\/v2\/product"}],"about":[{"href":"https:\/\/www.pricetornado.com\/da\/wp-json\/wp\/v2\/types\/product"}],"wp:featuredmedia":[{"embeddable":true,"href":"https:\/\/www.pricetornado.com\/da\/wp-json\/"}],"wp:attachment":[{"href":"https:\/\/www.pricetornado.com\/da\/wp-json\/wp\/v2\/media?parent=447559"}],"wp:term":[{"taxonomy":"store","embeddable":true,"href":"https:\/\/www.pricetornado.com\/da\/wp-json\/wp\/v2\/store?post=447559"},{"taxonomy":"product_brand","embeddable":true,"href":"https:\/\/www.pricetornado.com\/da\/wp-json\/wp\/v2\/product_brand?post=447559"},{"taxonomy":"product_cat","embeddable":true,"href":"https:\/\/www.pricetornado.com\/da\/wp-json\/wp\/v2\/product_cat?post=447559"},{"taxonomy":"product_tag","embeddable":true,"href":"https:\/\/www.pricetornado.com\/da\/wp-json\/wp\/v2\/product_tag?post=447559"}],"curies":[{"name":"wp","href":"https:\/\/api.w.org\/{rel}","templated":true}]}}