{"id":447557,"date":"2025-02-22T06:24:59","date_gmt":"2025-02-22T05:24:59","guid":{"rendered":"https:\/\/www.pricetornado.com\/da\/produkt\/philips-hx9044-33-sonicare-c3-premium-plaque-defence-tandboerstehoveder\/"},"modified":"2026-04-18T08:10:48","modified_gmt":"2026-04-18T06:10:48","slug":"philips-hx9044-33-sonicare-c3-premium-plaque-defence-tandboerstehoveder","status":"publish","type":"product","link":"https:\/\/www.pricetornado.com\/da\/produkt\/philips-hx9044-33-sonicare-c3-premium-plaque-defence-tandboerstehoveder\/","title":{"rendered":"Philips HX9044\/33 Sonicare C3 Premium Plaque Defence tandb\u00f8rstehoveder"},"content":{"rendered":"<p>K\u00f8b billig Philips HX9044\/33 Sonicare C3 Premium Plaque Defence tandb\u00f8rstehoveder!<br \/>\nPhilips Sonicare C3 Premium Plaque Defence tandb\u00f8rstehoveder sikrer en exceptionel grundig og behagelig rensning, der fjerner op til 10 gange mere plak end en almindelig tandb\u00f8rste. Dette b\u00f8rstehoved er udviklet til at give optimal mundhygiejne og sikre et sundt smil hver dag.Med bl\u00f8de, fleksible sider i gummi tilpasser b\u00f8rstehovedet sig t\u00e6ndernes og tandk\u00f8dets konturer for en optimal reng\u00f8ring. Den adaptive teknologi skaber op til 4 gange st\u00f8rre overfladekontakt end et standard b\u00f8rstehoved, hvilket giver en dyb og effektiv rensning, selv i sv\u00e6rt tilg\u00e6ngelige omr\u00e5der.Avanceret sonisk teknologi med op til 31.000 bev\u00e6gelser i minuttet bryder og fjerner plak effektivt.BrushSync-tilstandparring justerer automatisk til optimal tilstand og intensitet med kompatible Sonicare h\u00e5ndtag for bedst muligt resultat.Ergonomisk og ortodontisk design med fleksible gummisider g\u00f8r det lettere at n\u00e5 ind imellem t\u00e6nderne og reducerer irritation af tandk\u00f8det.Click-on design giver hurtig, stabil og sikker montering p\u00e5 Sonicare h\u00e5ndtaget.Philips Sonicare C3 Premium Plaque Defence er n\u00f8je testet for at opfylde strenge krav til mundhygiejne og garanterer dermed en effektiv og sk\u00e5nsom reng\u00f8ring hver gang. B\u00f8rstehovedet g\u00f8r det let at holde \u00f8je med, hvorn\u00e5r det skal udskiftes, hvilket sikrer optimale reng\u00f8ringsresultater hver gang. Materialevalget \u2013 med bl\u00f8de og fleksible gummikomponenter \u2013 bidrager til sikker og behagelig brug for b\u00e5de t\u00e6nder og tandk\u00f8d.Opgrader din tandpleje med Philips Sonicare C3 Premium Plaque Defence og oplev den mest grundige plakfjernelse til dit smil.<\/p>\n<p>Sammenlign priser p\u00e5 Philips HX9044\/33 Sonicare C3 Premium Plaque Defence tandb\u00f8rstehoveder og k\u00f8b online til den billigste pris, samt p\u00e5 tilbud!\u00a0\u00a0Tjek den bedste pris, produkt beskrivelse, video, test, anmeldelser osv.<\/p>\n<p><strong>Brand: <\/strong>Philips<br \/>\n<strong>EAN: <\/strong>8710103805625<br \/>\n<strong>Producentens varenr.:<\/strong> 8710103805625<\/p>\n<p><strong>P.S.<\/strong><br \/>\nTilmeld dig til &#8220;Opret Gratis Prisfald Alarm&#8221;, og bliv underrettet med det samme om prisfald p\u00e5 Philips HX9044\/33 Sonicare C3 Premium Plaque Defence tandb\u00f8rstehoveder, og f\u00e5 den billigste pris!<\/p>\n<p>&nbsp;<\/p>\n<p>&nbsp;<\/p>\n","protected":false},"excerpt":{"rendered":"<p>K\u00f8b billig Philips HX9044\/33 Sonicare C3 Premium Plaque Defence tandb\u00f8rstehoveder! Philips Sonicare C3 Premium Plaque Defence tandb\u00f8rstehoveder sikrer en exceptionel grundig og behagelig rensning, der fjerner op til 10 gange mere plak end en almindelig tandb\u00f8rste. Dette b\u00f8rstehoved er udviklet til at give optimal mundhygiejne og sikre et sundt smil hver dag.Med bl\u00f8de, fleksible sider [&hellip;]<\/p>\n","protected":false},"featured_media":999980000004475570,"template":"","meta":[],"store":[1272516],"product_brand":[1272519],"product_cat":[1272446],"product_tag":[1275180,1272715],"class_list":{"0":"post-447557","1":"product","2":"type-product","3":"status-publish","4":"has-post-thumbnail","6":"store-butik24","7":"product_brand-philips","8":"product_cat-tandpleje-2","9":"product_tag-philips","10":"product_tag-tandpleje","11":"pa_maerke-philips","13":"first","14":"instock","15":"product-type-external"},"_links":{"self":[{"href":"https:\/\/www.pricetornado.com\/da\/wp-json\/wp\/v2\/product\/447557","targetHints":{"allow":["GET"]}}],"collection":[{"href":"https:\/\/www.pricetornado.com\/da\/wp-json\/wp\/v2\/product"}],"about":[{"href":"https:\/\/www.pricetornado.com\/da\/wp-json\/wp\/v2\/types\/product"}],"wp:featuredmedia":[{"embeddable":true,"href":"https:\/\/www.pricetornado.com\/da\/wp-json\/"}],"wp:attachment":[{"href":"https:\/\/www.pricetornado.com\/da\/wp-json\/wp\/v2\/media?parent=447557"}],"wp:term":[{"taxonomy":"store","embeddable":true,"href":"https:\/\/www.pricetornado.com\/da\/wp-json\/wp\/v2\/store?post=447557"},{"taxonomy":"product_brand","embeddable":true,"href":"https:\/\/www.pricetornado.com\/da\/wp-json\/wp\/v2\/product_brand?post=447557"},{"taxonomy":"product_cat","embeddable":true,"href":"https:\/\/www.pricetornado.com\/da\/wp-json\/wp\/v2\/product_cat?post=447557"},{"taxonomy":"product_tag","embeddable":true,"href":"https:\/\/www.pricetornado.com\/da\/wp-json\/wp\/v2\/product_tag?post=447557"}],"curies":[{"name":"wp","href":"https:\/\/api.w.org\/{rel}","templated":true}]}}