{"id":447554,"date":"2025-02-24T18:55:13","date_gmt":"2025-02-24T17:55:13","guid":{"rendered":"https:\/\/www.pricetornado.com\/da\/produkt\/philips-hue-infuse-stor-loftslampe-425-cm-hvid\/"},"modified":"2026-04-19T08:00:26","modified_gmt":"2026-04-19T06:00:26","slug":"philips-hue-infuse-stor-loftslampe-425-cm-hvid","status":"publish","type":"product","link":"https:\/\/www.pricetornado.com\/da\/produkt\/philips-hue-infuse-stor-loftslampe-425-cm-hvid\/","title":{"rendered":"Philips Hue Infuse stor loftslampe 42,5 cm &#8211; Hvid"},"content":{"rendered":"<p>K\u00f8b billig Philips Hue Infuse stor loftslampe 42,5 cm &#8211; Hvid!<br \/>\nDen store Philips Hue Infuse loftslampe i hvid er ideel til st\u00f8rre rum som stuer, hvor den kombinerer kraftigt lys med et elegant, subtilt sk\u00e6r op mod loftet. Med loftslampen f\u00e5r du mulighed for at skabe den rette stemning til enhver lejlighed \u2013 v\u00e6lg mellem varmt til k\u00f8ligt hvidt lys eller farverigt lys i millioner af nuancer.Infuse loftslampen er fremstillet i holdbare metal- og syntetiske materialer, der giver b\u00e5de et moderne og robust design. Den integrerede LED-teknologi sikrer lang levetid og lavt energiforbrug, hvilket g\u00f8r lampen b\u00e5de \u00f8konomisk og milj\u00f8venlig. Lampen er klassificeret som beskyttelsesklasse I og er derfor jordforbundet for ekstra sikkerhed.Med Philips Hue Infuse kan du skabe personlige belysningsoplevelser takket v\u00e6re justerbar lysstyrke og mere end 16 millioner farver. Med f\u00e5 tryk kan du skabe den perfekte atmosf\u00e6re til fest, film eller afslapning og \u00e6ndre rummets udtryk og stemning pr\u00e6cist efter behov.Betjen op til 10 intelligente lyskilder i samme rum via Hue Bluetooth appen direkte fra din smartphone.Styr lampen med stemmen via Amazon Alexa eller Google Assistant, n\u00e5r den er parret med en kompatibel Google Nest eller Amazon Echo-enhed.Lampen underst\u00f8tter b\u00e5de Bluetooth og Zigbee, s\u00e5 den kan integreres med smart home systemer som Apple HomeKit, Google Assistant og Amazon Alexa.Lokal kontrol \u2013 fungerer ogs\u00e5 uden WiFi via Bluetooth-forbindelse.: K\u00f8lige, klare nuancer, der hj\u00e6lper dig med at komme i gang om morgenen og holde fokus gennem dagen.: Varme, behagelige toner til fordybelse i l\u00e6sning eller afslapning.Tilf\u00f8j en Philips Hue Bridge (s\u00e6lges separat) for at f\u00e5 adgang til alle funktioner i Hue systemet. Med Hue Bridge kan du:Koble op til 50 intelligente lyskilder sammen og styre dem fra hele hjemmet.Oprette rutiner og automatiseringer for optimal bekvemmelighed.Tilkoble ekstra tilbeh\u00f8r som bev\u00e6gelsessensorer og intelligente kontakter.Betjene din belysning, uanset hvor du er. \u2013 den ideelle l\u00f8sning til at skabe et stemningsfuldt og intelligent belysningsmilj\u00f8 i dit hjem.<\/p>\n<p>Sammenlign priser p\u00e5 Philips Hue Infuse stor loftslampe 42,5 cm &#8211; Hvid og k\u00f8b online til den billigste pris, samt p\u00e5 tilbud!\u00a0\u00a0Tjek den bedste pris, produkt beskrivelse, video, test, anmeldelser osv.<\/p>\n<p><strong>Brand: <\/strong>Philips Hue<br \/>\n<strong>EAN: <\/strong>8718696176511<br \/>\n<strong>Producentens varenr.:<\/strong> 8718696176511<\/p>\n<p><strong>P.S.<\/strong><br \/>\nTilmeld dig til &#8220;Opret Gratis Prisfald Alarm&#8221;, og bliv underrettet med det samme om prisfald p\u00e5 Philips Hue Infuse stor loftslampe 42,5 cm &#8211; Hvid, og f\u00e5 den billigste pris!<\/p>\n<p>&nbsp;<\/p>\n<p>&nbsp;<\/p>\n","protected":false},"excerpt":{"rendered":"<p>K\u00f8b billig Philips Hue Infuse stor loftslampe 42,5 cm &#8211; Hvid! Den store Philips Hue Infuse loftslampe i hvid er ideel til st\u00f8rre rum som stuer, hvor den kombinerer kraftigt lys med et elegant, subtilt sk\u00e6r op mod loftet. Med loftslampen f\u00e5r du mulighed for at skabe den rette stemning til enhver lejlighed \u2013 v\u00e6lg [&hellip;]<\/p>\n","protected":false},"featured_media":999980000004475540,"template":"","meta":[],"store":[1272516],"product_brand":[1272523],"product_cat":[1272407],"product_tag":[1272697,1272767],"class_list":{"0":"post-447554","1":"product","2":"type-product","3":"status-publish","4":"has-post-thumbnail","6":"store-butik24","7":"product_brand-philips-hue","8":"product_cat-belysning-2","9":"product_tag-belysning","10":"product_tag-philips-hue","11":"pa_maerke-philips-hue","13":"first","14":"instock","15":"product-type-external"},"_links":{"self":[{"href":"https:\/\/www.pricetornado.com\/da\/wp-json\/wp\/v2\/product\/447554","targetHints":{"allow":["GET"]}}],"collection":[{"href":"https:\/\/www.pricetornado.com\/da\/wp-json\/wp\/v2\/product"}],"about":[{"href":"https:\/\/www.pricetornado.com\/da\/wp-json\/wp\/v2\/types\/product"}],"wp:featuredmedia":[{"embeddable":true,"href":"https:\/\/www.pricetornado.com\/da\/wp-json\/"}],"wp:attachment":[{"href":"https:\/\/www.pricetornado.com\/da\/wp-json\/wp\/v2\/media?parent=447554"}],"wp:term":[{"taxonomy":"store","embeddable":true,"href":"https:\/\/www.pricetornado.com\/da\/wp-json\/wp\/v2\/store?post=447554"},{"taxonomy":"product_brand","embeddable":true,"href":"https:\/\/www.pricetornado.com\/da\/wp-json\/wp\/v2\/product_brand?post=447554"},{"taxonomy":"product_cat","embeddable":true,"href":"https:\/\/www.pricetornado.com\/da\/wp-json\/wp\/v2\/product_cat?post=447554"},{"taxonomy":"product_tag","embeddable":true,"href":"https:\/\/www.pricetornado.com\/da\/wp-json\/wp\/v2\/product_tag?post=447554"}],"curies":[{"name":"wp","href":"https:\/\/api.w.org\/{rel}","templated":true}]}}