{"id":447549,"date":"2025-02-26T03:07:44","date_gmt":"2025-02-26T02:07:44","guid":{"rendered":"https:\/\/www.pricetornado.com\/da\/produkt\/philips-hp6341-00-ladyshaver-skaansom-og-effektiv\/"},"modified":"2026-04-17T01:39:52","modified_gmt":"2026-04-16T23:39:52","slug":"philips-hp6341-00-ladyshaver-skaansom-og-effektiv","status":"publish","type":"product","link":"https:\/\/www.pricetornado.com\/da\/produkt\/philips-hp6341-00-ladyshaver-skaansom-og-effektiv\/","title":{"rendered":"Philips HP6341\/00 Ladyshaver Sk\u00e5nsom og effektiv"},"content":{"rendered":"<p>K\u00f8b billig Philips HP6341\/00 Ladyshaver Sk\u00e5nsom og effektiv!<br \/>\nOplev en behagelig barbering uden r\u00f8de knopper eller irriteret hud. Philips ladyshaver er designet med et sikkert barberingssystem, hvor barberbladene aldrig kommer i direkte kontakt med huden. Det forhindrer snits\u00e5r og beskytter selv f\u00f8lsom hud, s\u00e5 du hurtigt, nemt og sikkert kan barbere dig overalt p\u00e5 kroppen.Barberbladets folie er lavet af holdbart nikkel, som er modstandsdygtigt over for korrosion og sikrer lang levetid p\u00e5 produktet.Philips ladyshaver leverer en effektiv, sk\u00e5nsom og sikker barbering \u2013 og g\u00f8r det nemt at opretholde en glat hud, uanset hvor du er. Se flere produkter i vores udvalg af for smarte hverdagshj\u00e6lpemidler.<\/p>\n<p>Sammenlign priser p\u00e5 Philips HP6341\/00 Ladyshaver Sk\u00e5nsom og effektiv og k\u00f8b online til den billigste pris, samt p\u00e5 tilbud!\u00a0\u00a0Tjek den bedste pris, produkt beskrivelse, video, test, anmeldelser osv.<\/p>\n<p><strong>Brand: <\/strong>Philips<br \/>\n<strong>EAN: <\/strong>8710103533825<br \/>\n<strong>Producentens varenr.:<\/strong> 8710103533825<\/p>\n<p><strong>P.S.<\/strong><br \/>\nTilmeld dig til &#8220;Opret Gratis Prisfald Alarm&#8221;, og bliv underrettet med det samme om prisfald p\u00e5 Philips HP6341\/00 Ladyshaver Sk\u00e5nsom og effektiv, og f\u00e5 den billigste pris!<\/p>\n<p>&nbsp;<\/p>\n<p>&nbsp;<\/p>\n","protected":false},"excerpt":{"rendered":"<p>K\u00f8b billig Philips HP6341\/00 Ladyshaver Sk\u00e5nsom og effektiv! Oplev en behagelig barbering uden r\u00f8de knopper eller irriteret hud. Philips ladyshaver er designet med et sikkert barberingssystem, hvor barberbladene aldrig kommer i direkte kontakt med huden. Det forhindrer snits\u00e5r og beskytter selv f\u00f8lsom hud, s\u00e5 du hurtigt, nemt og sikkert kan barbere dig overalt p\u00e5 kroppen.Barberbladets [&hellip;]<\/p>\n","protected":false},"featured_media":999980000004475490,"template":"","meta":[],"store":[1272516],"product_brand":[1272519],"product_cat":[1272449,1272413],"product_tag":[1272707,1272706,1275180],"class_list":{"0":"post-447549","1":"product","2":"type-product","3":"status-publish","4":"has-post-thumbnail","6":"store-butik24","7":"product_brand-philips","8":"product_cat-kvinder","9":"product_cat-personlig-pleje","10":"product_tag-kvinder","11":"product_tag-personlig-pleje","12":"product_tag-philips","13":"pa_maerke-philips","15":"first","16":"instock","17":"product-type-external"},"_links":{"self":[{"href":"https:\/\/www.pricetornado.com\/da\/wp-json\/wp\/v2\/product\/447549","targetHints":{"allow":["GET"]}}],"collection":[{"href":"https:\/\/www.pricetornado.com\/da\/wp-json\/wp\/v2\/product"}],"about":[{"href":"https:\/\/www.pricetornado.com\/da\/wp-json\/wp\/v2\/types\/product"}],"wp:featuredmedia":[{"embeddable":true,"href":"https:\/\/www.pricetornado.com\/da\/wp-json\/"}],"wp:attachment":[{"href":"https:\/\/www.pricetornado.com\/da\/wp-json\/wp\/v2\/media?parent=447549"}],"wp:term":[{"taxonomy":"store","embeddable":true,"href":"https:\/\/www.pricetornado.com\/da\/wp-json\/wp\/v2\/store?post=447549"},{"taxonomy":"product_brand","embeddable":true,"href":"https:\/\/www.pricetornado.com\/da\/wp-json\/wp\/v2\/product_brand?post=447549"},{"taxonomy":"product_cat","embeddable":true,"href":"https:\/\/www.pricetornado.com\/da\/wp-json\/wp\/v2\/product_cat?post=447549"},{"taxonomy":"product_tag","embeddable":true,"href":"https:\/\/www.pricetornado.com\/da\/wp-json\/wp\/v2\/product_tag?post=447549"}],"curies":[{"name":"wp","href":"https:\/\/api.w.org\/{rel}","templated":true}]}}