{"id":447548,"date":"2025-02-22T04:13:09","date_gmt":"2025-02-22T03:13:09","guid":{"rendered":"https:\/\/www.pricetornado.com\/da\/produkt\/philips-bt9810-15-skaegtrimmer-9000-prestige\/"},"modified":"2026-04-19T08:00:25","modified_gmt":"2026-04-19T06:00:25","slug":"philips-bt9810-15-skaegtrimmer-9000-prestige","status":"publish","type":"product","link":"https:\/\/www.pricetornado.com\/da\/produkt\/philips-bt9810-15-skaegtrimmer-9000-prestige\/","title":{"rendered":"Philips BT9810\/15 Sk\u00e6gtrimmer 9000 Prestige"},"content":{"rendered":"<p>K\u00f8b billig Philips BT9810\/15 Sk\u00e6gtrimmer 9000 Prestige!<br \/>\nOplev den mest n\u00f8jagtige og ensartede sk\u00e6gtrimning med Philips Sk\u00e6gtrimmer 9000 Prestige. Den unikke SteelPrecision-teknologi kombinerer en indbygget metalkam og skarpe, fuldmetal knive, som sikrer pr\u00e6cis klipning uden at tr\u00e6kke i h\u00e5ret \u2013 uanset tryk. Med 30 forskellige l\u00e6ngdeindstillinger fra 0,4 mm til 10 mm og pr\u00e6cisionstrin p\u00e5 0,2 mm f\u00e5r du fuld kontrol over dit look.Selv t\u00e6t og langt sk\u00e6g trimmes let og effektivt, takket v\u00e6re PowerAdapt-sensoren, der afl\u00e6ser h\u00e5rets t\u00e6thed 125 gange i sekundet og automatisk justerer motorens kraft for konstant pr\u00e6station. Det g\u00f8r trimningen komfortabel og j\u00e6vn, uanset sk\u00e6gl\u00e6ngde.Kvalitetskonstruktionen byder p\u00e5 et robust, h\u00e5ndafsluttet hus i rustfrit st\u00e5l for ekstra holdbarhed og en eksklusiv f\u00f8lelse. Trimmeren er ergonomisk udformet, hvilket g\u00f8r den nem at styre og sikrer, at den glider glat hen over huden for maksimal komfort.Med Philips Sk\u00e6gtrimmer 9000 Prestige f\u00e5r du avanceret teknologi, holdbare materialer og praktiske funktioner, der tilsammen sikrer den perfekte trimning hver gang.<\/p>\n<p>Sammenlign priser p\u00e5 Philips BT9810\/15 Sk\u00e6gtrimmer 9000 Prestige og k\u00f8b online til den billigste pris, samt p\u00e5 tilbud!\u00a0\u00a0Tjek den bedste pris, produkt beskrivelse, video, test, anmeldelser osv.<\/p>\n<p><strong>Brand: <\/strong>Philips<br \/>\n<strong>EAN: <\/strong>8710103905097<br \/>\n<strong>Producentens varenr.:<\/strong> 8710103905097<\/p>\n<p><strong>P.S.<\/strong><br \/>\nTilmeld dig til &#8220;Opret Gratis Prisfald Alarm&#8221;, og bliv underrettet med det samme om prisfald p\u00e5 Philips BT9810\/15 Sk\u00e6gtrimmer 9000 Prestige, og f\u00e5 den billigste pris!<\/p>\n<p>&nbsp;<\/p>\n<p>&nbsp;<\/p>\n","protected":false},"excerpt":{"rendered":"<p>K\u00f8b billig Philips BT9810\/15 Sk\u00e6gtrimmer 9000 Prestige! Oplev den mest n\u00f8jagtige og ensartede sk\u00e6gtrimning med Philips Sk\u00e6gtrimmer 9000 Prestige. Den unikke SteelPrecision-teknologi kombinerer en indbygget metalkam og skarpe, fuldmetal knive, som sikrer pr\u00e6cis klipning uden at tr\u00e6kke i h\u00e5ret \u2013 uanset tryk. Med 30 forskellige l\u00e6ngdeindstillinger fra 0,4 mm til 10 mm og pr\u00e6cisionstrin p\u00e5 [&hellip;]<\/p>\n","protected":false},"featured_media":999980000004475480,"template":"","meta":[],"store":[1272516],"product_brand":[1272519],"product_cat":[1272429,1272413],"product_tag":[1272711,1272706,1275180],"class_list":{"0":"post-447548","1":"product","2":"type-product","3":"status-publish","4":"has-post-thumbnail","6":"store-butik24","7":"product_brand-philips","8":"product_cat-maend-personlig-pleje","9":"product_cat-personlig-pleje","10":"product_tag-maend","11":"product_tag-personlig-pleje","12":"product_tag-philips","13":"pa_maerke-philips","15":"first","16":"instock","17":"product-type-external"},"_links":{"self":[{"href":"https:\/\/www.pricetornado.com\/da\/wp-json\/wp\/v2\/product\/447548","targetHints":{"allow":["GET"]}}],"collection":[{"href":"https:\/\/www.pricetornado.com\/da\/wp-json\/wp\/v2\/product"}],"about":[{"href":"https:\/\/www.pricetornado.com\/da\/wp-json\/wp\/v2\/types\/product"}],"wp:featuredmedia":[{"embeddable":true,"href":"https:\/\/www.pricetornado.com\/da\/wp-json\/"}],"wp:attachment":[{"href":"https:\/\/www.pricetornado.com\/da\/wp-json\/wp\/v2\/media?parent=447548"}],"wp:term":[{"taxonomy":"store","embeddable":true,"href":"https:\/\/www.pricetornado.com\/da\/wp-json\/wp\/v2\/store?post=447548"},{"taxonomy":"product_brand","embeddable":true,"href":"https:\/\/www.pricetornado.com\/da\/wp-json\/wp\/v2\/product_brand?post=447548"},{"taxonomy":"product_cat","embeddable":true,"href":"https:\/\/www.pricetornado.com\/da\/wp-json\/wp\/v2\/product_cat?post=447548"},{"taxonomy":"product_tag","embeddable":true,"href":"https:\/\/www.pricetornado.com\/da\/wp-json\/wp\/v2\/product_tag?post=447548"}],"curies":[{"name":"wp","href":"https:\/\/api.w.org\/{rel}","templated":true}]}}