{"id":447544,"date":"2025-02-21T14:19:46","date_gmt":"2025-02-21T13:19:46","guid":{"rendered":"https:\/\/www.pricetornado.com\/da\/produkt\/philips-mg5720-15-multigroom-9-i-1-grooming-kit-til-ansigt-og-haar\/"},"modified":"2026-04-17T10:00:25","modified_gmt":"2026-04-17T08:00:25","slug":"philips-mg5720-15-multigroom-9-i-1-grooming-kit-til-ansigt-og-haar","status":"publish","type":"product","link":"https:\/\/www.pricetornado.com\/da\/produkt\/philips-mg5720-15-multigroom-9-i-1-grooming-kit-til-ansigt-og-haar\/","title":{"rendered":"Philips MG5720\/15 Multigroom 9-i-1, grooming kit til ansigt og h\u00e5r"},"content":{"rendered":"<p>K\u00f8b billig Philips MG5720\/15 Multigroom 9-i-1, grooming kit til ansigt og h\u00e5r!<br \/>\nOplev alsidig og effektiv pleje med Philips multigroom 9-i-1, der g\u00f8r det nemt at skabe din personlige stil derhjemme. Med ni forskellige v\u00e6rkt\u00f8jer kan du trimme, style og fjerne u\u00f8nskede h\u00e5r \u2013 fra sk\u00e6g og h\u00e5r til n\u00e6se- og \u00f8reh\u00e5r. Multigroomeren er udstyret med Philips\u2019 mest avancerede klippeteknologi for en hurtig og j\u00e6vn klipning hver gang.Philips multigroomeren har DualCut-teknologi, som klipper pr\u00e6cist i begge retninger for maksimalt resultat. De selvslibende, ikke-korroderende sk\u00e6r i fuldmetal og detaljetrimmer, sikrer langvarig skarphed uden behov for olie. Det giver dig vores bedste sk\u00e6reevne, uanset h\u00e5rtypen.Apparatet byder p\u00e5 et skridsikkert, gummi ergonomisk greb for fuld kontrol og komfort under brug. Den vandt\u00e6tte konstruktion g\u00f8r reng\u00f8ringen nem \u2013 skyl blot hele enheden og tilbeh\u00f8r under vandhanen.Denne trimmer er en del af Philips\u2019 Green Products-initiativ, der har fokus p\u00e5 lavt energiforbrug og reduceret milj\u00f8p\u00e5virkning.V\u00e6lg Philips multigroom 9-i-1 for fleksibel grooming, avanceret pr\u00e6cision og holdbar kvalitet \u2013 den perfekte l\u00f8sning til dig, der \u00f8nsker det bedste til hverdagens pleje.<\/p>\n<p>Sammenlign priser p\u00e5 Philips MG5720\/15 Multigroom 9-i-1, grooming kit til ansigt og h\u00e5r og k\u00f8b online til den billigste pris, samt p\u00e5 tilbud!\u00a0\u00a0Tjek den bedste pris, produkt beskrivelse, video, test, anmeldelser osv.<\/p>\n<p><strong>Brand: <\/strong>Philips<br \/>\n<strong>EAN: <\/strong>8710103786559<br \/>\n<strong>Producentens varenr.:<\/strong> 8710103786559<\/p>\n<p><strong>P.S.<\/strong><br \/>\nTilmeld dig til &#8220;Opret Gratis Prisfald Alarm&#8221;, og bliv underrettet med det samme om prisfald p\u00e5 Philips MG5720\/15 Multigroom 9-i-1, grooming kit til ansigt og h\u00e5r, og f\u00e5 den billigste pris!<\/p>\n<p>&nbsp;<\/p>\n<p>&nbsp;<\/p>\n","protected":false},"excerpt":{"rendered":"<p>K\u00f8b billig Philips MG5720\/15 Multigroom 9-i-1, grooming kit til ansigt og h\u00e5r! Oplev alsidig og effektiv pleje med Philips multigroom 9-i-1, der g\u00f8r det nemt at skabe din personlige stil derhjemme. Med ni forskellige v\u00e6rkt\u00f8jer kan du trimme, style og fjerne u\u00f8nskede h\u00e5r \u2013 fra sk\u00e6g og h\u00e5r til n\u00e6se- og \u00f8reh\u00e5r. Multigroomeren er udstyret [&hellip;]<\/p>\n","protected":false},"featured_media":999980000004475440,"template":"","meta":[],"store":[1272516],"product_brand":[1272519],"product_cat":[1272429,1272413],"product_tag":[1272711,1272706,1275180],"class_list":{"0":"post-447544","1":"product","2":"type-product","3":"status-publish","4":"has-post-thumbnail","6":"store-butik24","7":"product_brand-philips","8":"product_cat-maend-personlig-pleje","9":"product_cat-personlig-pleje","10":"product_tag-maend","11":"product_tag-personlig-pleje","12":"product_tag-philips","13":"pa_maerke-philips","15":"first","16":"instock","17":"product-type-external"},"_links":{"self":[{"href":"https:\/\/www.pricetornado.com\/da\/wp-json\/wp\/v2\/product\/447544","targetHints":{"allow":["GET"]}}],"collection":[{"href":"https:\/\/www.pricetornado.com\/da\/wp-json\/wp\/v2\/product"}],"about":[{"href":"https:\/\/www.pricetornado.com\/da\/wp-json\/wp\/v2\/types\/product"}],"wp:featuredmedia":[{"embeddable":true,"href":"https:\/\/www.pricetornado.com\/da\/wp-json\/"}],"wp:attachment":[{"href":"https:\/\/www.pricetornado.com\/da\/wp-json\/wp\/v2\/media?parent=447544"}],"wp:term":[{"taxonomy":"store","embeddable":true,"href":"https:\/\/www.pricetornado.com\/da\/wp-json\/wp\/v2\/store?post=447544"},{"taxonomy":"product_brand","embeddable":true,"href":"https:\/\/www.pricetornado.com\/da\/wp-json\/wp\/v2\/product_brand?post=447544"},{"taxonomy":"product_cat","embeddable":true,"href":"https:\/\/www.pricetornado.com\/da\/wp-json\/wp\/v2\/product_cat?post=447544"},{"taxonomy":"product_tag","embeddable":true,"href":"https:\/\/www.pricetornado.com\/da\/wp-json\/wp\/v2\/product_tag?post=447544"}],"curies":[{"name":"wp","href":"https:\/\/api.w.org\/{rel}","templated":true}]}}