{"id":447543,"date":"2025-02-22T05:01:07","date_gmt":"2025-02-22T04:01:07","guid":{"rendered":"https:\/\/www.pricetornado.com\/da\/produkt\/philips-led-classic-standard-15w-standard-e27-varm-hvid-mat-ikke-daempbar-1-pak\/"},"modified":"2026-04-17T10:10:18","modified_gmt":"2026-04-17T08:10:18","slug":"philips-led-classic-standard-15w-standard-e27-varm-hvid-mat-ikke-daempbar-1-pak","status":"publish","type":"product","link":"https:\/\/www.pricetornado.com\/da\/produkt\/philips-led-classic-standard-15w-standard-e27-varm-hvid-mat-ikke-daempbar-1-pak\/","title":{"rendered":"PHILIPS LED Classic standard, 15W, standard, E27, varm hvid, mat ikke d\u00e6mpbar, 1 pak"},"content":{"rendered":"<p>K\u00f8b billig PHILIPS LED Classic standard, 15W, standard, E27, varm hvid, mat ikke d\u00e6mpbar, 1 pak!<br \/>\nOplev den klassiske form kombineret med moderne LED-teknologi med PHILIPS LED Classic standardp\u00e6re. Denne LED-p\u00e6re har en standard E27-skruesokkel, der g\u00f8r den kompatibel med de fleste lamper i hjemmet. Med et str\u00f8mforbrug p\u00e5 kun 1,5 W erstatter den en traditionel 15 W gl\u00f8dep\u00e6re og sparer op til 90 % energi sammenlignet med \u00e6ldre lyskilder.P\u00e6ren udsender et varmt hvidt lys med en farvetemperatur p\u00e5 2700K. Den matte, p\u00e6reformede kupling sikrer en bl\u00f8d og diffus lysfordeling, hvilket skaber en hyggelig atmosf\u00e6re i stue eller sovev\u00e6relse. EyeComfort-teknologi minimerer blink og bl\u00e6nding for at reducere belastning af \u00f8jnene ved l\u00e6ngere tids brug.Lang levetid \u2013 op til 15.000 timer reducerer hyppige udskiftningerV\u00e6lg PHILIPS LED Classic, hvis du \u00f8nsker et energibesparende, holdbart og \u00f8jevenligt alternativ til traditionelle p\u00e6rer, uden at g\u00e5 p\u00e5 kompromis med det hyggelige lys. Se ogs\u00e5 vores store udvalg af produkter for flere smarte og milj\u00f8venlige belysningsl\u00f8sninger til hjemmet.<\/p>\n<p>Sammenlign priser p\u00e5 PHILIPS LED Classic standard, 15W, standard, E27, varm hvid, mat ikke d\u00e6mpbar, 1 pak og k\u00f8b online til den billigste pris, samt p\u00e5 tilbud!\u00a0\u00a0Tjek den bedste pris, produkt beskrivelse, video, test, anmeldelser osv.<\/p>\n<p><strong>Brand: <\/strong>Philips<br \/>\n<strong>EAN: <\/strong>8718699762438<br \/>\n<strong>Producentens varenr.:<\/strong> 8718699762438<\/p>\n<p><strong>P.S.<\/strong><br \/>\nTilmeld dig til &#8220;Opret Gratis Prisfald Alarm&#8221;, og bliv underrettet med det samme om prisfald p\u00e5 PHILIPS LED Classic standard, 15W, standard, E27, varm hvid, mat ikke d\u00e6mpbar, 1 pak, og f\u00e5 den billigste pris!<\/p>\n<p>&nbsp;<\/p>\n<p>&nbsp;<\/p>\n","protected":false},"excerpt":{"rendered":"<p>K\u00f8b billig PHILIPS LED Classic standard, 15W, standard, E27, varm hvid, mat ikke d\u00e6mpbar, 1 pak! Oplev den klassiske form kombineret med moderne LED-teknologi med PHILIPS LED Classic standardp\u00e6re. Denne LED-p\u00e6re har en standard E27-skruesokkel, der g\u00f8r den kompatibel med de fleste lamper i hjemmet. Med et str\u00f8mforbrug p\u00e5 kun 1,5 W erstatter den en [&hellip;]<\/p>\n","protected":false},"featured_media":999980000004475430,"template":"","meta":[],"store":[1272516],"product_brand":[1272519],"product_cat":[1272407],"product_tag":[1272697,1275180],"class_list":{"0":"post-447543","1":"product","2":"type-product","3":"status-publish","4":"has-post-thumbnail","6":"store-butik24","7":"product_brand-philips","8":"product_cat-belysning-2","9":"product_tag-belysning","10":"product_tag-philips","11":"pa_maerke-philips","13":"first","14":"instock","15":"product-type-external"},"_links":{"self":[{"href":"https:\/\/www.pricetornado.com\/da\/wp-json\/wp\/v2\/product\/447543","targetHints":{"allow":["GET"]}}],"collection":[{"href":"https:\/\/www.pricetornado.com\/da\/wp-json\/wp\/v2\/product"}],"about":[{"href":"https:\/\/www.pricetornado.com\/da\/wp-json\/wp\/v2\/types\/product"}],"wp:featuredmedia":[{"embeddable":true,"href":"https:\/\/www.pricetornado.com\/da\/wp-json\/"}],"wp:attachment":[{"href":"https:\/\/www.pricetornado.com\/da\/wp-json\/wp\/v2\/media?parent=447543"}],"wp:term":[{"taxonomy":"store","embeddable":true,"href":"https:\/\/www.pricetornado.com\/da\/wp-json\/wp\/v2\/store?post=447543"},{"taxonomy":"product_brand","embeddable":true,"href":"https:\/\/www.pricetornado.com\/da\/wp-json\/wp\/v2\/product_brand?post=447543"},{"taxonomy":"product_cat","embeddable":true,"href":"https:\/\/www.pricetornado.com\/da\/wp-json\/wp\/v2\/product_cat?post=447543"},{"taxonomy":"product_tag","embeddable":true,"href":"https:\/\/www.pricetornado.com\/da\/wp-json\/wp\/v2\/product_tag?post=447543"}],"curies":[{"name":"wp","href":"https:\/\/api.w.org\/{rel}","templated":true}]}}