{"id":447540,"date":"2025-02-20T12:57:02","date_gmt":"2025-02-20T11:57:02","guid":{"rendered":"https:\/\/www.pricetornado.com\/da\/produkt\/scanpan-to-go-termoflaske-750ml-aluminium-oxford-blue\/"},"modified":"2026-04-17T09:29:51","modified_gmt":"2026-04-17T07:29:51","slug":"scanpan-to-go-termoflaske-750ml-aluminium-oxford-blue","status":"publish","type":"product","link":"https:\/\/www.pricetornado.com\/da\/produkt\/scanpan-to-go-termoflaske-750ml-aluminium-oxford-blue\/","title":{"rendered":"Scanpan To Go Termoflaske -750ml &#8211; Aluminium &#8211; Oxford Blue"},"content":{"rendered":"<p>K\u00f8b billig Scanpan To Go Termoflaske -750ml &#8211; Aluminium &#8211; Oxford Blue!<br \/>\ntermoflasker er skabt med fokus p\u00e5 mode, funktionalitet og b\u00e6redygtighed. Denne termoflaske i farven Oxford Blue er lavet af letv\u00e6gtsaluminium, hvilket g\u00f8r den ekstra nem at tage med p\u00e5 farten \u2013 perfekt til b\u00e5de fitnesscentret, arbejdsdagen eller udend\u00f8rsaktiviteter.Scanpan To Go termoflasken holder dine drikkevarer kolde i op til 24 timer eller varme i op til 12 timer takket v\u00e6re effektiv termisk isolering. Flaskens genanvendelige design g\u00f8r den ideel som en fast f\u00f8lgesvend i en travl hverdag eller p\u00e5 eventyr.V\u00e6lg den farve, der matcher dagens outfit. TO GO flaskerne fra Scanpan i forskellige farver bliver hurtigt en fast del af dine accessories, og bidrager samtidig til en mere b\u00e6redygtig livsstil..<\/p>\n<p>Sammenlign priser p\u00e5 Scanpan To Go Termoflaske -750ml &#8211; Aluminium &#8211; Oxford Blue og k\u00f8b online til den billigste pris, samt p\u00e5 tilbud!\u00a0\u00a0Tjek den bedste pris, produkt beskrivelse, video, test, anmeldelser osv.<\/p>\n<p><strong>Brand: <\/strong>Scanpan<br \/>\n<strong>EAN: <\/strong>083421199294<br \/>\n<strong>Producentens varenr.:<\/strong> 083421199294<\/p>\n<p><strong>P.S.<\/strong><br \/>\nTilmeld dig til &#8220;Opret Gratis Prisfald Alarm&#8221;, og bliv underrettet med det samme om prisfald p\u00e5 Scanpan To Go Termoflaske -750ml &#8211; Aluminium &#8211; Oxford Blue, og f\u00e5 den billigste pris!<\/p>\n<p>&nbsp;<\/p>\n<p>&nbsp;<\/p>\n","protected":false},"excerpt":{"rendered":"<p>K\u00f8b billig Scanpan To Go Termoflaske -750ml &#8211; Aluminium &#8211; Oxford Blue! termoflasker er skabt med fokus p\u00e5 mode, funktionalitet og b\u00e6redygtighed. Denne termoflaske i farven Oxford Blue er lavet af letv\u00e6gtsaluminium, hvilket g\u00f8r den ekstra nem at tage med p\u00e5 farten \u2013 perfekt til b\u00e5de fitnesscentret, arbejdsdagen eller udend\u00f8rsaktiviteter.Scanpan To Go termoflasken holder dine [&hellip;]<\/p>\n","protected":false},"featured_media":999980000004475400,"template":"","meta":[],"store":[1272516],"product_brand":[1272521],"product_cat":[831418],"product_tag":[1272683,1275184],"class_list":{"0":"post-447540","1":"product","2":"type-product","3":"status-publish","4":"has-post-thumbnail","6":"store-butik24","7":"product_brand-scanpan","8":"product_cat-koekkenudstyr","9":"product_tag-koekkenudstyr","10":"product_tag-scanpan","11":"pa_maerke-scanpan","13":"first","14":"instock","15":"product-type-external"},"_links":{"self":[{"href":"https:\/\/www.pricetornado.com\/da\/wp-json\/wp\/v2\/product\/447540","targetHints":{"allow":["GET"]}}],"collection":[{"href":"https:\/\/www.pricetornado.com\/da\/wp-json\/wp\/v2\/product"}],"about":[{"href":"https:\/\/www.pricetornado.com\/da\/wp-json\/wp\/v2\/types\/product"}],"wp:featuredmedia":[{"embeddable":true,"href":"https:\/\/www.pricetornado.com\/da\/wp-json\/"}],"wp:attachment":[{"href":"https:\/\/www.pricetornado.com\/da\/wp-json\/wp\/v2\/media?parent=447540"}],"wp:term":[{"taxonomy":"store","embeddable":true,"href":"https:\/\/www.pricetornado.com\/da\/wp-json\/wp\/v2\/store?post=447540"},{"taxonomy":"product_brand","embeddable":true,"href":"https:\/\/www.pricetornado.com\/da\/wp-json\/wp\/v2\/product_brand?post=447540"},{"taxonomy":"product_cat","embeddable":true,"href":"https:\/\/www.pricetornado.com\/da\/wp-json\/wp\/v2\/product_cat?post=447540"},{"taxonomy":"product_tag","embeddable":true,"href":"https:\/\/www.pricetornado.com\/da\/wp-json\/wp\/v2\/product_tag?post=447540"}],"curies":[{"name":"wp","href":"https:\/\/api.w.org\/{rel}","templated":true}]}}