{"id":447537,"date":"2025-02-23T04:22:46","date_gmt":"2025-02-23T03:22:46","guid":{"rendered":"https:\/\/www.pricetornado.com\/da\/produkt\/philips-hx3651-13-sonicare-eltandboerste-hvid\/"},"modified":"2026-04-17T06:09:56","modified_gmt":"2026-04-17T04:09:56","slug":"philips-hx3651-13-sonicare-eltandboerste-hvid","status":"publish","type":"product","link":"https:\/\/www.pricetornado.com\/da\/produkt\/philips-hx3651-13-sonicare-eltandboerste-hvid\/","title":{"rendered":"Philips HX3651\/13 Sonicare eltandb\u00f8rste &#8211; Hvid"},"content":{"rendered":"<p>K\u00f8b billig Philips HX3651\/13 Sonicare eltandb\u00f8rste &#8211; Hvid!<br \/>\nSig farvel til manuel tandb\u00f8rstning og opdag fordelene ved Philips Sonicare eltandb\u00f8rste. Den avancerede soniske teknologi leverer op til 31.000 b\u00f8rstebev\u00e6gelser i minuttet og fjerner op til tre gange mere plak end en manuel tandb\u00f8rste. De blide vibrationer beskytter samtidig tandk\u00f8det og sikrer en n\u00e6nsom, men grundig reng\u00f8ring.Det slanke, ergonomiske h\u00e5ndtag er designet for komfort og nem h\u00e5ndtering. Tandb\u00f8rsten har en LED-indikator, der viser ladestatus, og det genopladelige lithium-ion batteri giver op til 14 dages brug p\u00e5 \u00e9n opladning. Med USB-kompatibel opladning er det nemt at tage tandb\u00f8rsten med p\u00e5 farten og oplade uden behov for en separat adapter. Brug mindre og genbrug mere \u2013 udviklet med fokus p\u00e5 b\u00e6redygtighed.2-minutters SmarTimer hj\u00e6lper dig med at b\u00f8rste den anbefalede tid.QuadPacer deler b\u00f8rstetiden op i fire 30-sekunders intervaller for at sikre, at alle omr\u00e5der i munden reng\u00f8res grundigt.Easy-Start-funktionen \u00f8ger gradvist styrken de f\u00f8rste 14 gange for en nem overgang fra manuel tandb\u00f8rste.Philips Sonicare bruger C1 ProResults b\u00f8rstehoveder med et praktisk klik-p\u00e5 system, der g\u00f8r det hurtigt at udskifte b\u00f8rstehoveder og sikrer optimal hygiejne ved hver b\u00f8rstning.Sikker og sk\u00e5nsom at anvende \u2013 beskytter effektivt tandk\u00f8det.Effektiv fjernelse af op til 3x mere plak end manuel tandb\u00f8rstning.Unik teknologi for effektiv, men n\u00e6nsom reng\u00f8ring.Opgrader din mundpleje med Philips Sonicare eltandb\u00f8rste og oplev en smartere og mere effektiv b\u00f8rstning hver dag. Se vores komplette for flere innovative l\u00f8sninger til din daglige tandpleje.<\/p>\n<p>Sammenlign priser p\u00e5 Philips HX3651\/13 Sonicare eltandb\u00f8rste &#8211; Hvid og k\u00f8b online til den billigste pris, samt p\u00e5 tilbud!\u00a0\u00a0Tjek den bedste pris, produkt beskrivelse, video, test, anmeldelser osv.<\/p>\n<p><strong>Brand: <\/strong>Philips<br \/>\n<strong>EAN: <\/strong>8710103985501<br \/>\n<strong>Producentens varenr.:<\/strong> 8710103985501<\/p>\n<p><strong>P.S.<\/strong><br \/>\nTilmeld dig til &#8220;Opret Gratis Prisfald Alarm&#8221;, og bliv underrettet med det samme om prisfald p\u00e5 Philips HX3651\/13 Sonicare eltandb\u00f8rste &#8211; Hvid, og f\u00e5 den billigste pris!<\/p>\n<p>&nbsp;<\/p>\n<p>&nbsp;<\/p>\n","protected":false},"excerpt":{"rendered":"<p>K\u00f8b billig Philips HX3651\/13 Sonicare eltandb\u00f8rste &#8211; Hvid! Sig farvel til manuel tandb\u00f8rstning og opdag fordelene ved Philips Sonicare eltandb\u00f8rste. Den avancerede soniske teknologi leverer op til 31.000 b\u00f8rstebev\u00e6gelser i minuttet og fjerner op til tre gange mere plak end en manuel tandb\u00f8rste. De blide vibrationer beskytter samtidig tandk\u00f8det og sikrer en n\u00e6nsom, men grundig [&hellip;]<\/p>\n","protected":false},"featured_media":999980000004475370,"template":"","meta":[],"store":[1272516],"product_brand":[1272519],"product_cat":[1272446],"product_tag":[1275180,1272715],"class_list":{"0":"post-447537","1":"product","2":"type-product","3":"status-publish","4":"has-post-thumbnail","6":"store-butik24","7":"product_brand-philips","8":"product_cat-tandpleje-2","9":"product_tag-philips","10":"product_tag-tandpleje","11":"pa_maerke-philips","13":"first","14":"instock","15":"product-type-external"},"_links":{"self":[{"href":"https:\/\/www.pricetornado.com\/da\/wp-json\/wp\/v2\/product\/447537","targetHints":{"allow":["GET"]}}],"collection":[{"href":"https:\/\/www.pricetornado.com\/da\/wp-json\/wp\/v2\/product"}],"about":[{"href":"https:\/\/www.pricetornado.com\/da\/wp-json\/wp\/v2\/types\/product"}],"wp:featuredmedia":[{"embeddable":true,"href":"https:\/\/www.pricetornado.com\/da\/wp-json\/"}],"wp:attachment":[{"href":"https:\/\/www.pricetornado.com\/da\/wp-json\/wp\/v2\/media?parent=447537"}],"wp:term":[{"taxonomy":"store","embeddable":true,"href":"https:\/\/www.pricetornado.com\/da\/wp-json\/wp\/v2\/store?post=447537"},{"taxonomy":"product_brand","embeddable":true,"href":"https:\/\/www.pricetornado.com\/da\/wp-json\/wp\/v2\/product_brand?post=447537"},{"taxonomy":"product_cat","embeddable":true,"href":"https:\/\/www.pricetornado.com\/da\/wp-json\/wp\/v2\/product_cat?post=447537"},{"taxonomy":"product_tag","embeddable":true,"href":"https:\/\/www.pricetornado.com\/da\/wp-json\/wp\/v2\/product_tag?post=447537"}],"curies":[{"name":"wp","href":"https:\/\/api.w.org\/{rel}","templated":true}]}}