{"id":447534,"date":"2025-02-25T20:17:06","date_gmt":"2025-02-25T19:17:06","guid":{"rendered":"https:\/\/www.pricetornado.com\/da\/produkt\/philips-ca6521-00-senseo-afkalkningssaet\/"},"modified":"2026-04-17T08:50:08","modified_gmt":"2026-04-17T06:50:08","slug":"philips-ca6521-00-senseo-afkalkningssaet","status":"publish","type":"product","link":"https:\/\/www.pricetornado.com\/da\/produkt\/philips-ca6521-00-senseo-afkalkningssaet\/","title":{"rendered":"Philips CA6521\/00 SENSEO Afkalkningss\u00e6t"},"content":{"rendered":"<p>K\u00f8b billig Philips CA6521\/00 SENSEO Afkalkningss\u00e6t!<br \/>\nAlt, hvad du beh\u00f8ver til 6 m\u00e5neders ro i sindet: Med SENSEO afkalkningss\u00e6ttet f\u00e5r du en effektiv l\u00f8sning til at fjerne kalkaflejringer fra alle SENSEO-kaffemaskiner. Det hj\u00e6lper dig med at bevare den friske smag af SENSEO kaffe, forhindrer tilstopning og sikrer, at din kaffemaskine fungerer optimalt \u2013 hver gang.De medf\u00f8lgende afkalkningspuder fanger kalkpartikler under processen og forebygger tilstopning af din kaffemaskine. Det sikrer et rent internt kredsl\u00f8b og en optimal brygning hver gang.SENSEO afkalkningss\u00e6t er det ideelle valg til dig, der \u00f8nsker nem vedligeholdelse og optimal smag fra din kaffemaskine. Opdag flere produkter til din kaffeoplevelse i vores udvalg af .<\/p>\n<p>Sammenlign priser p\u00e5 Philips CA6521\/00 SENSEO Afkalkningss\u00e6t og k\u00f8b online til den billigste pris, samt p\u00e5 tilbud!\u00a0\u00a0Tjek den bedste pris, produkt beskrivelse, video, test, anmeldelser osv.<\/p>\n<p><strong>Brand: <\/strong>Philips<br \/>\n<strong>EAN: <\/strong>8710103885429<br \/>\n<strong>Producentens varenr.:<\/strong> 8710103885429<\/p>\n<p><strong>P.S.<\/strong><br \/>\nTilmeld dig til &#8220;Opret Gratis Prisfald Alarm&#8221;, og bliv underrettet med det samme om prisfald p\u00e5 Philips CA6521\/00 SENSEO Afkalkningss\u00e6t, og f\u00e5 den billigste pris!<\/p>\n<p>&nbsp;<\/p>\n<p>&nbsp;<\/p>\n","protected":false},"excerpt":{"rendered":"<p>K\u00f8b billig Philips CA6521\/00 SENSEO Afkalkningss\u00e6t! Alt, hvad du beh\u00f8ver til 6 m\u00e5neders ro i sindet: Med SENSEO afkalkningss\u00e6ttet f\u00e5r du en effektiv l\u00f8sning til at fjerne kalkaflejringer fra alle SENSEO-kaffemaskiner. Det hj\u00e6lper dig med at bevare den friske smag af SENSEO kaffe, forhindrer tilstopning og sikrer, at din kaffemaskine fungerer optimalt \u2013 hver gang.De [&hellip;]<\/p>\n","protected":false},"featured_media":999980000004475340,"template":"","meta":[],"store":[1272516],"product_brand":[1272519],"product_cat":[855237],"product_tag":[1272770,1275180],"class_list":{"0":"post-447534","1":"product","2":"type-product","3":"status-publish","4":"has-post-thumbnail","6":"store-butik24","7":"product_brand-philips","8":"product_cat-kaffemaskiner","9":"product_tag-kaffemaskiner","10":"product_tag-philips","11":"pa_maerke-philips","13":"first","14":"instock","15":"product-type-external"},"_links":{"self":[{"href":"https:\/\/www.pricetornado.com\/da\/wp-json\/wp\/v2\/product\/447534","targetHints":{"allow":["GET"]}}],"collection":[{"href":"https:\/\/www.pricetornado.com\/da\/wp-json\/wp\/v2\/product"}],"about":[{"href":"https:\/\/www.pricetornado.com\/da\/wp-json\/wp\/v2\/types\/product"}],"wp:featuredmedia":[{"embeddable":true,"href":"https:\/\/www.pricetornado.com\/da\/wp-json\/"}],"wp:attachment":[{"href":"https:\/\/www.pricetornado.com\/da\/wp-json\/wp\/v2\/media?parent=447534"}],"wp:term":[{"taxonomy":"store","embeddable":true,"href":"https:\/\/www.pricetornado.com\/da\/wp-json\/wp\/v2\/store?post=447534"},{"taxonomy":"product_brand","embeddable":true,"href":"https:\/\/www.pricetornado.com\/da\/wp-json\/wp\/v2\/product_brand?post=447534"},{"taxonomy":"product_cat","embeddable":true,"href":"https:\/\/www.pricetornado.com\/da\/wp-json\/wp\/v2\/product_cat?post=447534"},{"taxonomy":"product_tag","embeddable":true,"href":"https:\/\/www.pricetornado.com\/da\/wp-json\/wp\/v2\/product_tag?post=447534"}],"curies":[{"name":"wp","href":"https:\/\/api.w.org\/{rel}","templated":true}]}}