{"id":447530,"date":"2025-02-25T18:07:15","date_gmt":"2025-02-25T17:07:15","guid":{"rendered":"https:\/\/www.pricetornado.com\/da\/produkt\/philips-tat3216bk-00-aegte-traadloese-hovedtelefoner\/"},"modified":"2026-04-18T02:20:08","modified_gmt":"2026-04-18T00:20:08","slug":"philips-tat3216bk-00-aegte-traadloese-hovedtelefoner","status":"publish","type":"product","link":"https:\/\/www.pricetornado.com\/da\/produkt\/philips-tat3216bk-00-aegte-traadloese-hovedtelefoner\/","title":{"rendered":"Philips TAT3216BK\/00 \u00c6gte tr\u00e5dl\u00f8se hovedtelefoner"},"content":{"rendered":"<p>K\u00f8b billig Philips TAT3216BK\/00 \u00c6gte tr\u00e5dl\u00f8se hovedtelefoner!<br \/>\nOplev friheden ved Philips TAT3216 \u00e6gte tr\u00e5dl\u00f8se hovedtelefoner med en sikker in-ear-pasform, der er skabt til b\u00e5de komfort og ydelse. De bl\u00f8de silikone-\u00f8repropper og stabiliserende vingespidser findes i tre st\u00f8rrelser, s\u00e5 du f\u00e5r en individuel og komfortabel pasform \u2013 ideel til b\u00e5de tr\u00e6ning og hverdagsbrug. Hovedtelefonerne sidder stabilt, selv under bev\u00e6gelse, og leveres med IPX5-certificeret beskyttelse mod vand og sved, s\u00e5 de er perfekte til b\u00e5de regnfulde dage og intense tr\u00e6ningspas.Med op til 24 timers samlet spilletid \u2013 6 timer p\u00e5 en fuld opladning og yderligere 18 timer med det medf\u00f8lgende b\u00e6rbare USB-C-opladeretui \u2013 kan du nyde musik, podcasts og opkald hele dagen. Takket v\u00e6re hurtigopladning f\u00e5r du en ekstra times playback p\u00e5 blot 15 minutters opladning, hvilket g\u00f8r hovedtelefonerne velegnede til et aktivt liv p\u00e5 farten.Philips TAT3216 er udstyret med 6 mm neodym-drivere, som leverer klar lyd og kraftfuld bas. Med Philips&apos; hovedtelefonapp kan du tilpasse lydbilledet med en justerbar equalizer (EQ), s\u00e5 du f\u00e5r den lyd, du foretr\u00e6kker \u2013 uanset om det g\u00e6lder musik, telefonm\u00f8der eller podcasts.Bluetooth 5.0 skaber stabil tr\u00e5dl\u00f8s forbindelse med op til 10 meters r\u00e6kkeviddeMed Philips&apos; \u00e6gte tr\u00e5dl\u00f8se hovedtelefoner f\u00e5r du den optimale kombination af komfort, lang batteritid og kvalitetslyd \u2013 perfekt til b\u00e5de arbejde, tr\u00e6ning og afslapning. Se hele vores udvalg af hos Butik24.<\/p>\n<p>Sammenlign priser p\u00e5 Philips TAT3216BK\/00 \u00c6gte tr\u00e5dl\u00f8se hovedtelefoner og k\u00f8b online til den billigste pris, samt p\u00e5 tilbud!\u00a0\u00a0Tjek den bedste pris, produkt beskrivelse, video, test, anmeldelser osv.<\/p>\n<p><strong>Brand: <\/strong>Philips<br \/>\n<strong>EAN: <\/strong>4895229117488<br \/>\n<strong>Producentens varenr.:<\/strong> 4895229117488<\/p>\n<p><strong>P.S.<\/strong><br \/>\nTilmeld dig til &#8220;Opret Gratis Prisfald Alarm&#8221;, og bliv underrettet med det samme om prisfald p\u00e5 Philips TAT3216BK\/00 \u00c6gte tr\u00e5dl\u00f8se hovedtelefoner, og f\u00e5 den billigste pris!<\/p>\n<p>&nbsp;<\/p>\n<p>&nbsp;<\/p>\n","protected":false},"excerpt":{"rendered":"<p>K\u00f8b billig Philips TAT3216BK\/00 \u00c6gte tr\u00e5dl\u00f8se hovedtelefoner! Oplev friheden ved Philips TAT3216 \u00e6gte tr\u00e5dl\u00f8se hovedtelefoner med en sikker in-ear-pasform, der er skabt til b\u00e5de komfort og ydelse. De bl\u00f8de silikone-\u00f8repropper og stabiliserende vingespidser findes i tre st\u00f8rrelser, s\u00e5 du f\u00e5r en individuel og komfortabel pasform \u2013 ideel til b\u00e5de tr\u00e6ning og hverdagsbrug. Hovedtelefonerne sidder stabilt, [&hellip;]<\/p>\n","protected":false},"featured_media":999980000004475300,"template":"","meta":[],"store":[1272516],"product_brand":[1272519],"product_cat":[1272434],"product_tag":[1272843,1275180],"class_list":{"0":"post-447530","1":"product","2":"type-product","3":"status-publish","4":"has-post-thumbnail","6":"store-butik24","7":"product_brand-philips","8":"product_cat-hovedtelefoner","9":"product_tag-hovedtelefoner","10":"product_tag-philips","11":"pa_maerke-philips","13":"first","14":"instock","15":"product-type-external"},"_links":{"self":[{"href":"https:\/\/www.pricetornado.com\/da\/wp-json\/wp\/v2\/product\/447530","targetHints":{"allow":["GET"]}}],"collection":[{"href":"https:\/\/www.pricetornado.com\/da\/wp-json\/wp\/v2\/product"}],"about":[{"href":"https:\/\/www.pricetornado.com\/da\/wp-json\/wp\/v2\/types\/product"}],"wp:featuredmedia":[{"embeddable":true,"href":"https:\/\/www.pricetornado.com\/da\/wp-json\/"}],"wp:attachment":[{"href":"https:\/\/www.pricetornado.com\/da\/wp-json\/wp\/v2\/media?parent=447530"}],"wp:term":[{"taxonomy":"store","embeddable":true,"href":"https:\/\/www.pricetornado.com\/da\/wp-json\/wp\/v2\/store?post=447530"},{"taxonomy":"product_brand","embeddable":true,"href":"https:\/\/www.pricetornado.com\/da\/wp-json\/wp\/v2\/product_brand?post=447530"},{"taxonomy":"product_cat","embeddable":true,"href":"https:\/\/www.pricetornado.com\/da\/wp-json\/wp\/v2\/product_cat?post=447530"},{"taxonomy":"product_tag","embeddable":true,"href":"https:\/\/www.pricetornado.com\/da\/wp-json\/wp\/v2\/product_tag?post=447530"}],"curies":[{"name":"wp","href":"https:\/\/api.w.org\/{rel}","templated":true}]}}