{"id":447528,"date":"2025-02-27T14:50:38","date_gmt":"2025-02-27T13:50:38","guid":{"rendered":"https:\/\/www.pricetornado.com\/da\/produkt\/nedis-udendoers-tv-skaerm-cover-skaermstoerrelse-55-58-hoejeste-kvalitet-oxford-sort-tvoc5558bk\/"},"modified":"2026-04-17T06:20:37","modified_gmt":"2026-04-17T04:20:37","slug":"nedis-udendoers-tv-skaerm-cover-skaermstoerrelse-55-58-hoejeste-kvalitet-oxford-sort-tvoc5558bk","status":"publish","type":"product","link":"https:\/\/www.pricetornado.com\/da\/produkt\/nedis-udendoers-tv-skaerm-cover-skaermstoerrelse-55-58-hoejeste-kvalitet-oxford-sort-tvoc5558bk\/","title":{"rendered":"Nedis &#8211; Udend\u00f8rs TV Sk\u00e6rm Cover | Sk\u00e6rmst\u00f8rrelse: 55 &#8211; 58 &quot; | H\u00f8jeste kvalitet Oxford | Sort &#8211; TVOC5558BK"},"content":{"rendered":"<p>K\u00f8b billig Nedis &#8211; Udend\u00f8rs TV Sk\u00e6rm Cover | Sk\u00e6rmst\u00f8rrelse: 55 &#8211; 58 &quot; | H\u00f8jeste kvalitet Oxford | Sort &#8211; TVOC5558BK!<br \/>\nBeskyt dit udend\u00f8rs tv effektivt med dette Nedis tv-overtr\u00e6k, der er velegnet til sk\u00e6rme mellem 55 og 58 tommer. Overtr\u00e6kket er fremstillet af Oxford-tekstil i suver\u00e6n kvalitet, hvilket sikrer langtidsholdbar og st\u00e6rk beskyttelse mod regn, fugt, vind, sollys, st\u00f8v og fugleklatter.Oxford-materialet er kendt for sin styrke og modstandsdygtighed mod slid, hvilket garanterer, at dit tv er optimalt beskyttet \u00e5r efter \u00e5r. Overtr\u00e6kket giver 360\u00b0 vandafvisende beskyttelse, s\u00e5 dit tv forbliver t\u00f8rt og sikkert under alle vejrforhold.Dette Nedis tv-overtr\u00e6k er den ideelle l\u00f8sning, hvis du \u00f8nsker langtidsholdbar, p\u00e5lidelig og komplet beskyttelse af dit tv i det fri.<\/p>\n<p>Sammenlign priser p\u00e5 Nedis &#8211; Udend\u00f8rs TV Sk\u00e6rm Cover | Sk\u00e6rmst\u00f8rrelse: 55 &#8211; 58 &quot; | H\u00f8jeste kvalitet Oxford | Sort &#8211; TVOC5558BK og k\u00f8b online til den billigste pris, samt p\u00e5 tilbud!\u00a0\u00a0Tjek den bedste pris, produkt beskrivelse, video, test, anmeldelser osv.<\/p>\n<p><strong>Brand: <\/strong>Nedis<br \/>\n<strong>EAN: <\/strong>5412810320219<br \/>\n<strong>Producentens varenr.:<\/strong> 5412810320219<\/p>\n<p><strong>P.S.<\/strong><br \/>\nTilmeld dig til &#8220;Opret Gratis Prisfald Alarm&#8221;, og bliv underrettet med det samme om prisfald p\u00e5 Nedis &#8211; Udend\u00f8rs TV Sk\u00e6rm Cover | Sk\u00e6rmst\u00f8rrelse: 55 &#8211; 58 &quot; | H\u00f8jeste kvalitet Oxford | Sort &#8211; TVOC5558BK, og f\u00e5 den billigste pris!<\/p>\n<p>&nbsp;<\/p>\n<p>&nbsp;<\/p>\n","protected":false},"excerpt":{"rendered":"<p>K\u00f8b billig Nedis &#8211; Udend\u00f8rs TV Sk\u00e6rm Cover | Sk\u00e6rmst\u00f8rrelse: 55 &#8211; 58 &quot; | H\u00f8jeste kvalitet Oxford | Sort &#8211; TVOC5558BK! Beskyt dit udend\u00f8rs tv effektivt med dette Nedis tv-overtr\u00e6k, der er velegnet til sk\u00e6rme mellem 55 og 58 tommer. Overtr\u00e6kket er fremstillet af Oxford-tekstil i suver\u00e6n kvalitet, hvilket sikrer langtidsholdbar og st\u00e6rk beskyttelse [&hellip;]<\/p>\n","protected":false},"featured_media":999980000004475280,"template":"","meta":[],"store":[1272516],"product_brand":[1272517],"product_cat":[1272427],"product_tag":[1272678,1275178],"class_list":{"0":"post-447528","1":"product","2":"type-product","3":"status-publish","4":"has-post-thumbnail","6":"store-butik24","7":"product_brand-nedis","8":"product_cat-beslag","9":"product_tag-beslag","10":"product_tag-nedis","11":"pa_maerke-nedis","13":"first","14":"instock","15":"product-type-external"},"_links":{"self":[{"href":"https:\/\/www.pricetornado.com\/da\/wp-json\/wp\/v2\/product\/447528","targetHints":{"allow":["GET"]}}],"collection":[{"href":"https:\/\/www.pricetornado.com\/da\/wp-json\/wp\/v2\/product"}],"about":[{"href":"https:\/\/www.pricetornado.com\/da\/wp-json\/wp\/v2\/types\/product"}],"wp:featuredmedia":[{"embeddable":true,"href":"https:\/\/www.pricetornado.com\/da\/wp-json\/"}],"wp:attachment":[{"href":"https:\/\/www.pricetornado.com\/da\/wp-json\/wp\/v2\/media?parent=447528"}],"wp:term":[{"taxonomy":"store","embeddable":true,"href":"https:\/\/www.pricetornado.com\/da\/wp-json\/wp\/v2\/store?post=447528"},{"taxonomy":"product_brand","embeddable":true,"href":"https:\/\/www.pricetornado.com\/da\/wp-json\/wp\/v2\/product_brand?post=447528"},{"taxonomy":"product_cat","embeddable":true,"href":"https:\/\/www.pricetornado.com\/da\/wp-json\/wp\/v2\/product_cat?post=447528"},{"taxonomy":"product_tag","embeddable":true,"href":"https:\/\/www.pricetornado.com\/da\/wp-json\/wp\/v2\/product_tag?post=447528"}],"curies":[{"name":"wp","href":"https:\/\/api.w.org\/{rel}","templated":true}]}}