{"id":447525,"date":"2025-02-26T22:23:29","date_gmt":"2025-02-26T21:23:29","guid":{"rendered":"https:\/\/www.pricetornado.com\/da\/produkt\/philips-master-tl-e-super-80-32w-830-varm-hvid-30cm\/"},"modified":"2026-04-18T09:00:14","modified_gmt":"2026-04-18T07:00:14","slug":"philips-master-tl-e-super-80-32w-830-varm-hvid-30cm","status":"publish","type":"product","link":"https:\/\/www.pricetornado.com\/da\/produkt\/philips-master-tl-e-super-80-32w-830-varm-hvid-30cm\/","title":{"rendered":"Philips MASTER TL &#8211; E Super 80 32W &#8211; 830 varm hvid | 30cm"},"content":{"rendered":"<p>K\u00f8b billig Philips MASTER TL &#8211; E Super 80 32W &#8211; 830 varm hvid | 30cm!<br \/>\nPhilips Master TL-E Super 80 32W er et cirkul\u00e6rt lysstofr\u00f8r designet til professionelle indend\u00f8rs belysningsl\u00f8sninger. Lampen har et slidst\u00e6rkt glasr\u00f8r med en diameter p\u00e5 cirka 29 mm og en G10q-fatning, der sikrer stabil elektrisk forbindelse og mekanisk holdbarhed. Den indvendige bel\u00e6gning med Super 80 fosforteknologi giver h\u00f8j farvegengivelse og effektivitet, hvilket g\u00f8r denne lampe ideel, hvor der \u00f8nskes lang levetid og h\u00f8j lyskvalitet.Lampen udsender et varmt hvidt lys (3000K) med en farvegengivelsesindeks (Ra) p\u00e5 85 og leverer en lysstr\u00f8m p\u00e5 ca. 2375 lumen ved et energiforbrug p\u00e5 32 watt. Denne kombination sikrer energieffektiv, naturlig og behagelig belysning, hvor farver gengives autentisk og klart.Lang levetid p\u00e5 ca. 9000 timer reducerer udskiftningsfrekvensenPhilips Master TL-E Super 80 32W er velegnet til professionelle indend\u00f8rs milj\u00f8er, hvor p\u00e5lidelighed, lang levetid og h\u00f8j lyskvalitet prioriteres. Lampens robuste glasr\u00f8r og solide fatning sikrer sikker drift under normale forhold, og produktet lever op til de g\u00e6ngse krav til Philips\u2019 professionelle belysningsprodukter.Har du brug for en cirkul\u00e6r lysstofr\u00f8rsl\u00f8sning med h\u00f8j lyskvalitet, effektivitet og fleksibel lysregulering, er Philips Master TL-E Super 80 32W et sikkert valg. Oplev naturlig og komfortabel belysning til dine professionelle indend\u00f8rs projekter.<\/p>\n<p>Sammenlign priser p\u00e5 Philips MASTER TL &#8211; E Super 80 32W &#8211; 830 varm hvid | 30cm og k\u00f8b online til den billigste pris, samt p\u00e5 tilbud!\u00a0\u00a0Tjek den bedste pris, produkt beskrivelse, video, test, anmeldelser osv.<\/p>\n<p><strong>Brand: <\/strong>Philips<br \/>\n<strong>EAN: <\/strong>8711500559678<br \/>\n<strong>Producentens varenr.:<\/strong> 8711500559678<\/p>\n<p><strong>P.S.<\/strong><br \/>\nTilmeld dig til &#8220;Opret Gratis Prisfald Alarm&#8221;, og bliv underrettet med det samme om prisfald p\u00e5 Philips MASTER TL &#8211; E Super 80 32W &#8211; 830 varm hvid | 30cm, og f\u00e5 den billigste pris!<\/p>\n<p>&nbsp;<\/p>\n<p>&nbsp;<\/p>\n","protected":false},"excerpt":{"rendered":"<p>K\u00f8b billig Philips MASTER TL &#8211; E Super 80 32W &#8211; 830 varm hvid | 30cm! Philips Master TL-E Super 80 32W er et cirkul\u00e6rt lysstofr\u00f8r designet til professionelle indend\u00f8rs belysningsl\u00f8sninger. Lampen har et slidst\u00e6rkt glasr\u00f8r med en diameter p\u00e5 cirka 29 mm og en G10q-fatning, der sikrer stabil elektrisk forbindelse og mekanisk holdbarhed. Den [&hellip;]<\/p>\n","protected":false},"featured_media":999980000004475250,"template":"","meta":[],"store":[1272516],"product_brand":[1272519],"product_cat":[1272407],"product_tag":[1272697,1275180],"class_list":{"0":"post-447525","1":"product","2":"type-product","3":"status-publish","4":"has-post-thumbnail","6":"store-butik24","7":"product_brand-philips","8":"product_cat-belysning-2","9":"product_tag-belysning","10":"product_tag-philips","11":"pa_maerke-philips","13":"first","14":"instock","15":"product-type-external"},"_links":{"self":[{"href":"https:\/\/www.pricetornado.com\/da\/wp-json\/wp\/v2\/product\/447525","targetHints":{"allow":["GET"]}}],"collection":[{"href":"https:\/\/www.pricetornado.com\/da\/wp-json\/wp\/v2\/product"}],"about":[{"href":"https:\/\/www.pricetornado.com\/da\/wp-json\/wp\/v2\/types\/product"}],"wp:featuredmedia":[{"embeddable":true,"href":"https:\/\/www.pricetornado.com\/da\/wp-json\/"}],"wp:attachment":[{"href":"https:\/\/www.pricetornado.com\/da\/wp-json\/wp\/v2\/media?parent=447525"}],"wp:term":[{"taxonomy":"store","embeddable":true,"href":"https:\/\/www.pricetornado.com\/da\/wp-json\/wp\/v2\/store?post=447525"},{"taxonomy":"product_brand","embeddable":true,"href":"https:\/\/www.pricetornado.com\/da\/wp-json\/wp\/v2\/product_brand?post=447525"},{"taxonomy":"product_cat","embeddable":true,"href":"https:\/\/www.pricetornado.com\/da\/wp-json\/wp\/v2\/product_cat?post=447525"},{"taxonomy":"product_tag","embeddable":true,"href":"https:\/\/www.pricetornado.com\/da\/wp-json\/wp\/v2\/product_tag?post=447525"}],"curies":[{"name":"wp","href":"https:\/\/api.w.org\/{rel}","templated":true}]}}