{"id":447524,"date":"2025-02-27T21:23:24","date_gmt":"2025-02-27T20:23:24","guid":{"rendered":"https:\/\/www.pricetornado.com\/da\/produkt\/philips-hue-white-ambiance-milliskin-recessed-indbygningsspots-3-pak\/"},"modified":"2026-04-21T03:30:14","modified_gmt":"2026-04-21T01:30:14","slug":"philips-hue-white-ambiance-milliskin-recessed-indbygningsspots-3-pak","status":"publish","type":"product","link":"https:\/\/www.pricetornado.com\/da\/produkt\/philips-hue-white-ambiance-milliskin-recessed-indbygningsspots-3-pak\/","title":{"rendered":"Philips Hue white ambiance Milliskin recessed Indbygningsspots 3-pak"},"content":{"rendered":"<p>K\u00f8b billig Philips Hue white ambiance Milliskin recessed Indbygningsspots 3-pak!<br \/>\nPhilips Hue White Ambiance Milliskin indbygningsspot i hvid er designet til at g\u00e5 diskret i \u00e9t med loftet og sikrer fleksibel belysning i ethvert rum. Det justerbare spothoved g\u00f8r det muligt at rette lyset pr\u00e6cist, mens du kan v\u00e6lge alt fra varmt til k\u00f8ligt hvidt lys i et farvetemperaturomr\u00e5de p\u00e5 2200K-6500K, s\u00e5 stemningen passer til ethvert behov.Spottet kan styres direkte via Bluetooth med Philips Hue-appen eller med stemmekommandoer gennem Alexa, Google Home eller Apple HomeKit. Vil du have adgang til avancerede og intelligente belysningsfunktioner som automatisering og fjernbetjening, kan du tilf\u00f8je en Hue Bridge. Spotlyset kan ogs\u00e5 d\u00e6mpes via appen eller en Hue-dimmerswitch.Str\u00f8mforbrug p\u00e5 4,2-5,5 W per spot og lang levetid op til 25.000 timerPhilips Hue Milliskin 3-pak sikrer en samlet lysstyrke p\u00e5 cirka 1.200 lumen ved 4.000K. Det stilrene, hvide look og materialevalget g\u00f8r dem ideelle til moderne hjem. IP20-klassificeringen betyder, at spotsene er beregnet til brug i almindelige indend\u00f8rsrum med t\u00f8rre loftkonstruktioner. og skab pr\u00e6cis den belysning, du \u00f8nsker i hjemmet med smart, fleksibel styring.<\/p>\n<p>Sammenlign priser p\u00e5 Philips Hue white ambiance Milliskin recessed Indbygningsspots 3-pak og k\u00f8b online til den billigste pris, samt p\u00e5 tilbud!\u00a0\u00a0Tjek den bedste pris, produkt beskrivelse, video, test, anmeldelser osv.<\/p>\n<p><strong>Brand: <\/strong>Philips Hue<br \/>\n<strong>EAN: <\/strong>8719514342842<br \/>\n<strong>Producentens varenr.:<\/strong> 8719514342842<\/p>\n<p><strong>P.S.<\/strong><br \/>\nTilmeld dig til &#8220;Opret Gratis Prisfald Alarm&#8221;, og bliv underrettet med det samme om prisfald p\u00e5 Philips Hue white ambiance Milliskin recessed Indbygningsspots 3-pak, og f\u00e5 den billigste pris!<\/p>\n<p>&nbsp;<\/p>\n<p>&nbsp;<\/p>\n","protected":false},"excerpt":{"rendered":"<p>K\u00f8b billig Philips Hue white ambiance Milliskin recessed Indbygningsspots 3-pak! Philips Hue White Ambiance Milliskin indbygningsspot i hvid er designet til at g\u00e5 diskret i \u00e9t med loftet og sikrer fleksibel belysning i ethvert rum. Det justerbare spothoved g\u00f8r det muligt at rette lyset pr\u00e6cist, mens du kan v\u00e6lge alt fra varmt til k\u00f8ligt hvidt [&hellip;]<\/p>\n","protected":false},"featured_media":999980000004475240,"template":"","meta":[],"store":[1272516],"product_brand":[1272523],"product_cat":[1272407],"product_tag":[1272697,1272767],"class_list":{"0":"post-447524","1":"product","2":"type-product","3":"status-publish","4":"has-post-thumbnail","6":"store-butik24","7":"product_brand-philips-hue","8":"product_cat-belysning-2","9":"product_tag-belysning","10":"product_tag-philips-hue","11":"pa_maerke-philips-hue","13":"first","14":"instock","15":"product-type-external"},"_links":{"self":[{"href":"https:\/\/www.pricetornado.com\/da\/wp-json\/wp\/v2\/product\/447524","targetHints":{"allow":["GET"]}}],"collection":[{"href":"https:\/\/www.pricetornado.com\/da\/wp-json\/wp\/v2\/product"}],"about":[{"href":"https:\/\/www.pricetornado.com\/da\/wp-json\/wp\/v2\/types\/product"}],"wp:featuredmedia":[{"embeddable":true,"href":"https:\/\/www.pricetornado.com\/da\/wp-json\/"}],"wp:attachment":[{"href":"https:\/\/www.pricetornado.com\/da\/wp-json\/wp\/v2\/media?parent=447524"}],"wp:term":[{"taxonomy":"store","embeddable":true,"href":"https:\/\/www.pricetornado.com\/da\/wp-json\/wp\/v2\/store?post=447524"},{"taxonomy":"product_brand","embeddable":true,"href":"https:\/\/www.pricetornado.com\/da\/wp-json\/wp\/v2\/product_brand?post=447524"},{"taxonomy":"product_cat","embeddable":true,"href":"https:\/\/www.pricetornado.com\/da\/wp-json\/wp\/v2\/product_cat?post=447524"},{"taxonomy":"product_tag","embeddable":true,"href":"https:\/\/www.pricetornado.com\/da\/wp-json\/wp\/v2\/product_tag?post=447524"}],"curies":[{"name":"wp","href":"https:\/\/api.w.org\/{rel}","templated":true}]}}