{"id":447522,"date":"2025-02-25T16:42:30","date_gmt":"2025-02-25T15:42:30","guid":{"rendered":"https:\/\/www.pricetornado.com\/da\/produkt\/philips-led-classic-filament-25w-t32-roer-e27-guld-daempbar\/"},"modified":"2026-04-19T09:40:17","modified_gmt":"2026-04-19T07:40:17","slug":"philips-led-classic-filament-25w-t32-roer-e27-guld-daempbar","status":"publish","type":"product","link":"https:\/\/www.pricetornado.com\/da\/produkt\/philips-led-classic-filament-25w-t32-roer-e27-guld-daempbar\/","title":{"rendered":"PHILIPS LED Classic Filament 25W, T32 r\u00f8r E27, guld, d\u00e6mpbar"},"content":{"rendered":"<p>K\u00f8b billig PHILIPS LED Classic Filament 25W, T32 r\u00f8r E27, guld, d\u00e6mpbar!<br \/>\nDenne Philips LED-p\u00e6re med T32 r\u00f8r og E27-sokkel udsender et smukt, s\u00e6rligt varmt og flammefarvet lys, perfekt til at skabe en hyggelig og indbydende atmosf\u00e6re i hjemmet. Den gyldne glasfinish og det klassiske filamentdesign giver p\u00e6ren et elegant, vintage udtryk, der passer til mange forskellige indretningsstile.P\u00e6ren bruger kun 4 watt, men lyser som en traditionel 25 watts gl\u00f8dep\u00e6re. Dermed sparer du op mod 84 % p\u00e5 energiforbruget sammenlignet med almindelige gl\u00f8dep\u00e6rer. Philips LED-teknologien garanterer en ekstra lang levetid p\u00e5 op til 15.000 timer og op til 20.000 t\u00e6nd\/sluk-cyklusser, hvilket minimerer behovet for udskiftning og vedligeholdelse.Denne LED-p\u00e6re er d\u00e6mpbar, s\u00e5 du nemt kan tilpasse lysstyrken efter behov og skabe den rette stemning. Med LED-teknologi f\u00e5r du desuden en lyskilde med lav varmeudvikling og uden brug af skadelige materialer som kviks\u00f8lv.V\u00e6lg denne Philips LED filamentp\u00e6re, hvis du \u00f8nsker dekorativ, p\u00e5lidelig og energieffektiv belysning, der skaber en varm og behagelig stemning i dit hjem.<\/p>\n<p>Sammenlign priser p\u00e5 PHILIPS LED Classic Filament 25W, T32 r\u00f8r E27, guld, d\u00e6mpbar og k\u00f8b online til den billigste pris, samt p\u00e5 tilbud!\u00a0\u00a0Tjek den bedste pris, produkt beskrivelse, video, test, anmeldelser osv.<\/p>\n<p><strong>Brand: <\/strong>Philips<br \/>\n<strong>EAN: <\/strong>8719514315495<br \/>\n<strong>Producentens varenr.:<\/strong> 8719514315495<\/p>\n<p><strong>P.S.<\/strong><br \/>\nTilmeld dig til &#8220;Opret Gratis Prisfald Alarm&#8221;, og bliv underrettet med det samme om prisfald p\u00e5 PHILIPS LED Classic Filament 25W, T32 r\u00f8r E27, guld, d\u00e6mpbar, og f\u00e5 den billigste pris!<\/p>\n<p>&nbsp;<\/p>\n<p>&nbsp;<\/p>\n","protected":false},"excerpt":{"rendered":"<p>K\u00f8b billig PHILIPS LED Classic Filament 25W, T32 r\u00f8r E27, guld, d\u00e6mpbar! Denne Philips LED-p\u00e6re med T32 r\u00f8r og E27-sokkel udsender et smukt, s\u00e6rligt varmt og flammefarvet lys, perfekt til at skabe en hyggelig og indbydende atmosf\u00e6re i hjemmet. Den gyldne glasfinish og det klassiske filamentdesign giver p\u00e6ren et elegant, vintage udtryk, der passer til [&hellip;]<\/p>\n","protected":false},"featured_media":999980000004475220,"template":"","meta":[],"store":[1272516],"product_brand":[1272519],"product_cat":[1272407],"product_tag":[1272697,1275180],"class_list":{"0":"post-447522","1":"product","2":"type-product","3":"status-publish","4":"has-post-thumbnail","6":"store-butik24","7":"product_brand-philips","8":"product_cat-belysning-2","9":"product_tag-belysning","10":"product_tag-philips","11":"pa_maerke-philips","13":"first","14":"instock","15":"product-type-external"},"_links":{"self":[{"href":"https:\/\/www.pricetornado.com\/da\/wp-json\/wp\/v2\/product\/447522","targetHints":{"allow":["GET"]}}],"collection":[{"href":"https:\/\/www.pricetornado.com\/da\/wp-json\/wp\/v2\/product"}],"about":[{"href":"https:\/\/www.pricetornado.com\/da\/wp-json\/wp\/v2\/types\/product"}],"wp:featuredmedia":[{"embeddable":true,"href":"https:\/\/www.pricetornado.com\/da\/wp-json\/"}],"wp:attachment":[{"href":"https:\/\/www.pricetornado.com\/da\/wp-json\/wp\/v2\/media?parent=447522"}],"wp:term":[{"taxonomy":"store","embeddable":true,"href":"https:\/\/www.pricetornado.com\/da\/wp-json\/wp\/v2\/store?post=447522"},{"taxonomy":"product_brand","embeddable":true,"href":"https:\/\/www.pricetornado.com\/da\/wp-json\/wp\/v2\/product_brand?post=447522"},{"taxonomy":"product_cat","embeddable":true,"href":"https:\/\/www.pricetornado.com\/da\/wp-json\/wp\/v2\/product_cat?post=447522"},{"taxonomy":"product_tag","embeddable":true,"href":"https:\/\/www.pricetornado.com\/da\/wp-json\/wp\/v2\/product_tag?post=447522"}],"curies":[{"name":"wp","href":"https:\/\/api.w.org\/{rel}","templated":true}]}}