{"id":447515,"date":"2025-02-21T07:35:58","date_gmt":"2025-02-21T06:35:58","guid":{"rendered":"https:\/\/www.pricetornado.com\/da\/produkt\/wiz-kerte-40-w-c37-e14-2\/"},"modified":"2026-04-20T07:30:34","modified_gmt":"2026-04-20T05:30:34","slug":"wiz-kerte-40-w-c37-e14-2","status":"publish","type":"product","link":"https:\/\/www.pricetornado.com\/da\/produkt\/wiz-kerte-40-w-c37-e14-2\/","title":{"rendered":"WIZ Kerte 40 W C37 E14"},"content":{"rendered":"<p>K\u00f8b billig WIZ Kerte 40 W C37 E14!<br \/>\nOplev en ny m\u00e5de at skabe stemning i hjemmet med denne fuldfarvede, stearinlysformede LED-p\u00e6re fra Wiz. I mods\u00e6tning til almindelige stearinlys giver denne smarte p\u00e6re dig adgang til 16,7 millioner farver, s\u00e5 du kan tilpasse lyset til enhver lejlighed \u2013 uanset om det er til fest, en elegant middag eller afslapning p\u00e5 sofaen med en god film. P\u00e6ren kan automatiseres, s\u00e5 lyset altid passer til dine behov og dit hum\u00f8r gennem hele dagen.Styr lyset enkelt ved hj\u00e6lp af WiZ-appen, en WiZ-fjernbetjening eller din stemme \u2013 alt sammen tr\u00e5dl\u00f8st via Wi-Fi. Du kan v\u00e6lge pr\u00e6cis den nuance og lysstyrke, du \u00f8nsker, og skifte mellem forudindstillede lysindstillinger som Fokus eller Afslapning. Appen g\u00f8r det nemt b\u00e5de at justere lyset og overv\u00e5ge energiforbruget.P\u00e6ren er fremstillet af robust plastickabinet og frostet glas, der sikrer h\u00f8j holdbarhed og sikkerhed. Med en forventet levetid p\u00e5 op til 15.000 timer \u2013 ca. 15 \u00e5rs brug ved gennemsnitlig daglig t\u00e6nding \u2013 f\u00e5r du gl\u00e6de af et p\u00e5lideligt og energibesparende lys. for at finde den perfekte p\u00e6re til dine behov.<\/p>\n<p>Sammenlign priser p\u00e5 WIZ Kerte 40 W C37 E14 og k\u00f8b online til den billigste pris, samt p\u00e5 tilbud!\u00a0\u00a0Tjek den bedste pris, produkt beskrivelse, video, test, anmeldelser osv.<\/p>\n<p><strong>Brand: <\/strong>Wiz<br \/>\n<strong>EAN: <\/strong>8718699787097<br \/>\n<strong>Producentens varenr.:<\/strong> 8718699787097<\/p>\n<p><strong>P.S.<\/strong><br \/>\nTilmeld dig til &#8220;Opret Gratis Prisfald Alarm&#8221;, og bliv underrettet med det samme om prisfald p\u00e5 WIZ Kerte 40 W C37 E14, og f\u00e5 den billigste pris!<\/p>\n<p>&nbsp;<\/p>\n<p>&nbsp;<\/p>\n","protected":false},"excerpt":{"rendered":"<p>K\u00f8b billig WIZ Kerte 40 W C37 E14! Oplev en ny m\u00e5de at skabe stemning i hjemmet med denne fuldfarvede, stearinlysformede LED-p\u00e6re fra Wiz. I mods\u00e6tning til almindelige stearinlys giver denne smarte p\u00e6re dig adgang til 16,7 millioner farver, s\u00e5 du kan tilpasse lyset til enhver lejlighed \u2013 uanset om det er til fest, en [&hellip;]<\/p>\n","protected":false},"featured_media":999980000004475150,"template":"","meta":[],"store":[1272516],"product_brand":[1272522],"product_cat":[1272407],"product_tag":[1272697,1275183],"class_list":{"0":"post-447515","1":"product","2":"type-product","3":"status-publish","4":"has-post-thumbnail","6":"store-butik24","7":"product_brand-wiz","8":"product_cat-belysning-2","9":"product_tag-belysning","10":"product_tag-wiz","11":"pa_maerke-wiz","13":"first","14":"instock","15":"product-type-external"},"_links":{"self":[{"href":"https:\/\/www.pricetornado.com\/da\/wp-json\/wp\/v2\/product\/447515","targetHints":{"allow":["GET"]}}],"collection":[{"href":"https:\/\/www.pricetornado.com\/da\/wp-json\/wp\/v2\/product"}],"about":[{"href":"https:\/\/www.pricetornado.com\/da\/wp-json\/wp\/v2\/types\/product"}],"wp:featuredmedia":[{"embeddable":true,"href":"https:\/\/www.pricetornado.com\/da\/wp-json\/"}],"wp:attachment":[{"href":"https:\/\/www.pricetornado.com\/da\/wp-json\/wp\/v2\/media?parent=447515"}],"wp:term":[{"taxonomy":"store","embeddable":true,"href":"https:\/\/www.pricetornado.com\/da\/wp-json\/wp\/v2\/store?post=447515"},{"taxonomy":"product_brand","embeddable":true,"href":"https:\/\/www.pricetornado.com\/da\/wp-json\/wp\/v2\/product_brand?post=447515"},{"taxonomy":"product_cat","embeddable":true,"href":"https:\/\/www.pricetornado.com\/da\/wp-json\/wp\/v2\/product_cat?post=447515"},{"taxonomy":"product_tag","embeddable":true,"href":"https:\/\/www.pricetornado.com\/da\/wp-json\/wp\/v2\/product_tag?post=447515"}],"curies":[{"name":"wp","href":"https:\/\/api.w.org\/{rel}","templated":true}]}}