{"id":447510,"date":"2025-02-27T06:56:11","date_gmt":"2025-02-27T05:56:11","guid":{"rendered":"https:\/\/www.pricetornado.com\/da\/produkt\/nedis-strygejern-2000-w-20-g-m-damp-skud-keramisk-0-20-l-iron500\/"},"modified":"2026-04-17T09:20:19","modified_gmt":"2026-04-17T07:20:19","slug":"nedis-strygejern-2000-w-20-g-m-damp-skud-keramisk-0-20-l-iron500","status":"publish","type":"product","link":"https:\/\/www.pricetornado.com\/da\/produkt\/nedis-strygejern-2000-w-20-g-m-damp-skud-keramisk-0-20-l-iron500\/","title":{"rendered":"Nedis &#8211; Strygejern | 2000 W | 20 g\/m | Damp skud | Keramisk | 0.20 l &#8211; IRON500"},"content":{"rendered":"<p>K\u00f8b billig Nedis &#8211; Strygejern | 2000 W | 20 g\/m | Damp skud | Keramisk | 0.20 l &#8211; IRON500!<br \/>\nOplev ubesv\u00e6ret og effektiv strygning hver dag med Nedis dampstrygejernet. Med en kraftfuld effekt p\u00e5 2000 W varmer strygejernet hurtigt op, s\u00e5 du hurtigt kan komme i gang med strygningen. Den justerbare dampkontrol g\u00f8r det nemt at tilpasse dampm\u00e6ngden til alt fra delikat silke og syntetiske materialer til robust bomuld og linned, s\u00e5 du altid opn\u00e5r det bedste resultat.Strygejernet tilbyder b\u00e5de t\u00f8r-, damp- og sprayfunktion, samt en lodret dampfunktion, s\u00e5 du nemt kan fjerne rynker fra h\u00e6ngende t\u00f8j. Med en kontinuerlig dampydelse p\u00e5 15\u201320 gram pr. minut og et kraftigt dampskud p\u00e5 0,3\u20130,8 gram h\u00e5ndterer du nemt selv genstridige folder og kr\u00f8ller.Den slidst\u00e6rke keramiske stryges\u00e5l glider let hen over tekstilerne og forebygger, at stoffet s\u00e6tter sig fast eller beskadiges. Denne stryges\u00e5l g\u00f8r strygningen mere j\u00e6vn og minimerer slitage p\u00e5 dit t\u00f8j.Med en stor 200 ml vandtank og en bred p\u00e5fyldnings\u00e5bning er det nemt at fylde strygejernet op \u2013 den tilh\u00f8rende m\u00e5lekop g\u00f8r processen endnu lettere. Anti-dryp-systemet sikrer, at der ikke opst\u00e5r vandpletter p\u00e5 t\u00f8jet under strygningen.Strygejernet har et ergonomisk og let design, som sikrer komfortabel h\u00e5ndtering, selv under l\u00e6ngere strygesessioner. Den 1,5 meter lange ledning giver optimal bev\u00e6gelsesfrihed, mens du arbejder.Kraftigt dampskud: 0,3\u20130,8 g pr. skudNedis dampstrygejernet er designet med fokus p\u00e5 ydeevne, holdbarhed og brugervenlighed, hvilket g\u00f8r det til et p\u00e5lideligt valg til hjemmets daglige strygeopgaver. Bestil dit Nedis dampstrygejern i dag og g\u00f8r strygningen b\u00e5de lettere og mere effektiv.<\/p>\n<p>Sammenlign priser p\u00e5 Nedis &#8211; Strygejern | 2000 W | 20 g\/m | Damp skud | Keramisk | 0.20 l &#8211; IRON500 og k\u00f8b online til den billigste pris, samt p\u00e5 tilbud!\u00a0\u00a0Tjek den bedste pris, produkt beskrivelse, video, test, anmeldelser osv.<\/p>\n<p><strong>Brand: <\/strong>Nedis<br \/>\n<strong>EAN: <\/strong>5412810469680<br \/>\n<strong>Producentens varenr.:<\/strong> 5412810469680<\/p>\n<p><strong>P.S.<\/strong><br \/>\nTilmeld dig til &#8220;Opret Gratis Prisfald Alarm&#8221;, og bliv underrettet med det samme om prisfald p\u00e5 Nedis &#8211; Strygejern | 2000 W | 20 g\/m | Damp skud | Keramisk | 0.20 l &#8211; IRON500, og f\u00e5 den billigste pris!<\/p>\n<p>&nbsp;<\/p>\n<p>&nbsp;<\/p>\n","protected":false},"excerpt":{"rendered":"<p>K\u00f8b billig Nedis &#8211; Strygejern | 2000 W | 20 g\/m | Damp skud | Keramisk | 0.20 l &#8211; IRON500! Oplev ubesv\u00e6ret og effektiv strygning hver dag med Nedis dampstrygejernet. Med en kraftfuld effekt p\u00e5 2000 W varmer strygejernet hurtigt op, s\u00e5 du hurtigt kan komme i gang med strygningen. Den justerbare dampkontrol g\u00f8r [&hellip;]<\/p>\n","protected":false},"featured_media":999980000004475100,"template":"","meta":[],"store":[1272516],"product_brand":[1272517],"product_cat":[1272508],"product_tag":[1272837,1275178],"class_list":{"0":"post-447510","1":"product","2":"type-product","3":"status-publish","4":"has-post-thumbnail","6":"store-butik24","7":"product_brand-nedis","8":"product_cat-husholdningsapparater","9":"product_tag-husholdningsapparater","10":"product_tag-nedis","11":"pa_maerke-nedis","13":"first","14":"instock","15":"product-type-external"},"_links":{"self":[{"href":"https:\/\/www.pricetornado.com\/da\/wp-json\/wp\/v2\/product\/447510","targetHints":{"allow":["GET"]}}],"collection":[{"href":"https:\/\/www.pricetornado.com\/da\/wp-json\/wp\/v2\/product"}],"about":[{"href":"https:\/\/www.pricetornado.com\/da\/wp-json\/wp\/v2\/types\/product"}],"wp:featuredmedia":[{"embeddable":true,"href":"https:\/\/www.pricetornado.com\/da\/wp-json\/"}],"wp:attachment":[{"href":"https:\/\/www.pricetornado.com\/da\/wp-json\/wp\/v2\/media?parent=447510"}],"wp:term":[{"taxonomy":"store","embeddable":true,"href":"https:\/\/www.pricetornado.com\/da\/wp-json\/wp\/v2\/store?post=447510"},{"taxonomy":"product_brand","embeddable":true,"href":"https:\/\/www.pricetornado.com\/da\/wp-json\/wp\/v2\/product_brand?post=447510"},{"taxonomy":"product_cat","embeddable":true,"href":"https:\/\/www.pricetornado.com\/da\/wp-json\/wp\/v2\/product_cat?post=447510"},{"taxonomy":"product_tag","embeddable":true,"href":"https:\/\/www.pricetornado.com\/da\/wp-json\/wp\/v2\/product_tag?post=447510"}],"curies":[{"name":"wp","href":"https:\/\/api.w.org\/{rel}","templated":true}]}}