{"id":447503,"date":"2025-02-23T08:41:02","date_gmt":"2025-02-23T07:41:02","guid":{"rendered":"https:\/\/www.pricetornado.com\/da\/produkt\/philips-hue-white-and-color-ambiance-e14-paere\/"},"modified":"2026-04-20T11:00:27","modified_gmt":"2026-04-20T09:00:27","slug":"philips-hue-white-and-color-ambiance-e14-paere","status":"publish","type":"product","link":"https:\/\/www.pricetornado.com\/da\/produkt\/philips-hue-white-and-color-ambiance-e14-paere\/","title":{"rendered":"Philips Hue White and color ambiance E14 p\u00e6re"},"content":{"rendered":"<p>K\u00f8b billig Philips Hue White and color ambiance E14 p\u00e6re!<br \/>\nGiv ethvert rum nyt liv med Philips Hue White and color ambiance E14 p\u00e6ren. Skab stemning med over 16 millioner farver og justerbar hvidt lys (2000K\u20136500K), s\u00e5 du kan tilpasse lyset til enhver lejlighed. Den kompakte B39-form (39 mm i diameter, 117 mm i h\u00f8jden) passer perfekt i mindre lamper og lysekroner, hvilket g\u00f8r den ideel til b\u00e5de moderne og klassiske indretninger.Styr p\u00e6ren direkte fra din smartphone via Philips Hue Bluetooth appen \u2013 t\u00e6nd, sluk og d\u00e6mp op til 10 lyskilder i \u00e9t rum med det samme. \u00d8nsker du flere avancerede muligheder og stemmestyring, kan du koble p\u00e6ren til en Hue Bridge. Dette giver adgang til hele Philips Hue universet, herunder automatiseringer og fjernbetjening.Philips Hue er kompatibel med Amazon Alexa og Google Assistant, n\u00e5r den parres med kompatible enheder, s\u00e5 du kan styre lyset med simple stemmekommandoer \u2013 perfekt til h\u00e6nderfrie rutiner i hjemmet.Med Philips Hue E14 kan du straks indstille lyset til netop det, du har brug for. V\u00e6lg mellem fire forprogrammerede belysningsscener, der g\u00f8r din hverdag lettere:De mange farvemuligheder g\u00f8r det nemt at skifte mellem hyggelys, feststemning eller optimal arbejdsbelysning, alt efter dine behov.Den energieffektive LED-teknologi i Philips Hue E14 p\u00e6ren bruger blot 5,3W, svarende til en traditionel 40W gl\u00f8dep\u00e6re, og leverer op til 470 lumen lysstyrke ved 4000K. P\u00e6ren t\u00e6nder \u00f8jeblikkeligt med 100% lysstyrke og kan d\u00e6mpes tr\u00e5dl\u00f8st via appen. Du f\u00e5r desuden en s\u00e6rdeles lang levetid p\u00e5 op til 25.000 timer (cirka 25 \u00e5rs brug ved 3 timer dagligt) og op til 50.000 t\u00e6nd\/sluk-cyklusser, hvilket sikrer holdbarhed og lavere energiforbrug.P\u00e6ren er designet til at fungere sikkert i temperaturer mellem -20\u00b0C og 45\u00b0C samt luftfugtigheder p\u00e5 5\u201395% (ikke-kondenserende). Den har integreret beskyttelse mod overophedning for maksimal driftssikkerhed.Tilf\u00f8jer du en Hue Bridge (s\u00e6lges separat), kan du styre op til 50 intelligente lyskilder i hele hjemmet \u2013 selv n\u00e5r du ikke er hjemme. S\u00e6t automatiske rutiner op, og tilslut smart tilbeh\u00f8r som bev\u00e6gelsessensorer og tr\u00e5dl\u00f8se kontakter for et endnu smartere hjem.Lang levetid \u2013 op til 25.000 timer og robust mod temperatur- og fugtighedssvingningerOplev fleksibel og langtidsholdbar intelligent belysning med Philips Hue White and color ambiance E14 p\u00e6ren. Start din rejse mod et smartere og mere stemningsfuldt hjem, og se hele vores udvalg af .<\/p>\n<p>Sammenlign priser p\u00e5 Philips Hue White and color ambiance E14 p\u00e6re og k\u00f8b online til den billigste pris, samt p\u00e5 tilbud!\u00a0\u00a0Tjek den bedste pris, produkt beskrivelse, video, test, anmeldelser osv.<\/p>\n<p><strong>Brand: <\/strong>Philips Hue<br \/>\n<strong>EAN: <\/strong>8719514356610<br \/>\n<strong>Producentens varenr.:<\/strong> 8719514356610<\/p>\n<p><strong>P.S.<\/strong><br \/>\nTilmeld dig til &#8220;Opret Gratis Prisfald Alarm&#8221;, og bliv underrettet med det samme om prisfald p\u00e5 Philips Hue White and color ambiance E14 p\u00e6re, og f\u00e5 den billigste pris!<\/p>\n<p>&nbsp;<\/p>\n<p>&nbsp;<\/p>\n","protected":false},"excerpt":{"rendered":"<p>K\u00f8b billig Philips Hue White and color ambiance E14 p\u00e6re! Giv ethvert rum nyt liv med Philips Hue White and color ambiance E14 p\u00e6ren. Skab stemning med over 16 millioner farver og justerbar hvidt lys (2000K\u20136500K), s\u00e5 du kan tilpasse lyset til enhver lejlighed. Den kompakte B39-form (39 mm i diameter, 117 mm i h\u00f8jden) [&hellip;]<\/p>\n","protected":false},"featured_media":999980000004475030,"template":"","meta":[],"store":[1272516],"product_brand":[1272523],"product_cat":[1272422],"product_tag":[1272767],"class_list":{"0":"post-447503","1":"product","2":"type-product","3":"status-publish","4":"has-post-thumbnail","6":"store-butik24","7":"product_brand-philips-hue","8":"product_cat-philips-hue","9":"product_tag-philips-hue","10":"pa_maerke-philips-hue","12":"first","13":"instock","14":"product-type-external"},"_links":{"self":[{"href":"https:\/\/www.pricetornado.com\/da\/wp-json\/wp\/v2\/product\/447503","targetHints":{"allow":["GET"]}}],"collection":[{"href":"https:\/\/www.pricetornado.com\/da\/wp-json\/wp\/v2\/product"}],"about":[{"href":"https:\/\/www.pricetornado.com\/da\/wp-json\/wp\/v2\/types\/product"}],"wp:featuredmedia":[{"embeddable":true,"href":"https:\/\/www.pricetornado.com\/da\/wp-json\/"}],"wp:attachment":[{"href":"https:\/\/www.pricetornado.com\/da\/wp-json\/wp\/v2\/media?parent=447503"}],"wp:term":[{"taxonomy":"store","embeddable":true,"href":"https:\/\/www.pricetornado.com\/da\/wp-json\/wp\/v2\/store?post=447503"},{"taxonomy":"product_brand","embeddable":true,"href":"https:\/\/www.pricetornado.com\/da\/wp-json\/wp\/v2\/product_brand?post=447503"},{"taxonomy":"product_cat","embeddable":true,"href":"https:\/\/www.pricetornado.com\/da\/wp-json\/wp\/v2\/product_cat?post=447503"},{"taxonomy":"product_tag","embeddable":true,"href":"https:\/\/www.pricetornado.com\/da\/wp-json\/wp\/v2\/product_tag?post=447503"}],"curies":[{"name":"wp","href":"https:\/\/api.w.org\/{rel}","templated":true}]}}