{"id":447502,"date":"2025-02-20T04:45:04","date_gmt":"2025-02-20T03:45:04","guid":{"rendered":"https:\/\/www.pricetornado.com\/da\/produkt\/philips-tam8905-10-mikromusiksystem\/"},"modified":"2026-04-17T05:40:02","modified_gmt":"2026-04-17T03:40:02","slug":"philips-tam8905-10-mikromusiksystem","status":"publish","type":"product","link":"https:\/\/www.pricetornado.com\/da\/produkt\/philips-tam8905-10-mikromusiksystem\/","title":{"rendered":"Philips TAM8905\/10 Mikromusiksystem"},"content":{"rendered":"<p>K\u00f8b billig Philips TAM8905\/10 Mikromusiksystem!<br \/>\nFyld rummet med de lyde, du holder af, med Philips TAM8905\/10 mikromusiksystem. Dette attraktive system tilbyder et klassisk design kombineret med moderne funktioner, der g\u00f8r det nemt og fleksibelt at afspille alt din yndlingsmusik. Med internetradio, DAB+ og FM-radio, Spotify Connect, Bluetooth-forbindelse samt en integreret CD-afspiller kan du nyde musik fra alle dine foretrukne kilder. Systemet underst\u00f8tter ogs\u00e5 MP3-CD og leverer altid stor, fyldig lyd.Med en maksimal udgangseffekt p\u00e5 100 W s\u00f8rger basrefleksh\u00f8jttalerne for klare h\u00f8je toner og fyldige dybe toner. 5,25&quot; basenheden og dedikerede diskantenheder giver dig en velafbalanceret og levende lydoplevelse. Du kan tilpasse lyden efter din personlige pr\u00e6ference via digital lydkontrol med forudindstillede lydprofiler.Klassisk look med moderne funktioner, inkl. drejeknap til lydstyrkePhilips mikromusiksystemet er designet til at passe ind i alle hjem med sin solide opbygning. Hovedenheden m\u00e5ler 230 x 145 x 262 mm, og h\u00f8jttalerne m\u00e5ler 174 x 260,6 x 229 mm, hvilket g\u00f8r systemet nemt at placere i enhver boligindretning. Systemet fungerer med almindelig vekselstr\u00f8m og leveres med fjernbetjening for \u00f8get komfort og kontrol. tilbeh\u00f8r og lydsystemer.<\/p>\n<p>Sammenlign priser p\u00e5 Philips TAM8905\/10 Mikromusiksystem og k\u00f8b online til den billigste pris, samt p\u00e5 tilbud!\u00a0\u00a0Tjek den bedste pris, produkt beskrivelse, video, test, anmeldelser osv.<\/p>\n<p><strong>Brand: <\/strong>Philips<br \/>\n<strong>EAN: <\/strong>4895229108912<br \/>\n<strong>Producentens varenr.:<\/strong> 4895229108912<\/p>\n<p><strong>P.S.<\/strong><br \/>\nTilmeld dig til &#8220;Opret Gratis Prisfald Alarm&#8221;, og bliv underrettet med det samme om prisfald p\u00e5 Philips TAM8905\/10 Mikromusiksystem, og f\u00e5 den billigste pris!<\/p>\n<p>&nbsp;<\/p>\n<p>&nbsp;<\/p>\n","protected":false},"excerpt":{"rendered":"<p>K\u00f8b billig Philips TAM8905\/10 Mikromusiksystem! Fyld rummet med de lyde, du holder af, med Philips TAM8905\/10 mikromusiksystem. Dette attraktive system tilbyder et klassisk design kombineret med moderne funktioner, der g\u00f8r det nemt og fleksibelt at afspille alt din yndlingsmusik. Med internetradio, DAB+ og FM-radio, Spotify Connect, Bluetooth-forbindelse samt en integreret CD-afspiller kan du nyde musik [&hellip;]<\/p>\n","protected":false},"featured_media":999980000004475020,"template":"","meta":[],"store":[1272516],"product_brand":[1272519],"product_cat":[1272472],"product_tag":[1272746,1275180],"class_list":{"0":"post-447502","1":"product","2":"type-product","3":"status-publish","4":"has-post-thumbnail","6":"store-butik24","7":"product_brand-philips","8":"product_cat-lyd","9":"product_tag-lyd","10":"product_tag-philips","11":"pa_maerke-philips","13":"first","14":"instock","15":"product-type-external"},"_links":{"self":[{"href":"https:\/\/www.pricetornado.com\/da\/wp-json\/wp\/v2\/product\/447502","targetHints":{"allow":["GET"]}}],"collection":[{"href":"https:\/\/www.pricetornado.com\/da\/wp-json\/wp\/v2\/product"}],"about":[{"href":"https:\/\/www.pricetornado.com\/da\/wp-json\/wp\/v2\/types\/product"}],"wp:featuredmedia":[{"embeddable":true,"href":"https:\/\/www.pricetornado.com\/da\/wp-json\/"}],"wp:attachment":[{"href":"https:\/\/www.pricetornado.com\/da\/wp-json\/wp\/v2\/media?parent=447502"}],"wp:term":[{"taxonomy":"store","embeddable":true,"href":"https:\/\/www.pricetornado.com\/da\/wp-json\/wp\/v2\/store?post=447502"},{"taxonomy":"product_brand","embeddable":true,"href":"https:\/\/www.pricetornado.com\/da\/wp-json\/wp\/v2\/product_brand?post=447502"},{"taxonomy":"product_cat","embeddable":true,"href":"https:\/\/www.pricetornado.com\/da\/wp-json\/wp\/v2\/product_cat?post=447502"},{"taxonomy":"product_tag","embeddable":true,"href":"https:\/\/www.pricetornado.com\/da\/wp-json\/wp\/v2\/product_tag?post=447502"}],"curies":[{"name":"wp","href":"https:\/\/api.w.org\/{rel}","templated":true}]}}