{"id":447501,"date":"2025-02-22T06:07:26","date_gmt":"2025-02-22T05:07:26","guid":{"rendered":"https:\/\/www.pricetornado.com\/da\/produkt\/nedis-kasm100wt-toastmaskine-800-w-hvid\/"},"modified":"2026-04-20T08:30:44","modified_gmt":"2026-04-20T06:30:44","slug":"nedis-kasm100wt-toastmaskine-800-w-hvid","status":"publish","type":"product","link":"https:\/\/www.pricetornado.com\/da\/produkt\/nedis-kasm100wt-toastmaskine-800-w-hvid\/","title":{"rendered":"Nedis KASM100WT Toastmaskine 800 W &#8211; Hvid"},"content":{"rendered":"<p>K\u00f8b billig Nedis KASM100WT Toastmaskine 800 W &#8211; Hvid!<br \/>\nG\u00f8r hverdagen lettere og sandwichene spr\u00f8dere med Nedis toastmaskine p\u00e5 800 W. Med sin h\u00f8je effekt opvarmes toastmaskinen hurtigt, s\u00e5 du kan tilberede dine yndlingssandwich p\u00e5 ingen tid. De non-stick belagte grillplader betyder, at du ikke beh\u00f8ver olie eller sm\u00f8r, og maden br\u00e6nder ikke fast \u2013 samtidig g\u00f8r det reng\u00f8ringen let og hurtig.Toastmaskinen har et slankt og smart design, der kan st\u00e5 oprejst, hvilket sparer plads i k\u00f8kkenet. Med en kompakt st\u00f8rrelse p\u00e5 230 \u00d7 90 \u00d7 230 mm og en v\u00e6gt p\u00e5 kun 1,054 kg er den nem at flytte rundt og opbevare, n\u00e5r den ikke er i brug. Kabinettet og h\u00e5ndtaget er fremstillet i plastik og udstyret med cool-touch overflade, s\u00e5 du undg\u00e5r forbr\u00e6ndinger under brug.Nedis toastmaskinen har indikatorlys, der viser, n\u00e5r der er str\u00f8m til maskinen, og n\u00e5r den er klar til brug, s\u00e5 du hele tiden ved, hvorn\u00e5r du kan starte madlavningen. De glidsikre f\u00f8dder s\u00f8rger for, at apparatet st\u00e5r stabilt p\u00e5 bordet. Bem\u00e6rk, at der ikke er automatisk temperaturregulering, s\u00e5 du skal selv holde \u00f8je med tilberedningen for at opn\u00e5 det bedste resultat.Med Nedis toastmaskine f\u00e5r du en praktisk og effektiv l\u00f8sning til hurtige og l\u00e6kre sandwich hjemme i dit eget k\u00f8kken. Se ogs\u00e5 vores udvalg af for flere innovative l\u00f8sninger til hjemmet.<\/p>\n<p>Sammenlign priser p\u00e5 Nedis KASM100WT Toastmaskine 800 W &#8211; Hvid og k\u00f8b online til den billigste pris, samt p\u00e5 tilbud!\u00a0\u00a0Tjek den bedste pris, produkt beskrivelse, video, test, anmeldelser osv.<\/p>\n<p><strong>Brand: <\/strong>Nedis<br \/>\n<strong>EAN: <\/strong>5412810316281<br \/>\n<strong>Producentens varenr.:<\/strong> 5412810316281<\/p>\n<p><strong>P.S.<\/strong><br \/>\nTilmeld dig til &#8220;Opret Gratis Prisfald Alarm&#8221;, og bliv underrettet med det samme om prisfald p\u00e5 Nedis KASM100WT Toastmaskine 800 W &#8211; Hvid, og f\u00e5 den billigste pris!<\/p>\n<p>&nbsp;<\/p>\n<p>&nbsp;<\/p>\n","protected":false},"excerpt":{"rendered":"<p>K\u00f8b billig Nedis KASM100WT Toastmaskine 800 W &#8211; Hvid! G\u00f8r hverdagen lettere og sandwichene spr\u00f8dere med Nedis toastmaskine p\u00e5 800 W. Med sin h\u00f8je effekt opvarmes toastmaskinen hurtigt, s\u00e5 du kan tilberede dine yndlingssandwich p\u00e5 ingen tid. De non-stick belagte grillplader betyder, at du ikke beh\u00f8ver olie eller sm\u00f8r, og maden br\u00e6nder ikke fast \u2013 [&hellip;]<\/p>\n","protected":false},"featured_media":999980000004475010,"template":"","meta":[],"store":[1272516],"product_brand":[1272517],"product_cat":[831418],"product_tag":[1272683,1275178],"class_list":{"0":"post-447501","1":"product","2":"type-product","3":"status-publish","4":"has-post-thumbnail","6":"store-butik24","7":"product_brand-nedis","8":"product_cat-koekkenudstyr","9":"product_tag-koekkenudstyr","10":"product_tag-nedis","11":"pa_maerke-nedis","13":"first","14":"instock","15":"product-type-external"},"_links":{"self":[{"href":"https:\/\/www.pricetornado.com\/da\/wp-json\/wp\/v2\/product\/447501","targetHints":{"allow":["GET"]}}],"collection":[{"href":"https:\/\/www.pricetornado.com\/da\/wp-json\/wp\/v2\/product"}],"about":[{"href":"https:\/\/www.pricetornado.com\/da\/wp-json\/wp\/v2\/types\/product"}],"wp:featuredmedia":[{"embeddable":true,"href":"https:\/\/www.pricetornado.com\/da\/wp-json\/"}],"wp:attachment":[{"href":"https:\/\/www.pricetornado.com\/da\/wp-json\/wp\/v2\/media?parent=447501"}],"wp:term":[{"taxonomy":"store","embeddable":true,"href":"https:\/\/www.pricetornado.com\/da\/wp-json\/wp\/v2\/store?post=447501"},{"taxonomy":"product_brand","embeddable":true,"href":"https:\/\/www.pricetornado.com\/da\/wp-json\/wp\/v2\/product_brand?post=447501"},{"taxonomy":"product_cat","embeddable":true,"href":"https:\/\/www.pricetornado.com\/da\/wp-json\/wp\/v2\/product_cat?post=447501"},{"taxonomy":"product_tag","embeddable":true,"href":"https:\/\/www.pricetornado.com\/da\/wp-json\/wp\/v2\/product_tag?post=447501"}],"curies":[{"name":"wp","href":"https:\/\/api.w.org\/{rel}","templated":true}]}}