{"id":447498,"date":"2025-02-23T12:18:52","date_gmt":"2025-02-23T11:18:52","guid":{"rendered":"https:\/\/www.pricetornado.com\/da\/produkt\/nedis-smartlife-radiatorstyring-zigbee-3-0-batteri-led-android-ios\/"},"modified":"2026-03-25T01:57:37","modified_gmt":"2026-03-25T00:57:37","slug":"nedis-smartlife-radiatorstyring-zigbee-3-0-batteri-led-android-ios","status":"publish","type":"product","link":"https:\/\/www.pricetornado.com\/da\/produkt\/nedis-smartlife-radiatorstyring-zigbee-3-0-batteri-led-android-ios\/","title":{"rendered":"NEDIS SmartLife Radiatorstyring | Zigbee 3.0 | Batteri | LED | Android\u2122 \/ IOS"},"content":{"rendered":"<p>K\u00f8b billig NEDIS SmartLife Radiatorstyring | Zigbee 3.0 | Batteri | LED | Android\u2122 \/ IOS!<br \/>\nNedis smart Zigbee radiatortermostat er designet til at levere optimal bekvemmelighed og energieffektivitet i hjemmet. Med Zigbee 3.0-teknologi integrerer radiatortermostaten let i dit eksisterende smarthome-system, s\u00e5 du kan styre og overv\u00e5ge temperaturen i hvert rum \u2013 uanset hvor du befinder dig.Styr temperaturen i dit hjem direkte fra din smartphone eller tablet med Nedis SmartLife-appen, som er kompatibel med b\u00e5de Android og iOS. Du kan nemt oprette personlige tidsplaner, justere varmen eksternt, og med stemmekontrol via Google Assistant, Amazon Alexa eller Siri-genveje bliver det endnu nemmere at tilpasse hjemmets klima. For at integrere med Nedis SmartLife-produkter kr\u00e6ves en Zigbee-gateway.Radiatortermostaten er udstyret med et integreret LED-display og en ergonomisk, intuitiv drejeknap, der g\u00f8r det let at overv\u00e5ge og \u00e6ndre temperaturen direkte p\u00e5 radiatoren. Det roterbare display sikrer, at du kan afl\u00e6se og indstille varmen fra enhver vinkel.Anti-skala funktion forl\u00e6nger produktets levetid ved regelm\u00e6ssigt at \u00e5bne ventilen og forhindre forkalkning.B\u00f8rnesikring forhindrer uautoriseret brug og temperatur\u00e6ndringer.Frostsikringsfunktion beskytter r\u00f8r og installation mod frostskader.Open Window-detektion registrerer automatisk pludselige temperaturfald og justerer varmen, mens du f\u00e5r besked via appen.Alarm ved lavt batteriniveau sikrer, at du altid bliver advaret i tide.Standardgruppefunktionen g\u00f8r det nemt at administrere flere radiatorer p\u00e5 \u00e9n gang, s\u00e5 du hurtigt kan opn\u00e5 en ensartet temperatur i hele hjemmet. Hvis du midlertidigt \u00f8nsker at tilsides\u00e6tte det aktuelle program, kan du g\u00f8re det direkte p\u00e5 enheden med drejeknappen \u2013 programmet genoptages bagefter. Installationen er let og kr\u00e6ver ingen specialviden inden for el eller VVS.Termostaten er fremstillet prim\u00e6rt i holdbart plastik, hvilket g\u00f8r den let (162 g eller 232 g afh\u00e6ngigt af model) og nem at h\u00e5ndtere. Dette giver h\u00f8j holdbarhed og lang levetid uden ekstra besv\u00e6r.Maksimer komforten og spar p\u00e5 energien med Nedis smart Zigbee radiatortermostat. F\u00e5 fleksibel, intelligent opvarmning og oplev fordelene ved et mere effektivt og brugervenligt hjem. produkter, og opgrader dit hjem med intelligent varme- og energistyring i dag.<\/p>\n<p>Sammenlign priser p\u00e5 NEDIS SmartLife Radiatorstyring | Zigbee 3.0 | Batteri | LED | Android\u2122 \/ IOS og k\u00f8b online til den billigste pris, samt p\u00e5 tilbud!\u00a0\u00a0Tjek den bedste pris, produkt beskrivelse, video, test, anmeldelser osv.<\/p>\n<p><strong>Brand: <\/strong>NEDIS<br \/>\n<strong>EAN: <\/strong>5412810451128<br \/>\n<strong>Producentens varenr.:<\/strong> 5412810451128<\/p>\n<p><strong>P.S.<\/strong><br \/>\nTilmeld dig til &#8220;Opret Gratis Prisfald Alarm&#8221;, og bliv underrettet med det samme om prisfald p\u00e5 NEDIS SmartLife Radiatorstyring | Zigbee 3.0 | Batteri | LED | Android\u2122 \/ IOS, og f\u00e5 den billigste pris!<\/p>\n<p>&nbsp;<\/p>\n<p>&nbsp;<\/p>\n","protected":false},"excerpt":{"rendered":"<p>K\u00f8b billig NEDIS SmartLife Radiatorstyring | Zigbee 3.0 | Batteri | LED | Android\u2122 \/ IOS! Nedis smart Zigbee radiatortermostat er designet til at levere optimal bekvemmelighed og energieffektivitet i hjemmet. Med Zigbee 3.0-teknologi integrerer radiatortermostaten let i dit eksisterende smarthome-system, s\u00e5 du kan styre og overv\u00e5ge temperaturen i hvert rum \u2013 uanset hvor du [&hellip;]<\/p>\n","protected":false},"featured_media":0,"template":"","meta":[],"store":[1272516],"product_brand":[1272517],"product_cat":[1272462],"product_tag":[1275178,1272692],"class_list":{"0":"post-447498","1":"product","2":"type-product","3":"status-publish","5":"store-butik24","6":"product_brand-nedis","7":"product_cat-smart-home","8":"product_tag-nedis","9":"product_tag-smart-home","10":"pa_maerke-nedis","12":"first","13":"instock","14":"product-type-external"},"_links":{"self":[{"href":"https:\/\/www.pricetornado.com\/da\/wp-json\/wp\/v2\/product\/447498","targetHints":{"allow":["GET"]}}],"collection":[{"href":"https:\/\/www.pricetornado.com\/da\/wp-json\/wp\/v2\/product"}],"about":[{"href":"https:\/\/www.pricetornado.com\/da\/wp-json\/wp\/v2\/types\/product"}],"wp:attachment":[{"href":"https:\/\/www.pricetornado.com\/da\/wp-json\/wp\/v2\/media?parent=447498"}],"wp:term":[{"taxonomy":"store","embeddable":true,"href":"https:\/\/www.pricetornado.com\/da\/wp-json\/wp\/v2\/store?post=447498"},{"taxonomy":"product_brand","embeddable":true,"href":"https:\/\/www.pricetornado.com\/da\/wp-json\/wp\/v2\/product_brand?post=447498"},{"taxonomy":"product_cat","embeddable":true,"href":"https:\/\/www.pricetornado.com\/da\/wp-json\/wp\/v2\/product_cat?post=447498"},{"taxonomy":"product_tag","embeddable":true,"href":"https:\/\/www.pricetornado.com\/da\/wp-json\/wp\/v2\/product_tag?post=447498"}],"curies":[{"name":"wp","href":"https:\/\/api.w.org\/{rel}","templated":true}]}}