{"id":447496,"date":"2025-02-20T01:37:03","date_gmt":"2025-02-20T00:37:03","guid":{"rendered":"https:\/\/www.pricetornado.com\/da\/produkt\/philips-corepro-led-pls-5w-830-2p-g23\/"},"modified":"2026-04-29T02:50:02","modified_gmt":"2026-04-29T00:50:02","slug":"philips-corepro-led-pls-5w-830-2p-g23","status":"publish","type":"product","link":"https:\/\/www.pricetornado.com\/da\/produkt\/philips-corepro-led-pls-5w-830-2p-g23\/","title":{"rendered":"PHILIPS CorePro LED PLS 5W 830 2P G23"},"content":{"rendered":"<p>K\u00f8b billig PHILIPS CorePro LED PLS 5W 830 2P G23!<br \/>\nPhilips CorePro LED PLS 5W G23 med 2-pindet sokkel er et popul\u00e6rt og energieffektivt alternativ til traditionelle PL-S lysstofr\u00f8r. Denne LED-p\u00e6re er udviklet til direkte at erstatte konventionelle PL-S p\u00e6rer med G23 sokkel, s\u00e5 den kan nemt installeres i eksisterende armaturer \u2013 b\u00e5de med konventionel forkobling (EM) eller direkte tilslutning til el-nettet (220-240V), hvis armaturet er designet uden forkobling.LED-kompaktlysr\u00f8ret bruger kun 5 watt og erstatter dermed de traditionelle 9W PL-S p\u00e6rer, hvilket giver en el-besparelse p\u00e5 op til 45%. Med en lysstyrke p\u00e5 520 lumen og en effektivitet p\u00e5 104 lm\/W f\u00e5r du st\u00e6rkt og ensartet lys. P\u00e6ren har en nominell levetid p\u00e5 30.000 timer og kan klare op til 50.000 t\u00e6nd\/sluk-cyklusser, hvilket s\u00e6nker dine vedligeholdelsesomkostninger betydeligt.P\u00e6rens hus er lavet af holdbar plast og er udstyret med G23 sokkel, s\u00e5 den passer perfekt i standardarmaturer. LED-teknologien sikrer \u00f8jeblikkelig opstart p\u00e5 under 0,5 sekunder uden flimren eller forsinkelse. Lyset udsendes i \u00e9n retning, som giver bedre udnyttelse og minimalt spild sammenlignet med traditionelle kompakte lysstofr\u00f8r.A+ energim\u00e6rke med str\u00f8mforbrug p\u00e5 5 kWh pr. 1000 timerV\u00e6r opm\u00e6rksom p\u00e5, at LED-udgaver af kompakte lysr\u00f8r ofte har lidt st\u00f8rre dimensioner end almindelige PL-S p\u00e6rer. Sammenlign altid m\u00e5lene for at sikre, at det nye LED-kompaktlysr\u00f8r passer til dit armatur.Philips CorePro LED PLS 5W G23 tilbyder dig en driftssikker, energibesparende og let udskiftelig l\u00f8sning, s\u00e5 du kan skifte til LED uden at g\u00e5 p\u00e5 kompromis med lysstyrke eller kvalitet. belysningsl\u00f8sninger for mere inspiration.<\/p>\n<p>Sammenlign priser p\u00e5 PHILIPS CorePro LED PLS 5W 830 2P G23 og k\u00f8b online til den billigste pris, samt p\u00e5 tilbud!\u00a0\u00a0Tjek den bedste pris, produkt beskrivelse, video, test, anmeldelser osv.<\/p>\n<p><strong>Brand: <\/strong>Philips<br \/>\n<strong>EAN: <\/strong>8718699596668<br \/>\n<strong>Producentens varenr.:<\/strong> 8718699596668<\/p>\n<p><strong>P.S.<\/strong><br \/>\nTilmeld dig til &#8220;Opret Gratis Prisfald Alarm&#8221;, og bliv underrettet med det samme om prisfald p\u00e5 PHILIPS CorePro LED PLS 5W 830 2P G23, og f\u00e5 den billigste pris!<\/p>\n<p>&nbsp;<\/p>\n<p>&nbsp;<\/p>\n","protected":false},"excerpt":{"rendered":"<p>K\u00f8b billig PHILIPS CorePro LED PLS 5W 830 2P G23! Philips CorePro LED PLS 5W G23 med 2-pindet sokkel er et popul\u00e6rt og energieffektivt alternativ til traditionelle PL-S lysstofr\u00f8r. Denne LED-p\u00e6re er udviklet til direkte at erstatte konventionelle PL-S p\u00e6rer med G23 sokkel, s\u00e5 den kan nemt installeres i eksisterende armaturer \u2013 b\u00e5de med konventionel [&hellip;]<\/p>\n","protected":false},"featured_media":999980000004474960,"template":"","meta":[],"store":[1272516],"product_brand":[1272519],"product_cat":[1272407],"product_tag":[1272697,1275180],"class_list":{"0":"post-447496","1":"product","2":"type-product","3":"status-publish","4":"has-post-thumbnail","6":"store-butik24","7":"product_brand-philips","8":"product_cat-belysning-2","9":"product_tag-belysning","10":"product_tag-philips","11":"pa_maerke-philips","13":"first","14":"instock","15":"product-type-external"},"_links":{"self":[{"href":"https:\/\/www.pricetornado.com\/da\/wp-json\/wp\/v2\/product\/447496","targetHints":{"allow":["GET"]}}],"collection":[{"href":"https:\/\/www.pricetornado.com\/da\/wp-json\/wp\/v2\/product"}],"about":[{"href":"https:\/\/www.pricetornado.com\/da\/wp-json\/wp\/v2\/types\/product"}],"wp:featuredmedia":[{"embeddable":true,"href":"https:\/\/www.pricetornado.com\/da\/wp-json\/"}],"wp:attachment":[{"href":"https:\/\/www.pricetornado.com\/da\/wp-json\/wp\/v2\/media?parent=447496"}],"wp:term":[{"taxonomy":"store","embeddable":true,"href":"https:\/\/www.pricetornado.com\/da\/wp-json\/wp\/v2\/store?post=447496"},{"taxonomy":"product_brand","embeddable":true,"href":"https:\/\/www.pricetornado.com\/da\/wp-json\/wp\/v2\/product_brand?post=447496"},{"taxonomy":"product_cat","embeddable":true,"href":"https:\/\/www.pricetornado.com\/da\/wp-json\/wp\/v2\/product_cat?post=447496"},{"taxonomy":"product_tag","embeddable":true,"href":"https:\/\/www.pricetornado.com\/da\/wp-json\/wp\/v2\/product_tag?post=447496"}],"curies":[{"name":"wp","href":"https:\/\/api.w.org\/{rel}","templated":true}]}}