{"id":447494,"date":"2025-02-27T10:03:31","date_gmt":"2025-02-27T09:03:31","guid":{"rendered":"https:\/\/www.pricetornado.com\/da\/produkt\/philips-taa7306bk-00-true-wireless-sportshovedtelefoner\/"},"modified":"2026-04-17T08:50:10","modified_gmt":"2026-04-17T06:50:10","slug":"philips-taa7306bk-00-true-wireless-sportshovedtelefoner","status":"publish","type":"product","link":"https:\/\/www.pricetornado.com\/da\/produkt\/philips-taa7306bk-00-true-wireless-sportshovedtelefoner\/","title":{"rendered":"Philips TAA7306BK\/00 True Wireless sportshovedtelefoner"},"content":{"rendered":"<p>K\u00f8b billig Philips TAA7306BK\/00 True Wireless sportshovedtelefoner!<br \/>\nOplev \u00e6gte tr\u00e5dl\u00f8s frihed med Philips sportshovedtelefoner, udviklet til at forbedre din tr\u00e6ning og hverdag. Disse hovedtelefoner kombinerer ergonomisk design, avanceret pulsm\u00e5ling og hygiejnisk UV-reng\u00f8ring, s\u00e5 du kan tr\u00e6ne smartere, l\u00f8be hurtigere og yde dit bedste \u2013 hver gang.Bluetooth 5.0 for stabil tr\u00e5dl\u00f8s forbindelse i op til 10 meters r\u00e6kkeviddeF\u00e5 op til 6 timers uafbrudt spilletid p\u00e5 en enkelt opladning og op til 24 timers samlet afspilning med det magnetiske opladeretui. Har du travlt? P\u00e5 kun 15 minutters opladning f\u00e5r du en ekstra times spilletid \u2013 perfekt til spontan tr\u00e6ning.Brug Philips Headphones-appen til at f\u00f8lge dit tr\u00e6ningsniveau, overv\u00e5ge pulsm\u00e5linger og f\u00e5 adgang til avancerede indsigter, som hj\u00e6lper dig med at optimere din pr\u00e6station og g\u00f8re din tr\u00e6ning mere effektiv.Philips sportshovedtelefoner er din p\u00e5lidelige partner til alt fra l\u00f8b og cykling til styrketr\u00e6ning og daglig pendling. Tr\u00e6n smartere, b\u00e5de hygiejnisk og sikkert, med innovative l\u00f8sninger fra .<\/p>\n<p>Sammenlign priser p\u00e5 Philips TAA7306BK\/00 True Wireless sportshovedtelefoner og k\u00f8b online til den billigste pris, samt p\u00e5 tilbud!\u00a0\u00a0Tjek den bedste pris, produkt beskrivelse, video, test, anmeldelser osv.<\/p>\n<p><strong>Brand: <\/strong>Philips<br \/>\n<strong>EAN: <\/strong>4895229117730<br \/>\n<strong>Producentens varenr.:<\/strong> 4895229117730<\/p>\n<p><strong>P.S.<\/strong><br \/>\nTilmeld dig til &#8220;Opret Gratis Prisfald Alarm&#8221;, og bliv underrettet med det samme om prisfald p\u00e5 Philips TAA7306BK\/00 True Wireless sportshovedtelefoner, og f\u00e5 den billigste pris!<\/p>\n<p>&nbsp;<\/p>\n<p>&nbsp;<\/p>\n","protected":false},"excerpt":{"rendered":"<p>K\u00f8b billig Philips TAA7306BK\/00 True Wireless sportshovedtelefoner! Oplev \u00e6gte tr\u00e5dl\u00f8s frihed med Philips sportshovedtelefoner, udviklet til at forbedre din tr\u00e6ning og hverdag. Disse hovedtelefoner kombinerer ergonomisk design, avanceret pulsm\u00e5ling og hygiejnisk UV-reng\u00f8ring, s\u00e5 du kan tr\u00e6ne smartere, l\u00f8be hurtigere og yde dit bedste \u2013 hver gang.Bluetooth 5.0 for stabil tr\u00e5dl\u00f8s forbindelse i op til 10 [&hellip;]<\/p>\n","protected":false},"featured_media":999980000004474940,"template":"","meta":[],"store":[1272516],"product_brand":[1272519],"product_cat":[1272434],"product_tag":[1272843,1275180],"class_list":{"0":"post-447494","1":"product","2":"type-product","3":"status-publish","4":"has-post-thumbnail","6":"store-butik24","7":"product_brand-philips","8":"product_cat-hovedtelefoner","9":"product_tag-hovedtelefoner","10":"product_tag-philips","11":"pa_maerke-philips","13":"first","14":"instock","15":"product-type-external"},"_links":{"self":[{"href":"https:\/\/www.pricetornado.com\/da\/wp-json\/wp\/v2\/product\/447494","targetHints":{"allow":["GET"]}}],"collection":[{"href":"https:\/\/www.pricetornado.com\/da\/wp-json\/wp\/v2\/product"}],"about":[{"href":"https:\/\/www.pricetornado.com\/da\/wp-json\/wp\/v2\/types\/product"}],"wp:featuredmedia":[{"embeddable":true,"href":"https:\/\/www.pricetornado.com\/da\/wp-json\/"}],"wp:attachment":[{"href":"https:\/\/www.pricetornado.com\/da\/wp-json\/wp\/v2\/media?parent=447494"}],"wp:term":[{"taxonomy":"store","embeddable":true,"href":"https:\/\/www.pricetornado.com\/da\/wp-json\/wp\/v2\/store?post=447494"},{"taxonomy":"product_brand","embeddable":true,"href":"https:\/\/www.pricetornado.com\/da\/wp-json\/wp\/v2\/product_brand?post=447494"},{"taxonomy":"product_cat","embeddable":true,"href":"https:\/\/www.pricetornado.com\/da\/wp-json\/wp\/v2\/product_cat?post=447494"},{"taxonomy":"product_tag","embeddable":true,"href":"https:\/\/www.pricetornado.com\/da\/wp-json\/wp\/v2\/product_tag?post=447494"}],"curies":[{"name":"wp","href":"https:\/\/api.w.org\/{rel}","templated":true}]}}