{"id":447492,"date":"2025-02-26T14:53:26","date_gmt":"2025-02-26T13:53:26","guid":{"rendered":"https:\/\/www.pricetornado.com\/da\/produkt\/philips-hd7900-50-all-in-1-brew-drypkaffemaskine-med-indbygget-kvaern\/"},"modified":"2026-04-17T02:10:11","modified_gmt":"2026-04-17T00:10:11","slug":"philips-hd7900-50-all-in-1-brew-drypkaffemaskine-med-indbygget-kvaern","status":"publish","type":"product","link":"https:\/\/www.pricetornado.com\/da\/produkt\/philips-hd7900-50-all-in-1-brew-drypkaffemaskine-med-indbygget-kvaern\/","title":{"rendered":"Philips HD7900\/50 All-in-1 Brew Drypkaffemaskine med indbygget kv\u00e6rn"},"content":{"rendered":"<p>K\u00f8b billig Philips HD7900\/50 All-in-1 Brew Drypkaffemaskine med indbygget kv\u00e6rn!<br \/>\nOplev den fulde smag af friske kaffeb\u00f8nner i hver kop med Philips All-in-1 bryggekaffemaskine. Maskinen g\u00f8r det let og afslappende at brygge l\u00e6kker kaffe, s\u00e5 du kan nyde din yndlingskaffe i ro og fred \u2013 uanset om det er til familien om morgenen eller en pause i l\u00f8bet af dagen.Philips kaffemaskinen er fremstillet i rustfrit st\u00e5l og holdbar plast (PP), hvilket sikrer b\u00e5de lang levetid og et stilrent design. Den indbyggede koniske kv\u00e6rn giver mulighed for at justere formalingsgraden, s\u00e5 du altid f\u00e5r optimal aroma og smag ud af dine b\u00f8nner.Alt-i-1 bryggefunktionen giver dig mulighed for at brygge direkte i kande, kop, krus eller b\u00e6ger. Iskaffe-funktionen giver dig mulighed for at lave forfriskende kaffe p\u00e5 varme dage. Den pladsbesparende konstruktion passer perfekt mellem k\u00f8kkenbord og overskabe.Philips All-in-1 bryggekaffemaskine giver dig friheden til at tilpasse din kaffeoplevelse \u2013 fra malingsgrad og intensitet til valg af bryggebeholder. Maskinen er ideel for dig, der vil kombinere kvalitet, fleksibilitet og brugervenlighed i \u00e9t apparat, hvad enten du brygger til dig selv eller til familien. hos Butik24 og l\u00f8ft din kaffeoplevelse til n\u00e6ste niveau.<\/p>\n<p>Sammenlign priser p\u00e5 Philips HD7900\/50 All-in-1 Brew Drypkaffemaskine med indbygget kv\u00e6rn og k\u00f8b online til den billigste pris, samt p\u00e5 tilbud!\u00a0\u00a0Tjek den bedste pris, produkt beskrivelse, video, test, anmeldelser osv.<\/p>\n<p><strong>Brand: <\/strong>Philips<br \/>\n<strong>EAN: <\/strong>8720389024788<br \/>\n<strong>Producentens varenr.:<\/strong> 8720389024788<\/p>\n<p><strong>P.S.<\/strong><br \/>\nTilmeld dig til &#8220;Opret Gratis Prisfald Alarm&#8221;, og bliv underrettet med det samme om prisfald p\u00e5 Philips HD7900\/50 All-in-1 Brew Drypkaffemaskine med indbygget kv\u00e6rn, og f\u00e5 den billigste pris!<\/p>\n<p>&nbsp;<\/p>\n<p>&nbsp;<\/p>\n","protected":false},"excerpt":{"rendered":"<p>K\u00f8b billig Philips HD7900\/50 All-in-1 Brew Drypkaffemaskine med indbygget kv\u00e6rn! Oplev den fulde smag af friske kaffeb\u00f8nner i hver kop med Philips All-in-1 bryggekaffemaskine. Maskinen g\u00f8r det let og afslappende at brygge l\u00e6kker kaffe, s\u00e5 du kan nyde din yndlingskaffe i ro og fred \u2013 uanset om det er til familien om morgenen eller en [&hellip;]<\/p>\n","protected":false},"featured_media":999980000004474920,"template":"","meta":[],"store":[1272516],"product_brand":[1272519],"product_cat":[855237],"product_tag":[1272770,1275180],"class_list":{"0":"post-447492","1":"product","2":"type-product","3":"status-publish","4":"has-post-thumbnail","6":"store-butik24","7":"product_brand-philips","8":"product_cat-kaffemaskiner","9":"product_tag-kaffemaskiner","10":"product_tag-philips","11":"pa_maerke-philips","13":"first","14":"instock","15":"product-type-external"},"_links":{"self":[{"href":"https:\/\/www.pricetornado.com\/da\/wp-json\/wp\/v2\/product\/447492","targetHints":{"allow":["GET"]}}],"collection":[{"href":"https:\/\/www.pricetornado.com\/da\/wp-json\/wp\/v2\/product"}],"about":[{"href":"https:\/\/www.pricetornado.com\/da\/wp-json\/wp\/v2\/types\/product"}],"wp:featuredmedia":[{"embeddable":true,"href":"https:\/\/www.pricetornado.com\/da\/wp-json\/"}],"wp:attachment":[{"href":"https:\/\/www.pricetornado.com\/da\/wp-json\/wp\/v2\/media?parent=447492"}],"wp:term":[{"taxonomy":"store","embeddable":true,"href":"https:\/\/www.pricetornado.com\/da\/wp-json\/wp\/v2\/store?post=447492"},{"taxonomy":"product_brand","embeddable":true,"href":"https:\/\/www.pricetornado.com\/da\/wp-json\/wp\/v2\/product_brand?post=447492"},{"taxonomy":"product_cat","embeddable":true,"href":"https:\/\/www.pricetornado.com\/da\/wp-json\/wp\/v2\/product_cat?post=447492"},{"taxonomy":"product_tag","embeddable":true,"href":"https:\/\/www.pricetornado.com\/da\/wp-json\/wp\/v2\/product_tag?post=447492"}],"curies":[{"name":"wp","href":"https:\/\/api.w.org\/{rel}","templated":true}]}}