{"id":447490,"date":"2025-02-20T22:58:48","date_gmt":"2025-02-20T21:58:48","guid":{"rendered":"https:\/\/www.pricetornado.com\/da\/produkt\/nedis-projektor-beslag-fuldt-bevaegeligt-15-kg-kan-drejes-vipbar-staal-sort-pjwm200bk\/"},"modified":"2026-04-20T08:40:16","modified_gmt":"2026-04-20T06:40:16","slug":"nedis-projektor-beslag-fuldt-bevaegeligt-15-kg-kan-drejes-vipbar-staal-sort-pjwm200bk","status":"publish","type":"product","link":"https:\/\/www.pricetornado.com\/da\/produkt\/nedis-projektor-beslag-fuldt-bevaegeligt-15-kg-kan-drejes-vipbar-staal-sort-pjwm200bk\/","title":{"rendered":"Nedis &#8211; Projektor Beslag | Fuldt Bev\u00e6geligt | 15 kg | Kan drejes | Vipbar | St\u00e5l | Sort &#8211; PJWM200BK"},"content":{"rendered":"<p>K\u00f8b billig Nedis &#8211; Projektor Beslag | Fuldt Bev\u00e6geligt | 15 kg | Kan drejes | Vipbar | St\u00e5l | Sort &#8211; PJWM200BK!<br \/>\nDenne Nedis projektorbeslag er ideel til short throw-projektorer og kan b\u00e6re op til 15 kg takket v\u00e6re sin holdbare st\u00e5lkonstruktion. Beslaget sikrer en stabil, sikker og langtidsholdbar montering p\u00e5 v\u00e6ggen og passer til de fleste short throw-projektorer.Oplev fuld fleksibilitet med 360\u00b0 rotation, vippefunktion op til 30\u00b0 og mulighed for at dreje beslaget i alle retninger, s\u00e5 du nemt kan justere projektorens vinkel og opn\u00e5 skarpe og perfekt vinklede billeder.Den teleskopiske arm med s\u00f8jledesign kan justeres fra 464 mm til 607 mm. Dermed kan du placere projektoren pr\u00e6cist i forhold til v\u00e6ggen og tilpasse ops\u00e6tningen efter behov.Fire justerbare st\u00f8ttearme sikrer kompatibilitet og stabil montering af de fleste short throw-projektorer.Indbygget kabelstyring holder kabler p\u00e6nt organiserede og ude af syne for et ryddeligt og sikkert setup.Alt n\u00f8dvendigt installationsmateriale samt hurtig installationsvejledning medf\u00f8lger for en nem og hurtig ops\u00e6tning.Beslaget er fremstillet i st\u00e5l, hvilket giver ekstra styrke og p\u00e5lidelighed, s\u00e5 din projektor forbliver sikkert monteret over tid uden at g\u00e5 p\u00e5 kompromis med funktionaliteten.Opgrader din projektorinstallation med dette alsidige og slidst\u00e6rke Nedis v\u00e6gbeslag, der kombinerer fleksibel justering med h\u00f8j stabilitet for en optimal visningsoplevelse.<\/p>\n<p>Sammenlign priser p\u00e5 Nedis &#8211; Projektor Beslag | Fuldt Bev\u00e6geligt | 15 kg | Kan drejes | Vipbar | St\u00e5l | Sort &#8211; PJWM200BK og k\u00f8b online til den billigste pris, samt p\u00e5 tilbud!\u00a0\u00a0Tjek den bedste pris, produkt beskrivelse, video, test, anmeldelser osv.<\/p>\n<p><strong>Brand: <\/strong>Nedis<br \/>\n<strong>EAN: <\/strong>5412810334858<br \/>\n<strong>Producentens varenr.:<\/strong> 5412810334858<\/p>\n<p><strong>P.S.<\/strong><br \/>\nTilmeld dig til &#8220;Opret Gratis Prisfald Alarm&#8221;, og bliv underrettet med det samme om prisfald p\u00e5 Nedis &#8211; Projektor Beslag | Fuldt Bev\u00e6geligt | 15 kg | Kan drejes | Vipbar | St\u00e5l | Sort &#8211; PJWM200BK, og f\u00e5 den billigste pris!<\/p>\n<p>&nbsp;<\/p>\n<p>&nbsp;<\/p>\n","protected":false},"excerpt":{"rendered":"<p>K\u00f8b billig Nedis &#8211; Projektor Beslag | Fuldt Bev\u00e6geligt | 15 kg | Kan drejes | Vipbar | St\u00e5l | Sort &#8211; PJWM200BK! Denne Nedis projektorbeslag er ideel til short throw-projektorer og kan b\u00e6re op til 15 kg takket v\u00e6re sin holdbare st\u00e5lkonstruktion. Beslaget sikrer en stabil, sikker og langtidsholdbar montering p\u00e5 v\u00e6ggen og passer [&hellip;]<\/p>\n","protected":false},"featured_media":999980000004474900,"template":"","meta":[],"store":[1272516],"product_brand":[1272517],"product_cat":[1272427],"product_tag":[1272678,1275178],"class_list":{"0":"post-447490","1":"product","2":"type-product","3":"status-publish","4":"has-post-thumbnail","6":"store-butik24","7":"product_brand-nedis","8":"product_cat-beslag","9":"product_tag-beslag","10":"product_tag-nedis","11":"pa_maerke-nedis","13":"first","14":"instock","15":"product-type-external"},"_links":{"self":[{"href":"https:\/\/www.pricetornado.com\/da\/wp-json\/wp\/v2\/product\/447490","targetHints":{"allow":["GET"]}}],"collection":[{"href":"https:\/\/www.pricetornado.com\/da\/wp-json\/wp\/v2\/product"}],"about":[{"href":"https:\/\/www.pricetornado.com\/da\/wp-json\/wp\/v2\/types\/product"}],"wp:featuredmedia":[{"embeddable":true,"href":"https:\/\/www.pricetornado.com\/da\/wp-json\/"}],"wp:attachment":[{"href":"https:\/\/www.pricetornado.com\/da\/wp-json\/wp\/v2\/media?parent=447490"}],"wp:term":[{"taxonomy":"store","embeddable":true,"href":"https:\/\/www.pricetornado.com\/da\/wp-json\/wp\/v2\/store?post=447490"},{"taxonomy":"product_brand","embeddable":true,"href":"https:\/\/www.pricetornado.com\/da\/wp-json\/wp\/v2\/product_brand?post=447490"},{"taxonomy":"product_cat","embeddable":true,"href":"https:\/\/www.pricetornado.com\/da\/wp-json\/wp\/v2\/product_cat?post=447490"},{"taxonomy":"product_tag","embeddable":true,"href":"https:\/\/www.pricetornado.com\/da\/wp-json\/wp\/v2\/product_tag?post=447490"}],"curies":[{"name":"wp","href":"https:\/\/api.w.org\/{rel}","templated":true}]}}