{"id":447488,"date":"2025-02-22T06:34:00","date_gmt":"2025-02-22T05:34:00","guid":{"rendered":"https:\/\/www.pricetornado.com\/da\/produkt\/nedis-vaegoplader-35-w-gan-pd3-0-hurtigopladningsfunktion-1-75-2-33-2-92-3-0-a-antal-output-2-2x-usb-c-automatisk-valgt-spaending-hvid-wgcha35wwt\/"},"modified":"2026-03-25T01:32:14","modified_gmt":"2026-03-25T00:32:14","slug":"nedis-vaegoplader-35-w-gan-pd3-0-hurtigopladningsfunktion-1-75-2-33-2-92-3-0-a-antal-output-2-2x-usb-c-automatisk-valgt-spaending-hvid-wgcha35wwt","status":"publish","type":"product","link":"https:\/\/www.pricetornado.com\/da\/produkt\/nedis-vaegoplader-35-w-gan-pd3-0-hurtigopladningsfunktion-1-75-2-33-2-92-3-0-a-antal-output-2-2x-usb-c-automatisk-valgt-spaending-hvid-wgcha35wwt\/","title":{"rendered":"Nedis &#8211; V\u00e6goplader | 35 W | GaN | PD3.0 | Hurtigopladningsfunktion | 1.75 \/ 2.33 \/ 2.92 \/ 3.0 A | Antal output: 2 | 2x USB-C\u2122 | Automatisk Valgt Sp\u00e6nding | Hvid &#8211; WGCHA35WWT"},"content":{"rendered":"<p>K\u00f8b billig Nedis &#8211; V\u00e6goplader | 35 W | GaN | PD3.0 | Hurtigopladningsfunktion | 1.75 \/ 2.33 \/ 2.92 \/ 3.0 A | Antal output: 2 | 2x USB-C\u2122 | Automatisk Valgt Sp\u00e6nding | Hvid &#8211; WGCHA35WWT!<br \/>\nHold dig opladet, uanset hvor du er, med Nedis Compact Dual GaN Wall Charger. Denne kompakte og elegante v\u00e6goplader g\u00f8r det muligt at oplade to enheder samtidigt, s\u00e5 du aldrig beh\u00f8ver at v\u00e6lge mellem din smartphone, tablet, MacBook Air, smartwatch eller Bluetooth-h\u00f8jttaler. Med universel kompatibilitet og et design optimeret til moderne hverdag, er dette den ideelle oplader til b\u00e5de hjemmet, kontoret og rejsen.Udstyret med n\u00e6ste generations gallium nitrat (GaN) teknologi er denne oplader b\u00e5de mindre og mere effektiv end traditionelle opladere. GaN-komponenterne genererer mindre varme og tillader h\u00f8jere effekt, hvilket sikrer hurtig og sikker opladning i et kompakt design. Det lette format g\u00f8r opladeren nem at have med p\u00e5 farten.V\u00e6gopladeren har to USB-C-porte, der hver leverer op til 35 W, n\u00e5r de bruges individuelt. Opladeren underst\u00f8tter Power Delivery 3.0 (PD3.0) og Quick Charge, s\u00e5 dine enheder f\u00e5r den mest effektive opladning. Den indbyggede intelligente enhedsgenkendelse og automatiske sp\u00e6ndingsvalg sikrer, at hver tilsluttet enhed f\u00e5r den optimale m\u00e6ngde str\u00f8m \u2013 uden behov for manuel justering.Nedis Compact Dual GaN Wall Charger fungerer med de nyeste MacBook Air-modeller med USB-C, tablets, smartphones, smartwatches og Bluetooth-h\u00f8jttalere. Oplad eksempelvis din b\u00e6rbare computer og telefon samtidig, eller giv str\u00f8m til b\u00e5de smartwatch og h\u00f8jttaler \u2013 alt sammen med \u00e9n kompakt og effektiv oplader.To USB-C-porte med op til 35 W output pr. portUnderst\u00f8tter Power Delivery 3.0 (PD3.0) og Quick Charge for hurtig opladningMed Nedis Compact Dual GaN Wall Charger f\u00e5r du en p\u00e5lidelig og alsidig opladningsl\u00f8sning, der kombinerer moderne teknologi med maksimal brugervenlighed. Oplev fordelene ved effektiv og intelligent opladning, uanset hvor du befinder dig.<\/p>\n<p>Sammenlign priser p\u00e5 Nedis &#8211; V\u00e6goplader | 35 W | GaN | PD3.0 | Hurtigopladningsfunktion | 1.75 \/ 2.33 \/ 2.92 \/ 3.0 A | Antal output: 2 | 2x USB-C\u2122 | Automatisk Valgt Sp\u00e6nding | Hvid &#8211; WGCHA35WWT og k\u00f8b online til den billigste pris, samt p\u00e5 tilbud!\u00a0\u00a0Tjek den bedste pris, produkt beskrivelse, video, test, anmeldelser osv.<\/p>\n<p><strong>Brand: <\/strong>Nedis<br \/>\n<strong>EAN: <\/strong>5412810470198<br \/>\n<strong>Producentens varenr.:<\/strong> 5412810470198<\/p>\n<p><strong>P.S.<\/strong><br \/>\nTilmeld dig til &#8220;Opret Gratis Prisfald Alarm&#8221;, og bliv underrettet med det samme om prisfald p\u00e5 Nedis &#8211; V\u00e6goplader | 35 W | GaN | PD3.0 | Hurtigopladningsfunktion | 1.75 \/ 2.33 \/ 2.92 \/ 3.0 A | Antal output: 2 | 2x USB-C\u2122 | Automatisk Valgt Sp\u00e6nding | Hvid &#8211; WGCHA35WWT, og f\u00e5 den billigste pris!<\/p>\n<p>&nbsp;<\/p>\n<p>&nbsp;<\/p>\n","protected":false},"excerpt":{"rendered":"<p>K\u00f8b billig Nedis &#8211; V\u00e6goplader | 35 W | GaN | PD3.0 | Hurtigopladningsfunktion | 1.75 \/ 2.33 \/ 2.92 \/ 3.0 A | Antal output: 2 | 2x USB-C\u2122 | Automatisk Valgt Sp\u00e6nding | Hvid &#8211; WGCHA35WWT! Hold dig opladet, uanset hvor du er, med Nedis Compact Dual GaN Wall Charger. Denne kompakte og [&hellip;]<\/p>\n","protected":false},"featured_media":0,"template":"","meta":[],"store":[1272516],"product_brand":[1272517],"product_cat":[1272436],"product_tag":[1275178,1272965],"class_list":{"0":"post-447488","1":"product","2":"type-product","3":"status-publish","5":"store-butik24","6":"product_brand-nedis","7":"product_cat-stroemforsyning","8":"product_tag-nedis","9":"product_tag-stroemforsyning","10":"pa_maerke-nedis","12":"first","13":"instock","14":"product-type-external"},"_links":{"self":[{"href":"https:\/\/www.pricetornado.com\/da\/wp-json\/wp\/v2\/product\/447488","targetHints":{"allow":["GET"]}}],"collection":[{"href":"https:\/\/www.pricetornado.com\/da\/wp-json\/wp\/v2\/product"}],"about":[{"href":"https:\/\/www.pricetornado.com\/da\/wp-json\/wp\/v2\/types\/product"}],"wp:attachment":[{"href":"https:\/\/www.pricetornado.com\/da\/wp-json\/wp\/v2\/media?parent=447488"}],"wp:term":[{"taxonomy":"store","embeddable":true,"href":"https:\/\/www.pricetornado.com\/da\/wp-json\/wp\/v2\/store?post=447488"},{"taxonomy":"product_brand","embeddable":true,"href":"https:\/\/www.pricetornado.com\/da\/wp-json\/wp\/v2\/product_brand?post=447488"},{"taxonomy":"product_cat","embeddable":true,"href":"https:\/\/www.pricetornado.com\/da\/wp-json\/wp\/v2\/product_cat?post=447488"},{"taxonomy":"product_tag","embeddable":true,"href":"https:\/\/www.pricetornado.com\/da\/wp-json\/wp\/v2\/product_tag?post=447488"}],"curies":[{"name":"wp","href":"https:\/\/api.w.org\/{rel}","templated":true}]}}