{"id":447478,"date":"2025-02-22T03:17:01","date_gmt":"2025-02-22T02:17:01","guid":{"rendered":"https:\/\/www.pricetornado.com\/da\/produkt\/philips-tam4505-12-mikromusiksystem-bluetooth\/"},"modified":"2026-04-21T03:20:37","modified_gmt":"2026-04-21T01:20:37","slug":"philips-tam4505-12-mikromusiksystem-bluetooth","status":"publish","type":"product","link":"https:\/\/www.pricetornado.com\/da\/produkt\/philips-tam4505-12-mikromusiksystem-bluetooth\/","title":{"rendered":"Philips TAM4505\/12 Mikromusiksystem Bluetooth"},"content":{"rendered":"<p>K\u00f8b billig Philips TAM4505\/12 Mikromusiksystem Bluetooth!<br \/>\nForbedr din lytteoplevelse derhjemme med Philips TAM4505\/12 mikrosystem, der kombinerer klassisk, tidl\u00f8st design med kraftfuld 60 W lyd. Nyd krystalklar digital DAB+\/FM-radio med 20 faste stationer, afspil dine yndlings-CD\u2019er \u2013 herunder MP3-CD og CD-R\/RW \u2013 og stream musik og podcasts tr\u00e5dl\u00f8st via Bluetooth. Basrefleksh\u00f8jttalere med en 4&quot; basenhed og 20 mm diskantenhed sikrer en dyb og nuanceret lyd, mens digital lydkontrol tilbyder forudindstillede lydtyper, s\u00e5 du altid f\u00e5r optimal klang.Philips mikrosystemet giver dig fleksibilitet til at opleve musikken p\u00e5 din m\u00e5de. Du kan forbinde flere forskellige lydkilder og nyde nem afspilning:Dette mikrosystem har en tofarvet hovedenhed og h\u00f8jttalerkabinetter inspireret af klassisk hi-fi, samt en ergonomisk og tekstureret drejeknap for pr\u00e6cis lydstyrkekontrol. Alle funktioner styres nemt fra panelet eller via den medf\u00f8lgende fjernbetjening. Systemet er kompakt og velegnet til hjemmebrug med hovedenhedens m\u00e5l p\u00e5 220 x 104 x 231,5 mm og h\u00f8jttalerens dimensioner p\u00e5 150 x 241,3 x 173 mm.Der er ogs\u00e5 t\u00e6nkt p\u00e5 din daglige bekvemmelighed. Systemet tilbyder:Philips TAM4505\/12 mikrosystem er den ideelle l\u00f8sning til dig, der \u00f8nsker kvalitetslyd, alsidige afspilningsmuligheder og elegant design samlet i \u00e9t kompakt musiksystem til hjemmet. Find flere kvalitetsprodukter fra hos Butik24.<\/p>\n<p>Sammenlign priser p\u00e5 Philips TAM4505\/12 Mikromusiksystem Bluetooth og k\u00f8b online til den billigste pris, samt p\u00e5 tilbud!\u00a0\u00a0Tjek den bedste pris, produkt beskrivelse, video, test, anmeldelser osv.<\/p>\n<p><strong>Brand: <\/strong>Philips<br \/>\n<strong>EAN: <\/strong>4895229109834<br \/>\n<strong>Producentens varenr.:<\/strong> 4895229109834<\/p>\n<p><strong>P.S.<\/strong><br \/>\nTilmeld dig til &#8220;Opret Gratis Prisfald Alarm&#8221;, og bliv underrettet med det samme om prisfald p\u00e5 Philips TAM4505\/12 Mikromusiksystem Bluetooth, og f\u00e5 den billigste pris!<\/p>\n<p>&nbsp;<\/p>\n<p>&nbsp;<\/p>\n","protected":false},"excerpt":{"rendered":"<p>K\u00f8b billig Philips TAM4505\/12 Mikromusiksystem Bluetooth! Forbedr din lytteoplevelse derhjemme med Philips TAM4505\/12 mikrosystem, der kombinerer klassisk, tidl\u00f8st design med kraftfuld 60 W lyd. Nyd krystalklar digital DAB+\/FM-radio med 20 faste stationer, afspil dine yndlings-CD\u2019er \u2013 herunder MP3-CD og CD-R\/RW \u2013 og stream musik og podcasts tr\u00e5dl\u00f8st via Bluetooth. Basrefleksh\u00f8jttalere med en 4&quot; basenhed og [&hellip;]<\/p>\n","protected":false},"featured_media":999980000004474780,"template":"","meta":[],"store":[1272516],"product_brand":[1272519],"product_cat":[1272472],"product_tag":[1272746,1275180],"class_list":{"0":"post-447478","1":"product","2":"type-product","3":"status-publish","4":"has-post-thumbnail","6":"store-butik24","7":"product_brand-philips","8":"product_cat-lyd","9":"product_tag-lyd","10":"product_tag-philips","11":"pa_maerke-philips","13":"first","14":"instock","15":"product-type-external"},"_links":{"self":[{"href":"https:\/\/www.pricetornado.com\/da\/wp-json\/wp\/v2\/product\/447478","targetHints":{"allow":["GET"]}}],"collection":[{"href":"https:\/\/www.pricetornado.com\/da\/wp-json\/wp\/v2\/product"}],"about":[{"href":"https:\/\/www.pricetornado.com\/da\/wp-json\/wp\/v2\/types\/product"}],"wp:featuredmedia":[{"embeddable":true,"href":"https:\/\/www.pricetornado.com\/da\/wp-json\/"}],"wp:attachment":[{"href":"https:\/\/www.pricetornado.com\/da\/wp-json\/wp\/v2\/media?parent=447478"}],"wp:term":[{"taxonomy":"store","embeddable":true,"href":"https:\/\/www.pricetornado.com\/da\/wp-json\/wp\/v2\/store?post=447478"},{"taxonomy":"product_brand","embeddable":true,"href":"https:\/\/www.pricetornado.com\/da\/wp-json\/wp\/v2\/product_brand?post=447478"},{"taxonomy":"product_cat","embeddable":true,"href":"https:\/\/www.pricetornado.com\/da\/wp-json\/wp\/v2\/product_cat?post=447478"},{"taxonomy":"product_tag","embeddable":true,"href":"https:\/\/www.pricetornado.com\/da\/wp-json\/wp\/v2\/product_tag?post=447478"}],"curies":[{"name":"wp","href":"https:\/\/api.w.org\/{rel}","templated":true}]}}