{"id":447477,"date":"2025-02-22T04:17:06","date_gmt":"2025-02-22T03:17:06","guid":{"rendered":"https:\/\/www.pricetornado.com\/da\/produkt\/philips-avent-scf796-02-sugeroerskop-lilla-groen\/"},"modified":"2026-04-21T11:09:55","modified_gmt":"2026-04-21T09:09:55","slug":"philips-avent-scf796-02-sugeroerskop-lilla-groen","status":"publish","type":"product","link":"https:\/\/www.pricetornado.com\/da\/produkt\/philips-avent-scf796-02-sugeroerskop-lilla-groen\/","title":{"rendered":"Philips Avent SCF796\/02 Suger\u00f8rskop &#8211; Lilla\/Gr\u00f8n"},"content":{"rendered":"<p>K\u00f8b billig Philips Avent SCF796\/02 Suger\u00f8rskop &#8211; Lilla\/Gr\u00f8n!<br \/>\nPhilips Avent suger\u00f8rskop er udviklet for at fremme en sund udvikling i munden hos sm\u00e5 b\u00f8rn og st\u00f8tter barnets overgang til at drikke selvst\u00e6ndigt. Koppen er udviklet i samarbejde med eksperter og f\u00f8lger dit barns udvikling trin for trin. Det ergonomiske design med bl\u00f8de, sm\u00e5 h\u00e5ndtag g\u00f8r den ideel som den f\u00f8rste kop med suger\u00f8r, og det hj\u00e6lper sm\u00e5 h\u00e6nder med at holde sikkert om koppen.Koppen er udstyret med et bl\u00f8dt suger\u00f8r, der er sk\u00e5nsomt mod f\u00f8lsomme gummer og bidrager til god mundhygiejne. Suger\u00f8rets b\u00f8jede bund g\u00f8r det nemt for barnet at drikke til den sidste t\u00e5r, hvilket st\u00f8tter barnet i en naturlig drikkeposition.Integreret l\u00e6kagefri ventil, der forhindrer spild og sikrer en ren oplevelse \u2013 ogs\u00e5 under leg og aktivitet.Flip-top l\u00e5g, som beskytter suger\u00f8ret mod snavs og forhindrer l\u00e6kage, n\u00e5r koppen ikke er i brug.Fremstillet af BPA-fri materialer, s\u00e5 du trygt kan lade dit barn drikke af koppen.Alle dele er velegnet til opvaskemaskine for let og effektiv reng\u00f8ring.Kompatibel med andre Philips Avent-flasker og -kopper \u2013 nem at tilpasse og udvide efter behov.Philips Avent suger\u00f8rskop kombinerer sikkerhed, komfort og funktionalitet, hvilket g\u00f8r den til et oplagt valg ved dit barns f\u00f8rste oplevelse med suger\u00f8r. Find flere innovative l\u00f8sninger fra i vores sortiment.<\/p>\n<p>Sammenlign priser p\u00e5 Philips Avent SCF796\/02 Suger\u00f8rskop &#8211; Lilla\/Gr\u00f8n og k\u00f8b online til den billigste pris, samt p\u00e5 tilbud!\u00a0\u00a0Tjek den bedste pris, produkt beskrivelse, video, test, anmeldelser osv.<\/p>\n<p><strong>Brand: <\/strong>Philips<br \/>\n<strong>EAN: <\/strong>8710103781905<br \/>\n<strong>Producentens varenr.:<\/strong> 8710103781905<\/p>\n<p><strong>P.S.<\/strong><br \/>\nTilmeld dig til &#8220;Opret Gratis Prisfald Alarm&#8221;, og bliv underrettet med det samme om prisfald p\u00e5 Philips Avent SCF796\/02 Suger\u00f8rskop &#8211; Lilla\/Gr\u00f8n, og f\u00e5 den billigste pris!<\/p>\n<p>&nbsp;<\/p>\n<p>&nbsp;<\/p>\n","protected":false},"excerpt":{"rendered":"<p>K\u00f8b billig Philips Avent SCF796\/02 Suger\u00f8rskop &#8211; Lilla\/Gr\u00f8n! Philips Avent suger\u00f8rskop er udviklet for at fremme en sund udvikling i munden hos sm\u00e5 b\u00f8rn og st\u00f8tter barnets overgang til at drikke selvst\u00e6ndigt. Koppen er udviklet i samarbejde med eksperter og f\u00f8lger dit barns udvikling trin for trin. Det ergonomiske design med bl\u00f8de, sm\u00e5 h\u00e5ndtag g\u00f8r [&hellip;]<\/p>\n","protected":false},"featured_media":999980000004474770,"template":"","meta":[],"store":[1272516],"product_brand":[1272519],"product_cat":[1272414,1272413],"product_tag":[1272709,1272706,1275180],"class_list":{"0":"post-447477","1":"product","2":"type-product","3":"status-publish","4":"has-post-thumbnail","6":"store-butik24","7":"product_brand-philips","8":"product_cat-baby-personlig-pleje","9":"product_cat-personlig-pleje","10":"product_tag-baby","11":"product_tag-personlig-pleje","12":"product_tag-philips","13":"pa_maerke-philips","15":"first","16":"instock","17":"product-type-external"},"_links":{"self":[{"href":"https:\/\/www.pricetornado.com\/da\/wp-json\/wp\/v2\/product\/447477","targetHints":{"allow":["GET"]}}],"collection":[{"href":"https:\/\/www.pricetornado.com\/da\/wp-json\/wp\/v2\/product"}],"about":[{"href":"https:\/\/www.pricetornado.com\/da\/wp-json\/wp\/v2\/types\/product"}],"wp:featuredmedia":[{"embeddable":true,"href":"https:\/\/www.pricetornado.com\/da\/wp-json\/"}],"wp:attachment":[{"href":"https:\/\/www.pricetornado.com\/da\/wp-json\/wp\/v2\/media?parent=447477"}],"wp:term":[{"taxonomy":"store","embeddable":true,"href":"https:\/\/www.pricetornado.com\/da\/wp-json\/wp\/v2\/store?post=447477"},{"taxonomy":"product_brand","embeddable":true,"href":"https:\/\/www.pricetornado.com\/da\/wp-json\/wp\/v2\/product_brand?post=447477"},{"taxonomy":"product_cat","embeddable":true,"href":"https:\/\/www.pricetornado.com\/da\/wp-json\/wp\/v2\/product_cat?post=447477"},{"taxonomy":"product_tag","embeddable":true,"href":"https:\/\/www.pricetornado.com\/da\/wp-json\/wp\/v2\/product_tag?post=447477"}],"curies":[{"name":"wp","href":"https:\/\/api.w.org\/{rel}","templated":true}]}}