{"id":447472,"date":"2025-02-20T16:13:37","date_gmt":"2025-02-20T15:13:37","guid":{"rendered":"https:\/\/www.pricetornado.com\/da\/produkt\/nedis-kawk520egy-elkedel-1-8-l-soft-touch-drejelig-360-grader\/"},"modified":"2026-04-20T10:40:20","modified_gmt":"2026-04-20T08:40:20","slug":"nedis-kawk520egy-elkedel-1-8-l-soft-touch-drejelig-360-grader","status":"publish","type":"product","link":"https:\/\/www.pricetornado.com\/da\/produkt\/nedis-kawk520egy-elkedel-1-8-l-soft-touch-drejelig-360-grader\/","title":{"rendered":"Nedis KAWK520EGY Elkedel 1.8 l Soft-Touch Drejelig 360 grader"},"content":{"rendered":"<p>K\u00f8b billig Nedis KAWK520EGY Elkedel 1.8 l Soft-Touch Drejelig 360 grader!<br \/>\nDenne elegante og effektive Nedis elkedel tilbyder en stor kapacitet p\u00e5 1,8 liter, hvilket svarer til 6-8 kopper. Det g\u00f8r den ideel, n\u00e5r du har g\u00e6ster eller skal koge store m\u00e6ngder vand hurtigt og nemt. Du slipper for at fylde kedlen op flere gange, s\u00e5 alle f\u00e5r deres kaffe eller te hurtigere.Elkedlen har en stilfuld kombination af soft-touch overflade, der sikrer et behageligt og sikkert greb, samt detaljer, der understreger det moderne design. Den reng\u00f8ringsvenlige overflade og holdbare materialer g\u00f8r elkedlen til et attraktivt og praktisk valg i ethvert k\u00f8kken.Den ledningsfri 360\u00b0 base g\u00f8r elkedlen let at s\u00e6tte p\u00e5 plads og l\u00f8fte fri i alle retninger. Du f\u00e5r \u00f8get fleksibilitet i placering og servering, og med en ergonomisk udformning er elkedlen nem at h\u00e6lde af \u2013 ogs\u00e5 n\u00e5r den er helt fyldt.Et skjult varmeelement p\u00e5 op til 2200 W s\u00f8rger for hurtig og sikker opvarmning hver gang. Det aftagelige kalkfilter minimerer kalkaflejringer og sikrer, at vandet koger effektivt, samtidig med at elkedlens levetid forl\u00e6nges. T\u00f8rl\u00f8bssikring betyder, at kedlen ikke fungerer uden nok vand, hvilket beskytter b\u00e5de produktet og brugeren.Opdag flere funktionelle og stilfulde Nedis produkter hos Butik24. Denne elkedel kombinerer holdbarhed, effektivitet og moderne design \u2013 et oplagt valg til dit k\u00f8kken.<\/p>\n<p>Sammenlign priser p\u00e5 Nedis KAWK520EGY Elkedel 1.8 l Soft-Touch Drejelig 360 grader og k\u00f8b online til den billigste pris, samt p\u00e5 tilbud!\u00a0\u00a0Tjek den bedste pris, produkt beskrivelse, video, test, anmeldelser osv.<\/p>\n<p><strong>Brand: <\/strong>Nedis<br \/>\n<strong>EAN: <\/strong>5412810273768<br \/>\n<strong>Producentens varenr.:<\/strong> 5412810273768<\/p>\n<p><strong>P.S.<\/strong><br \/>\nTilmeld dig til &#8220;Opret Gratis Prisfald Alarm&#8221;, og bliv underrettet med det samme om prisfald p\u00e5 Nedis KAWK520EGY Elkedel 1.8 l Soft-Touch Drejelig 360 grader, og f\u00e5 den billigste pris!<\/p>\n<p>&nbsp;<\/p>\n<p>&nbsp;<\/p>\n","protected":false},"excerpt":{"rendered":"<p>K\u00f8b billig Nedis KAWK520EGY Elkedel 1.8 l Soft-Touch Drejelig 360 grader! Denne elegante og effektive Nedis elkedel tilbyder en stor kapacitet p\u00e5 1,8 liter, hvilket svarer til 6-8 kopper. Det g\u00f8r den ideel, n\u00e5r du har g\u00e6ster eller skal koge store m\u00e6ngder vand hurtigt og nemt. Du slipper for at fylde kedlen op flere gange, [&hellip;]<\/p>\n","protected":false},"featured_media":999980000004474720,"template":"","meta":[],"store":[1272516],"product_brand":[1272517],"product_cat":[831418],"product_tag":[1272683,1275178],"class_list":{"0":"post-447472","1":"product","2":"type-product","3":"status-publish","4":"has-post-thumbnail","6":"store-butik24","7":"product_brand-nedis","8":"product_cat-koekkenudstyr","9":"product_tag-koekkenudstyr","10":"product_tag-nedis","11":"pa_maerke-nedis","13":"first","14":"instock","15":"product-type-external"},"_links":{"self":[{"href":"https:\/\/www.pricetornado.com\/da\/wp-json\/wp\/v2\/product\/447472","targetHints":{"allow":["GET"]}}],"collection":[{"href":"https:\/\/www.pricetornado.com\/da\/wp-json\/wp\/v2\/product"}],"about":[{"href":"https:\/\/www.pricetornado.com\/da\/wp-json\/wp\/v2\/types\/product"}],"wp:featuredmedia":[{"embeddable":true,"href":"https:\/\/www.pricetornado.com\/da\/wp-json\/"}],"wp:attachment":[{"href":"https:\/\/www.pricetornado.com\/da\/wp-json\/wp\/v2\/media?parent=447472"}],"wp:term":[{"taxonomy":"store","embeddable":true,"href":"https:\/\/www.pricetornado.com\/da\/wp-json\/wp\/v2\/store?post=447472"},{"taxonomy":"product_brand","embeddable":true,"href":"https:\/\/www.pricetornado.com\/da\/wp-json\/wp\/v2\/product_brand?post=447472"},{"taxonomy":"product_cat","embeddable":true,"href":"https:\/\/www.pricetornado.com\/da\/wp-json\/wp\/v2\/product_cat?post=447472"},{"taxonomy":"product_tag","embeddable":true,"href":"https:\/\/www.pricetornado.com\/da\/wp-json\/wp\/v2\/product_tag?post=447472"}],"curies":[{"name":"wp","href":"https:\/\/api.w.org\/{rel}","templated":true}]}}