{"id":447468,"date":"2025-02-24T21:23:46","date_gmt":"2025-02-24T20:23:46","guid":{"rendered":"https:\/\/www.pricetornado.com\/da\/produkt\/philips-hc5632-15-vaskbar-haarklipper-series-5000\/"},"modified":"2026-04-17T02:29:56","modified_gmt":"2026-04-17T00:29:56","slug":"philips-hc5632-15-vaskbar-haarklipper-series-5000","status":"publish","type":"product","link":"https:\/\/www.pricetornado.com\/da\/produkt\/philips-hc5632-15-vaskbar-haarklipper-series-5000\/","title":{"rendered":"Philips HC5632\/15 Vaskbar h\u00e5rklipper series 5000"},"content":{"rendered":"<p>K\u00f8b billig Philips HC5632\/15 Vaskbar h\u00e5rklipper series 5000!<br \/>\nPhilips HC5632\/15 vaskbar h\u00e5rklipper fra Series 5000 sikrer en ensartet og j\u00e6vn klipning takket v\u00e6re avancerede teknologier, der g\u00f8r h\u00e5rklipningen nem og hurtig. Med DualCut-teknologi anvender h\u00e5rklipperen dobbeltsidede sk\u00e6r, som klipper h\u00e5ret to gange hurtigere end almindelige ensidede blade. Trim-n-Flow PRO-teknologien g\u00f8r, at det afklippede h\u00e5r flyder v\u00e6k fra klingen, s\u00e5 h\u00e5r ikke s\u00e6tter sig fast, hvilket giver en glidende og effektiv klipning uden afbrydelser.H\u00e5rklipperen garanterer maksimal pr\u00e6cision takket v\u00e6re sine rustfrie, selvslibende sk\u00e6r, der er designet til lang holdbarhed og konstant skarphed. Med det praktiske zoom-hjul kan du nemt v\u00e6lge mellem 28 forskellige l\u00e6ngdeindstillinger fra 0,5 til 28 mm, hvilket giver dig stor fleksibilitet til at skabe din \u00f8nskede frisure.Philips HC5632\/15 h\u00e5rklipperen er genopladelig og giver op til 90 minutters ledningsfri brug efter kun \u00e9n times opladning. Turbo-tilstand giver ekstra kraft, s\u00e5 du ubesv\u00e6ret kan klippe selv tykkere h\u00e5r. Det ergonomiske design med tekstureret greb sikrer maksimal komfort og kontrol under brug, og det \u00f8ger samtidig sikkerheden.Den 100 % vaskbare konstruktion betyder, at du let kan reng\u00f8re h\u00e5rklipperen under rindende vand, hvilket g\u00f8r vedligeholdelsen problemfri. H\u00e5rklipperen har en robust opbygning, og de rustfrie, selvslibende sk\u00e6r er med til at sikre lang levetid og h\u00f8j ydeevne over tid.Oplev hvor nemt det kan v\u00e6re at klippe h\u00e5r derhjemme med Philips HC5632\/15 h\u00e5rklipper fra Series 5000. Se hele udvalget af produkter hos Butik24.<\/p>\n<p>Sammenlign priser p\u00e5 Philips HC5632\/15 Vaskbar h\u00e5rklipper series 5000 og k\u00f8b online til den billigste pris, samt p\u00e5 tilbud!\u00a0\u00a0Tjek den bedste pris, produkt beskrivelse, video, test, anmeldelser osv.<\/p>\n<p><strong>Brand: <\/strong>Philips<br \/>\n<strong>EAN: <\/strong>8710103914839<br \/>\n<strong>Producentens varenr.:<\/strong> 8710103914839<\/p>\n<p><strong>P.S.<\/strong><br \/>\nTilmeld dig til &#8220;Opret Gratis Prisfald Alarm&#8221;, og bliv underrettet med det samme om prisfald p\u00e5 Philips HC5632\/15 Vaskbar h\u00e5rklipper series 5000, og f\u00e5 den billigste pris!<\/p>\n<p>&nbsp;<\/p>\n<p>&nbsp;<\/p>\n","protected":false},"excerpt":{"rendered":"<p>K\u00f8b billig Philips HC5632\/15 Vaskbar h\u00e5rklipper series 5000! Philips HC5632\/15 vaskbar h\u00e5rklipper fra Series 5000 sikrer en ensartet og j\u00e6vn klipning takket v\u00e6re avancerede teknologier, der g\u00f8r h\u00e5rklipningen nem og hurtig. Med DualCut-teknologi anvender h\u00e5rklipperen dobbeltsidede sk\u00e6r, som klipper h\u00e5ret to gange hurtigere end almindelige ensidede blade. Trim-n-Flow PRO-teknologien g\u00f8r, at det afklippede h\u00e5r flyder [&hellip;]<\/p>\n","protected":false},"featured_media":999980000004474680,"template":"","meta":[],"store":[1272516],"product_brand":[1272519],"product_cat":[1272429,1272413],"product_tag":[1272711,1272706,1275180],"class_list":{"0":"post-447468","1":"product","2":"type-product","3":"status-publish","4":"has-post-thumbnail","6":"store-butik24","7":"product_brand-philips","8":"product_cat-maend-personlig-pleje","9":"product_cat-personlig-pleje","10":"product_tag-maend","11":"product_tag-personlig-pleje","12":"product_tag-philips","13":"pa_maerke-philips","15":"first","16":"instock","17":"product-type-external"},"_links":{"self":[{"href":"https:\/\/www.pricetornado.com\/da\/wp-json\/wp\/v2\/product\/447468","targetHints":{"allow":["GET"]}}],"collection":[{"href":"https:\/\/www.pricetornado.com\/da\/wp-json\/wp\/v2\/product"}],"about":[{"href":"https:\/\/www.pricetornado.com\/da\/wp-json\/wp\/v2\/types\/product"}],"wp:featuredmedia":[{"embeddable":true,"href":"https:\/\/www.pricetornado.com\/da\/wp-json\/"}],"wp:attachment":[{"href":"https:\/\/www.pricetornado.com\/da\/wp-json\/wp\/v2\/media?parent=447468"}],"wp:term":[{"taxonomy":"store","embeddable":true,"href":"https:\/\/www.pricetornado.com\/da\/wp-json\/wp\/v2\/store?post=447468"},{"taxonomy":"product_brand","embeddable":true,"href":"https:\/\/www.pricetornado.com\/da\/wp-json\/wp\/v2\/product_brand?post=447468"},{"taxonomy":"product_cat","embeddable":true,"href":"https:\/\/www.pricetornado.com\/da\/wp-json\/wp\/v2\/product_cat?post=447468"},{"taxonomy":"product_tag","embeddable":true,"href":"https:\/\/www.pricetornado.com\/da\/wp-json\/wp\/v2\/product_tag?post=447468"}],"curies":[{"name":"wp","href":"https:\/\/api.w.org\/{rel}","templated":true}]}}