{"id":447465,"date":"2025-02-20T19:13:54","date_gmt":"2025-02-20T18:13:54","guid":{"rendered":"https:\/\/www.pricetornado.com\/da\/produkt\/philips-kaffemaskine-series-3000-hd7411-00\/"},"modified":"2026-04-17T02:10:09","modified_gmt":"2026-04-17T00:10:09","slug":"philips-kaffemaskine-series-3000-hd7411-00","status":"publish","type":"product","link":"https:\/\/www.pricetornado.com\/da\/produkt\/philips-kaffemaskine-series-3000-hd7411-00\/","title":{"rendered":"Philips kaffemaskine series 3000 &#8211; HD7411\/00"},"content":{"rendered":"<p>K\u00f8b billig Philips kaffemaskine series 3000 &#8211; HD7411\/00!<br \/>\nStart dagen med friskbrygget kaffe pr\u00e6cis som du \u00f8nsker det med Philips Series 3000 kaffemaskine. Denne drypkaffemaskine kombinerer stor kapacitet, effektivitet og brugervenlige funktioner, s\u00e5 du kan nyde op til 10 kopper aromatisk kaffe ad gangen.Kaffemaskinen har en holdbar 1,25 liters glaskande, som sikrer god varmebevaring under brygning og servering. Med en 1,38 liters vandtank og en tydelig vandstandsindikator f\u00e5r du nem og pr\u00e6cis dosering til hver brygning.Drypstop-system giver dig mulighed for at h\u00e6lde kaffe op midt under brygningen uden at spilde.Permanente filter eliminerer behovet for papirfiltre og sikrer en stabil kaffesmag \u2013 nemt og milj\u00f8venligt.Varmholdningstilstand holder kaffen varm ved mindst 76 \u00b0C i op til 30 minutter, s\u00e5 du kan nyde varm kaffe l\u00e6ngere.Automatisk sikkerhedsslukning slukker maskinen automatisk efter 30 minutter i varmholdningstilstand for \u00f8get sikkerhed og lavere energiforbrug.Philips Series 3000 kaffemaskinen er fremstillet prim\u00e6rt af plast og har en effekt p\u00e5 915\u20131080 watt, hvilket sikrer hurtig og effektiv kaffebrygning uden un\u00f8dvendigt energiforbrug. Med det permanente filter og den let afl\u00e6selige vandstandsindikator er det nemt at opn\u00e5 perfekt brygget kaffe \u2013 hver gang.V\u00e6lg Philips Series 3000 kaffemaskinen for en praktisk, sikker og p\u00e5lidelig kaffel\u00f8sning til daglig brug. Se hele vores udvalg af for at finde den perfekte model til dit behov.<\/p>\n<p>Sammenlign priser p\u00e5 Philips kaffemaskine series 3000 &#8211; HD7411\/00 og k\u00f8b online til den billigste pris, samt p\u00e5 tilbud!\u00a0\u00a0Tjek den bedste pris, produkt beskrivelse, video, test, anmeldelser osv.<\/p>\n<p><strong>Brand: <\/strong>Philips<br \/>\n<strong>EAN: <\/strong>8720389041228<br \/>\n<strong>Producentens varenr.:<\/strong> 8720389041228<\/p>\n<p><strong>P.S.<\/strong><br \/>\nTilmeld dig til &#8220;Opret Gratis Prisfald Alarm&#8221;, og bliv underrettet med det samme om prisfald p\u00e5 Philips kaffemaskine series 3000 &#8211; HD7411\/00, og f\u00e5 den billigste pris!<\/p>\n<p>&nbsp;<\/p>\n<p>&nbsp;<\/p>\n","protected":false},"excerpt":{"rendered":"<p>K\u00f8b billig Philips kaffemaskine series 3000 &#8211; HD7411\/00! Start dagen med friskbrygget kaffe pr\u00e6cis som du \u00f8nsker det med Philips Series 3000 kaffemaskine. Denne drypkaffemaskine kombinerer stor kapacitet, effektivitet og brugervenlige funktioner, s\u00e5 du kan nyde op til 10 kopper aromatisk kaffe ad gangen.Kaffemaskinen har en holdbar 1,25 liters glaskande, som sikrer god varmebevaring under [&hellip;]<\/p>\n","protected":false},"featured_media":999980000004474650,"template":"","meta":[],"store":[1272516],"product_brand":[1272519],"product_cat":[855237],"product_tag":[1272770,1275180],"class_list":{"0":"post-447465","1":"product","2":"type-product","3":"status-publish","4":"has-post-thumbnail","6":"store-butik24","7":"product_brand-philips","8":"product_cat-kaffemaskiner","9":"product_tag-kaffemaskiner","10":"product_tag-philips","11":"pa_maerke-philips","13":"first","14":"instock","15":"product-type-external"},"_links":{"self":[{"href":"https:\/\/www.pricetornado.com\/da\/wp-json\/wp\/v2\/product\/447465","targetHints":{"allow":["GET"]}}],"collection":[{"href":"https:\/\/www.pricetornado.com\/da\/wp-json\/wp\/v2\/product"}],"about":[{"href":"https:\/\/www.pricetornado.com\/da\/wp-json\/wp\/v2\/types\/product"}],"wp:featuredmedia":[{"embeddable":true,"href":"https:\/\/www.pricetornado.com\/da\/wp-json\/"}],"wp:attachment":[{"href":"https:\/\/www.pricetornado.com\/da\/wp-json\/wp\/v2\/media?parent=447465"}],"wp:term":[{"taxonomy":"store","embeddable":true,"href":"https:\/\/www.pricetornado.com\/da\/wp-json\/wp\/v2\/store?post=447465"},{"taxonomy":"product_brand","embeddable":true,"href":"https:\/\/www.pricetornado.com\/da\/wp-json\/wp\/v2\/product_brand?post=447465"},{"taxonomy":"product_cat","embeddable":true,"href":"https:\/\/www.pricetornado.com\/da\/wp-json\/wp\/v2\/product_cat?post=447465"},{"taxonomy":"product_tag","embeddable":true,"href":"https:\/\/www.pricetornado.com\/da\/wp-json\/wp\/v2\/product_tag?post=447465"}],"curies":[{"name":"wp","href":"https:\/\/api.w.org\/{rel}","templated":true}]}}