{"id":447463,"date":"2025-02-23T17:13:54","date_gmt":"2025-02-23T16:13:54","guid":{"rendered":"https:\/\/www.pricetornado.com\/da\/produkt\/philips-avent-scy966-02-natural-response-sut-flow-6-6-maaneder-2-pak\/"},"modified":"2026-04-17T10:39:58","modified_gmt":"2026-04-17T08:39:58","slug":"philips-avent-scy966-02-natural-response-sut-flow-6-6-maaneder-2-pak","status":"publish","type":"product","link":"https:\/\/www.pricetornado.com\/da\/produkt\/philips-avent-scy966-02-natural-response-sut-flow-6-6-maaneder-2-pak\/","title":{"rendered":"Philips Avent SCY966\/02 Natural Response sut Flow 6 +6 m\u00e5neder 2-pak"},"content":{"rendered":"<p>K\u00f8b billig Philips Avent SCY966\/02 Natural Response sut Flow 6 +6 m\u00e5neder 2-pak!<br \/>\nPhilips Avent Natural Response sutten er udviklet til at underst\u00f8tte babyens naturlige drikke- og sutteteknik. Sutten frigiver kun m\u00e6lk, n\u00e5r babyen drikker aktivt, s\u00e5 din baby kan drikke, synke og tr\u00e6kke vejret i en naturlig rytme, pr\u00e6cis som ved amning. Det g\u00f8r det nemt at kombinere bryst og sutteflaske, s\u00e5 overgangen bliver tryg og intuitiv for b\u00e5de dig og din baby.Brystformet, bred og bl\u00f8d silikone-sut fremmer naturligt greb og g\u00f8r det nemt for babyen at tage fat.Sutten frigiver kun m\u00e6lk, n\u00e5r babyen suger aktivt, hvilket efterligner amning og hj\u00e6lper med at st\u00f8tte babyens egen rytme.Flow 6 \u2013 specielt udviklet til babyer fra 6 til 12 m\u00e5neder, s\u00e5 du kan v\u00e6lge det optimale flow til dit barns alder og behov.Anti-kolik ventil leder luft v\u00e6k fra babyens mave og hj\u00e6lper med at reducere kolik og ubehag.Drypfri design forhindrer spild og tab af m\u00e6lk, s\u00e5 fodring bliver mindre rodet.Fremstillet af BPA-fri silikone i overensstemmelse med EU&apos;s forordning 10\/2011 for maksimal tryghed og sikkerhed.Kompatibel med Philips Avent Natural flasker for nem samling og reng\u00f8ring.Milj\u00f8venlig papiremballage reducerer plastforbruget og fossilt br\u00e6ndstof betragteligt, da emballagen er 100% ansvarligt indk\u00f8bt.Det er normalt, at babyen skal v\u00e6nne sig til den nye sut \u2014 v\u00e6r t\u00e5lmodig, mens tilpasningen sker. V\u00e6lg den rette gennemstr\u00f8mningshastighed, s\u00e5 fodringen matcher din babys behov.Philips Avent Natural Response sutten g\u00f8r det enkelt og sikkert at kombinere amning og flaske. Se ogs\u00e5 vores udvalg af , der g\u00f8r hverdagen lettere og mere komfortabel for hele familien.<\/p>\n<p>Sammenlign priser p\u00e5 Philips Avent SCY966\/02 Natural Response sut Flow 6 +6 m\u00e5neder 2-pak og k\u00f8b online til den billigste pris, samt p\u00e5 tilbud!\u00a0\u00a0Tjek den bedste pris, produkt beskrivelse, video, test, anmeldelser osv.<\/p>\n<p><strong>Brand: <\/strong>Philips<br \/>\n<strong>EAN: <\/strong>8710103985181<br \/>\n<strong>Producentens varenr.:<\/strong> 8710103985181<\/p>\n<p><strong>P.S.<\/strong><br \/>\nTilmeld dig til &#8220;Opret Gratis Prisfald Alarm&#8221;, og bliv underrettet med det samme om prisfald p\u00e5 Philips Avent SCY966\/02 Natural Response sut Flow 6 +6 m\u00e5neder 2-pak, og f\u00e5 den billigste pris!<\/p>\n<p>&nbsp;<\/p>\n<p>&nbsp;<\/p>\n","protected":false},"excerpt":{"rendered":"<p>K\u00f8b billig Philips Avent SCY966\/02 Natural Response sut Flow 6 +6 m\u00e5neder 2-pak! Philips Avent Natural Response sutten er udviklet til at underst\u00f8tte babyens naturlige drikke- og sutteteknik. Sutten frigiver kun m\u00e6lk, n\u00e5r babyen drikker aktivt, s\u00e5 din baby kan drikke, synke og tr\u00e6kke vejret i en naturlig rytme, pr\u00e6cis som ved amning. Det g\u00f8r [&hellip;]<\/p>\n","protected":false},"featured_media":999980000004474630,"template":"","meta":[],"store":[1272516],"product_brand":[1272519],"product_cat":[1272414,1272413],"product_tag":[1272709,1272706,1275180],"class_list":{"0":"post-447463","1":"product","2":"type-product","3":"status-publish","4":"has-post-thumbnail","6":"store-butik24","7":"product_brand-philips","8":"product_cat-baby-personlig-pleje","9":"product_cat-personlig-pleje","10":"product_tag-baby","11":"product_tag-personlig-pleje","12":"product_tag-philips","13":"pa_maerke-philips","15":"first","16":"instock","17":"product-type-external"},"_links":{"self":[{"href":"https:\/\/www.pricetornado.com\/da\/wp-json\/wp\/v2\/product\/447463","targetHints":{"allow":["GET"]}}],"collection":[{"href":"https:\/\/www.pricetornado.com\/da\/wp-json\/wp\/v2\/product"}],"about":[{"href":"https:\/\/www.pricetornado.com\/da\/wp-json\/wp\/v2\/types\/product"}],"wp:featuredmedia":[{"embeddable":true,"href":"https:\/\/www.pricetornado.com\/da\/wp-json\/"}],"wp:attachment":[{"href":"https:\/\/www.pricetornado.com\/da\/wp-json\/wp\/v2\/media?parent=447463"}],"wp:term":[{"taxonomy":"store","embeddable":true,"href":"https:\/\/www.pricetornado.com\/da\/wp-json\/wp\/v2\/store?post=447463"},{"taxonomy":"product_brand","embeddable":true,"href":"https:\/\/www.pricetornado.com\/da\/wp-json\/wp\/v2\/product_brand?post=447463"},{"taxonomy":"product_cat","embeddable":true,"href":"https:\/\/www.pricetornado.com\/da\/wp-json\/wp\/v2\/product_cat?post=447463"},{"taxonomy":"product_tag","embeddable":true,"href":"https:\/\/www.pricetornado.com\/da\/wp-json\/wp\/v2\/product_tag?post=447463"}],"curies":[{"name":"wp","href":"https:\/\/api.w.org\/{rel}","templated":true}]}}