{"id":447461,"date":"2025-02-20T21:05:57","date_gmt":"2025-02-20T20:05:57","guid":{"rendered":"https:\/\/www.pricetornado.com\/da\/produkt\/nedis-fuldt-traadloese-hovedtelefoner-anc-active-noise-cancelling-bluetooth-maksimal-batteritid-30-timer-touch-control-opladningsholder-traadloes-opladningsetui-indbygget-mikr\/"},"modified":"2026-04-08T01:45:10","modified_gmt":"2026-04-07T23:45:10","slug":"nedis-fuldt-traadloese-hovedtelefoner-anc-active-noise-cancelling-bluetooth-maksimal-batteritid-30-timer-touch-control-opladningsholder-traadloes-opladningsetui-indbygget-mikr","status":"publish","type":"product","link":"https:\/\/www.pricetornado.com\/da\/produkt\/nedis-fuldt-traadloese-hovedtelefoner-anc-active-noise-cancelling-bluetooth-maksimal-batteritid-30-timer-touch-control-opladningsholder-traadloes-opladningsetui-indbygget-mikr\/","title":{"rendered":"Nedis &#8211; Fuldt Tr\u00e5dl\u00f8se hovedtelefoner | ANC (Active Noise Cancelling) | Bluetooth\u00ae | Maksimal batteritid: 30 timer | Touch Control | Opladningsholder | Tr\u00e5dl\u00f8s opladningsetui | Indbygget mikrofon | Underst\u00f8tter stemmestyring | Sort &#8211; HPBT2450BK"},"content":{"rendered":"<p>K\u00f8b billig Nedis &#8211; Fuldt Tr\u00e5dl\u00f8se hovedtelefoner | ANC (Active Noise Cancelling) | Bluetooth\u00ae | Maksimal batteritid: 30 timer | Touch Control | Opladningsholder | Tr\u00e5dl\u00f8s opladningsetui | Indbygget mikrofon | Underst\u00f8tter stemmestyring | Sort &#8211; HPBT2450BK!<br \/>\nOplev fremtidens lyd med Nedis fuldt tr\u00e5dl\u00f8se ANC-\u00f8retelefoner. Slip for besv\u00e6rligt kabelrod og nyd frihed takket v\u00e6re et innovativt design, der sikrer ren og tr\u00e5dl\u00f8s musikgl\u00e6de. Med Active Noise Cancelling kan du fordybe dig i krystalklar musik og uforstyrrede opkald, da funktionen effektivt reducerer baggrundsst\u00f8j og giver en renere lydoplevelse.Med op til 30 timers total spilletid f\u00e5r du non-stop mulighed for at nyde din yndlingsmusik eller foretage opkald. Opladningsetuiet, fremstillet i let og slidst\u00e6rkt ABS-materiale, giver hele fire ekstra fulde opladninger og g\u00f8r det nemt at oplade \u00f8retelefonerne. En fuld opladning tager kun cirka 2 timer og giver op til 6 timers kontinuerligt brug.Udstyret med Bluetooth\u00ae 5.3-teknologi opn\u00e5r du en stabil, hurtig og interferensfri forbindelse til dine enheder. De integrerede touch controls g\u00f8r det nemt at styre musik, opkald og aktivere stemmestyring direkte p\u00e5 \u00f8retelefonerne, mens den indbyggede mikrofon sikrer h\u00e5ndfri samtaler med klar lyd.\u00d8retelefonerne er designet med fokus p\u00e5 komfort og leveres med \u00f8repropper i st\u00f8rrelserne S, M og L, s\u00e5 du kan finde den perfekte pasform. Det ergonomiske design g\u00f8r dem velegnede til langvarig brug.Bluetooth\u00ae 5.3 sikrer stabil og hurtig forbindelseGiv din lydoplevelse et l\u00f8ft med de fuldt tr\u00e5dl\u00f8se ANC-\u00f8retelefoner fra Nedis \u2013 hvor innovativ teknologi m\u00f8der uds\u00f8gt lydkvalitet.<\/p>\n<p>Sammenlign priser p\u00e5 Nedis &#8211; Fuldt Tr\u00e5dl\u00f8se hovedtelefoner | ANC (Active Noise Cancelling) | Bluetooth\u00ae | Maksimal batteritid: 30 timer | Touch Control | Opladningsholder | Tr\u00e5dl\u00f8s opladningsetui | Indbygget mikrofon | Underst\u00f8tter stemmestyring | Sort &#8211; HPBT2450BK og k\u00f8b online til den billigste pris, samt p\u00e5 tilbud!\u00a0\u00a0Tjek den bedste pris, produkt beskrivelse, video, test, anmeldelser osv.<\/p>\n<p><strong>Brand: <\/strong>Nedis<br \/>\n<strong>EAN: <\/strong>5412810450404<br \/>\n<strong>Producentens varenr.:<\/strong> 5412810450404<\/p>\n<p><strong>P.S.<\/strong><br \/>\nTilmeld dig til &#8220;Opret Gratis Prisfald Alarm&#8221;, og bliv underrettet med det samme om prisfald p\u00e5 Nedis &#8211; Fuldt Tr\u00e5dl\u00f8se hovedtelefoner | ANC (Active Noise Cancelling) | Bluetooth\u00ae | Maksimal batteritid: 30 timer | Touch Control | Opladningsholder | Tr\u00e5dl\u00f8s opladningsetui | Indbygget mikrofon | Underst\u00f8tter stemmestyring | Sort &#8211; HPBT2450BK, og f\u00e5 den billigste pris!<\/p>\n<p>&nbsp;<\/p>\n<p>&nbsp;<\/p>\n","protected":false},"excerpt":{"rendered":"<p>K\u00f8b billig Nedis &#8211; Fuldt Tr\u00e5dl\u00f8se hovedtelefoner | ANC (Active Noise Cancelling) | Bluetooth\u00ae | Maksimal batteritid: 30 timer | Touch Control | Opladningsholder | Tr\u00e5dl\u00f8s opladningsetui | Indbygget mikrofon | Underst\u00f8tter stemmestyring | Sort &#8211; HPBT2450BK! Oplev fremtidens lyd med Nedis fuldt tr\u00e5dl\u00f8se ANC-\u00f8retelefoner. Slip for besv\u00e6rligt kabelrod og nyd frihed takket v\u00e6re et [&hellip;]<\/p>\n","protected":false},"featured_media":0,"template":"","meta":[],"store":[1272516],"product_brand":[1272517],"product_cat":[1272434],"product_tag":[1272843,1275178],"class_list":{"0":"post-447461","1":"product","2":"type-product","3":"status-publish","5":"store-butik24","6":"product_brand-nedis","7":"product_cat-hovedtelefoner","8":"product_tag-hovedtelefoner","9":"product_tag-nedis","10":"pa_maerke-nedis","12":"first","13":"instock","14":"product-type-external"},"_links":{"self":[{"href":"https:\/\/www.pricetornado.com\/da\/wp-json\/wp\/v2\/product\/447461","targetHints":{"allow":["GET"]}}],"collection":[{"href":"https:\/\/www.pricetornado.com\/da\/wp-json\/wp\/v2\/product"}],"about":[{"href":"https:\/\/www.pricetornado.com\/da\/wp-json\/wp\/v2\/types\/product"}],"wp:attachment":[{"href":"https:\/\/www.pricetornado.com\/da\/wp-json\/wp\/v2\/media?parent=447461"}],"wp:term":[{"taxonomy":"store","embeddable":true,"href":"https:\/\/www.pricetornado.com\/da\/wp-json\/wp\/v2\/store?post=447461"},{"taxonomy":"product_brand","embeddable":true,"href":"https:\/\/www.pricetornado.com\/da\/wp-json\/wp\/v2\/product_brand?post=447461"},{"taxonomy":"product_cat","embeddable":true,"href":"https:\/\/www.pricetornado.com\/da\/wp-json\/wp\/v2\/product_cat?post=447461"},{"taxonomy":"product_tag","embeddable":true,"href":"https:\/\/www.pricetornado.com\/da\/wp-json\/wp\/v2\/product_tag?post=447461"}],"curies":[{"name":"wp","href":"https:\/\/api.w.org\/{rel}","templated":true}]}}